{"id":99,"date":"2022-01-07T17:45:50","date_gmt":"2022-01-07T16:45:50","guid":{"rendered":"http:\/\/radcaprawnysikora.pl\/?page_id=99"},"modified":"2022-05-09T13:27:23","modified_gmt":"2022-05-09T11:27:23","slug":"koszty-opieki-2","status":"publish","type":"page","link":"http:\/\/radcaprawnysikora.pl\/?page_id=99","title":{"rendered":"Koszty opieki"},"content":{"rendered":"\t\t<div data-elementor-type=\"wp-page\" data-elementor-id=\"99\" class=\"elementor elementor-99\">\n\t\t\t\t\t\t<section class=\"elementor-section elementor-top-section elementor-element elementor-element-6712afd elementor-section-boxed elementor-section-height-default elementor-section-height-default\" data-id=\"6712afd\" data-element_type=\"section\">\n\t\t\t\t\t\t<div class=\"elementor-container elementor-column-gap-default\">\n\t\t\t\t\t<div class=\"elementor-column elementor-col-25 elementor-top-column elementor-element elementor-element-2f88449\" data-id=\"2f88449\" data-element_type=\"column\">\n\t\t\t<div class=\"elementor-widget-wrap elementor-element-populated\">\n\t\t\t\t\t\t<div class=\"elementor-element elementor-element-b72628f elementor-widget elementor-widget-text-editor\" data-id=\"b72628f\" data-element_type=\"widget\" data-widget_type=\"text-editor.default\">\n\t\t\t\t<div class=\"elementor-widget-container\">\n\t\t\t\t\t\t\t\t\t<p><strong>Kancelaria Radcy Prawnego<\/strong><\/p>\t\t\t\t\t\t\t\t<\/div>\n\t\t\t\t<\/div>\n\t\t\t\t\t<\/div>\n\t\t<\/div>\n\t\t\t\t<div class=\"elementor-column elementor-col-25 elementor-top-column elementor-element elementor-element-972ad82\" data-id=\"972ad82\" data-element_type=\"column\">\n\t\t\t<div class=\"elementor-widget-wrap elementor-element-populated\">\n\t\t\t\t\t\t<div class=\"elementor-element elementor-element-63ffcaf elementor-widget elementor-widget-text-editor\" data-id=\"63ffcaf\" data-element_type=\"widget\" data-widget_type=\"text-editor.default\">\n\t\t\t\t<div class=\"elementor-widget-container\">\n\t\t\t\t\t\t\t\t\t<p><strong>Ma\u0142gorzata Sikora<\/strong><\/p>\t\t\t\t\t\t\t\t<\/div>\n\t\t\t\t<\/div>\n\t\t\t\t\t<\/div>\n\t\t<\/div>\n\t\t\t\t<div class=\"elementor-column elementor-col-25 elementor-top-column elementor-element elementor-element-bda7b00\" data-id=\"bda7b00\" data-element_type=\"column\">\n\t\t\t<div class=\"elementor-widget-wrap elementor-element-populated\">\n\t\t\t\t\t\t<div class=\"elementor-element elementor-element-7609c43 elementor-widget elementor-widget-text-editor\" data-id=\"7609c43\" data-element_type=\"widget\" data-widget_type=\"text-editor.default\">\n\t\t\t\t<div class=\"elementor-widget-container\">\n\t\t\t\t\t\t\t\t\t<p><strong>T: +48 668 24 28 40<\/strong><\/p>\t\t\t\t\t\t\t\t<\/div>\n\t\t\t\t<\/div>\n\t\t\t\t\t<\/div>\n\t\t<\/div>\n\t\t\t\t<div class=\"elementor-column elementor-col-25 elementor-top-column elementor-element elementor-element-b11cbfd\" data-id=\"b11cbfd\" data-element_type=\"column\">\n\t\t\t<div class=\"elementor-widget-wrap elementor-element-populated\">\n\t\t\t\t\t\t<div class=\"elementor-element elementor-element-9a1a0f8 elementor-widget elementor-widget-text-editor\" data-id=\"9a1a0f8\" data-element_type=\"widget\" data-widget_type=\"text-editor.default\">\n\t\t\t\t<div class=\"elementor-widget-container\">\n\t\t\t\t\t\t\t\t\t<p><strong>e-mail: kancelaria@radcaprawnysikora.pl<\/strong><\/p>\t\t\t\t\t\t\t\t<\/div>\n\t\t\t\t<\/div>\n\t\t\t\t\t<\/div>\n\t\t<\/div>\n\t\t\t\t\t<\/div>\n\t\t<\/section>\n\t\t\t\t<section class=\"elementor-section elementor-top-section elementor-element elementor-element-fd3d84a elementor-section-boxed elementor-section-height-default elementor-section-height-default\" data-id=\"fd3d84a\" data-element_type=\"section\">\n\t\t\t\t\t\t<div class=\"elementor-container elementor-column-gap-default\">\n\t\t\t\t\t<div class=\"elementor-column elementor-col-100 elementor-top-column elementor-element elementor-element-12a991f\" data-id=\"12a991f\" data-element_type=\"column\">\n\t\t\t<div class=\"elementor-widget-wrap elementor-element-populated\">\n\t\t\t\t\t\t<div class=\"elementor-element elementor-element-5f0c784 elementor-widget elementor-widget-text-editor\" data-id=\"5f0c784\" data-element_type=\"widget\" data-widget_type=\"text-editor.default\">\n\t\t\t\t<div class=\"elementor-widget-container\">\n\t\t\t\t\t\t\t\t\t<p><strong>Koszty opieki<\/strong><\/p><p>Wypadek mo\u017ce skomplikowa\u0107 nawet najprostsze czynno\u015bci \u017cycia codziennego. Ograniczona zostaje sprawno\u015b\u0107 fizyczna i Poszkodowany musi liczy\u0107 na pomoc innych os\u00f3b. Pomoc ta mo\u017ce objawia\u0107 si\u0119 na r\u00f3\u017cne sposoby, mo\u017ce by\u0107 to pomoc przy wykonywaniu czynno\u015bci higienicznych, przygotowywaniu posi\u0142k\u00f3w i karmieniu, sprz\u0105taniu, robieniu zakup\u00f3w i przej\u0119cie przez inn\u0105 osob\u0119 pozosta\u0142ych czynno\u015bci, kt\u00f3rych Poszkodowany nie jest w stanie samodzielnie wykona\u0107. Opieka mo\u017ce by\u0107 sprawowana nie tylko nad samym poszkodowanym, ale tak\u017ce nad innymi osobami, np. opieka nad dzie\u0107mi samotnej matki, kt\u00f3ra ucierpia\u0142a w wypadku, a nawet nad zwierz\u0119tami np. je\u015bli poszkodowany ma psa i ze wzgl\u0119du na stan zdrowia nie mo\u017ce go wyprowadza\u0107 na spacery. <strong>Koszty poniesione na opiek\u0119<\/strong> powinny by\u0107 uzasadnione i wyliczone, a je\u015bli opieka by\u0142a wykonywana przez profesjonalist\u00f3w nale\u017cy tak\u017ce zachowa\u0107 faktur\u0119 lub rachunek, aby udokumentowa\u0107 ubezpieczycielowi poniesione koszty. Niestety ubezpieczyciele bardzo cz\u0119sto odmawiaj\u0105 tego odszkodowania, dlatego warto odwo\u0142a\u0107 si\u0119 od niekorzystnej decyzji. Je\u015bli nie wiesz jak to zrobi\u0107 skorzystaj z pomocy kancelarii prawnej we Wroc\u0142awiu, kt\u00f3ra specjalizuje si\u0119 w dochodzeniu odszkodowa\u0144.<\/p><p>\u00a0<\/p><p>\u00a0<\/p><p>\u00a0<\/p>\t\t\t\t\t\t\t\t<\/div>\n\t\t\t\t<\/div>\n\t\t\t\t\t<\/div>\n\t\t<\/div>\n\t\t\t\t\t<\/div>\n\t\t<\/section>\n\t\t\t\t<\/div>\n\t\t","protected":false},"excerpt":{"rendered":"<p>Kancelaria Radcy Prawnego Ma\u0142gorzata Sikora T: +48 668 24 28 40 e-mail: kancelaria@radcaprawnysikora.pl Koszty opieki Wypadek mo\u017ce skomplikowa\u0107 nawet najprostsze czynno\u015bci \u017cycia codziennego. Ograniczona zostaje sprawno\u015b\u0107 fizyczna i Poszkodowany musi liczy\u0107 na pomoc innych os\u00f3b. Pomoc ta mo\u017ce objawia\u0107 si\u0119 na r\u00f3\u017cne sposoby, mo\u017ce by\u0107 to pomoc przy wykonywaniu czynno\u015bci higienicznych, przygotowywaniu posi\u0142k\u00f3w i karmieniu, [&hellip;]<\/p>\n","protected":false},"author":1,"featured_media":0,"parent":0,"menu_order":0,"comment_status":"closed","ping_status":"closed","template":"elementor_header_footer","meta":{"footnotes":""},"class_list":["post-99","page","type-page","status-publish","hentry","entry"],"_links":{"self":[{"href":"http:\/\/radcaprawnysikora.pl\/index.php?rest_route=\/wp\/v2\/pages\/99","targetHints":{"allow":["GET"]}}],"collection":[{"href":"http:\/\/radcaprawnysikora.pl\/index.php?rest_route=\/wp\/v2\/pages"}],"about":[{"href":"http:\/\/radcaprawnysikora.pl\/index.php?rest_route=\/wp\/v2\/types\/page"}],"author":[{"embeddable":true,"href":"http:\/\/radcaprawnysikora.pl\/index.php?rest_route=\/wp\/v2\/users\/1"}],"replies":[{"embeddable":true,"href":"http:\/\/radcaprawnysikora.pl\/index.php?rest_route=%2Fwp%2Fv2%2Fcomments&post=99"}],"version-history":[{"count":12,"href":"http:\/\/radcaprawnysikora.pl\/index.php?rest_route=\/wp\/v2\/pages\/99\/revisions"}],"predecessor-version":[{"id":409,"href":"http:\/\/radcaprawnysikora.pl\/index.php?rest_route=\/wp\/v2\/pages\/99\/revisions\/409"}],"wp:attachment":[{"href":"http:\/\/radcaprawnysikora.pl\/index.php?rest_route=%2Fwp%2Fv2%2Fmedia&parent=99"}],"curies":[{"name":"wp","href":"https:\/\/api.w.org\/{rel}","templated":true}]}}