{"id":75,"date":"2022-01-07T17:23:36","date_gmt":"2022-01-07T16:23:36","guid":{"rendered":"http:\/\/radcaprawnysikora.pl\/?page_id=75"},"modified":"2022-05-09T13:27:34","modified_gmt":"2022-05-09T11:27:34","slug":"koszty-leczenia-i-rehabilitacji","status":"publish","type":"page","link":"http:\/\/radcaprawnysikora.pl\/?page_id=75","title":{"rendered":"Koszty leczenia i rehabilitacji"},"content":{"rendered":"\t\t<div data-elementor-type=\"wp-page\" data-elementor-id=\"75\" class=\"elementor elementor-75\">\n\t\t\t\t\t\t<section class=\"elementor-section elementor-top-section elementor-element elementor-element-be299c3 elementor-section-boxed elementor-section-height-default elementor-section-height-default\" data-id=\"be299c3\" data-element_type=\"section\">\n\t\t\t\t\t\t<div class=\"elementor-container elementor-column-gap-default\">\n\t\t\t\t\t<div class=\"elementor-column elementor-col-25 elementor-top-column elementor-element elementor-element-a6a1a1b\" data-id=\"a6a1a1b\" data-element_type=\"column\">\n\t\t\t<div class=\"elementor-widget-wrap elementor-element-populated\">\n\t\t\t\t\t\t<div class=\"elementor-element elementor-element-02c0fce elementor-widget elementor-widget-text-editor\" data-id=\"02c0fce\" data-element_type=\"widget\" data-widget_type=\"text-editor.default\">\n\t\t\t\t<div class=\"elementor-widget-container\">\n\t\t\t\t\t\t\t\t\t<p><strong>Kancelaria Radcy Prawnego<\/strong><\/p>\t\t\t\t\t\t\t\t<\/div>\n\t\t\t\t<\/div>\n\t\t\t\t\t<\/div>\n\t\t<\/div>\n\t\t\t\t<div class=\"elementor-column elementor-col-25 elementor-top-column elementor-element elementor-element-7903d8c\" data-id=\"7903d8c\" data-element_type=\"column\">\n\t\t\t<div class=\"elementor-widget-wrap elementor-element-populated\">\n\t\t\t\t\t\t<div class=\"elementor-element elementor-element-10303ec elementor-widget elementor-widget-text-editor\" data-id=\"10303ec\" data-element_type=\"widget\" data-widget_type=\"text-editor.default\">\n\t\t\t\t<div class=\"elementor-widget-container\">\n\t\t\t\t\t\t\t\t\t<p><strong>Ma\u0142gorzata Sikora<\/strong><\/p>\t\t\t\t\t\t\t\t<\/div>\n\t\t\t\t<\/div>\n\t\t\t\t\t<\/div>\n\t\t<\/div>\n\t\t\t\t<div class=\"elementor-column elementor-col-25 elementor-top-column elementor-element elementor-element-efc583e\" data-id=\"efc583e\" data-element_type=\"column\">\n\t\t\t<div class=\"elementor-widget-wrap elementor-element-populated\">\n\t\t\t\t\t\t<div class=\"elementor-element elementor-element-765e1e6 elementor-widget elementor-widget-text-editor\" data-id=\"765e1e6\" data-element_type=\"widget\" data-widget_type=\"text-editor.default\">\n\t\t\t\t<div class=\"elementor-widget-container\">\n\t\t\t\t\t\t\t\t\t<p><strong>T: +48 668 24 28 40<\/strong><\/p>\t\t\t\t\t\t\t\t<\/div>\n\t\t\t\t<\/div>\n\t\t\t\t\t<\/div>\n\t\t<\/div>\n\t\t\t\t<div class=\"elementor-column elementor-col-25 elementor-top-column elementor-element elementor-element-96cc99e\" data-id=\"96cc99e\" data-element_type=\"column\">\n\t\t\t<div class=\"elementor-widget-wrap elementor-element-populated\">\n\t\t\t\t\t\t<div class=\"elementor-element elementor-element-2b0c638 elementor-widget elementor-widget-text-editor\" data-id=\"2b0c638\" data-element_type=\"widget\" data-widget_type=\"text-editor.default\">\n\t\t\t\t<div class=\"elementor-widget-container\">\n\t\t\t\t\t\t\t\t\t<p><strong>e-mail: kancelaria@radcaprawnysikora.pl<\/strong><\/p>\t\t\t\t\t\t\t\t<\/div>\n\t\t\t\t<\/div>\n\t\t\t\t\t<\/div>\n\t\t<\/div>\n\t\t\t\t\t<\/div>\n\t\t<\/section>\n\t\t\t\t<section class=\"elementor-section elementor-top-section elementor-element elementor-element-a237df1 elementor-section-boxed elementor-section-height-default elementor-section-height-default\" data-id=\"a237df1\" data-element_type=\"section\">\n\t\t\t\t\t\t<div class=\"elementor-container elementor-column-gap-default\">\n\t\t\t\t\t<div class=\"elementor-column elementor-col-50 elementor-top-column elementor-element elementor-element-1209ebb\" data-id=\"1209ebb\" data-element_type=\"column\">\n\t\t\t<div class=\"elementor-widget-wrap elementor-element-populated\">\n\t\t\t\t\t\t<div class=\"elementor-element elementor-element-3a85c5b elementor-widget elementor-widget-text-editor\" data-id=\"3a85c5b\" data-element_type=\"widget\" data-widget_type=\"text-editor.default\">\n\t\t\t\t<div class=\"elementor-widget-container\">\n\t\t\t\t\t\t\t\t\t<h2>KOSZTY LECZENIA<\/h2><p>Z ka\u017cd\u0105 szkod\u0105 osobow\u0105 \u0142\u0105czy si\u0119 kr\u00f3tszy lub d\u0142u\u017cszy proces leczenia oraz zwi\u0105zane z nim koszty. Koszty te poch\u0142aniaj\u0105 ogromne kwoty na leki, wizyty u specjalist\u00f3w, \u015brodki opatrunkowe i ortopedyczne, zabiegi operacyjne oraz na rehabilitacje.<\/p><p><strong>Ubezpieczyciele powinni wyp\u0142aci\u0107 odszkodowanie tytu\u0142em zwrotu poniesionych koszt\u00f3w leczenia<\/strong>, jednak bardzo cz\u0119sto podwa\u017caj\u0105 te koszty. Zdarzaj\u0105 si\u0119 tak\u017ce sytuacje, kiedy leczenie jest niezwykle kosztowne, a planowane zabiegi przekraczaj\u0105 finansowe mo\u017cliwo\u015bci Poszkodowanego \u2013 w\u00f3wczas ubezpieczyciel powinien wyp\u0142aci\u0107 z g\u00f3ry kwoty na takie leczenie. W praktyce Poszkodowani nie wiedz\u0105 jakie przys\u0142uguj\u0105 im roszczenia, dlatego warto skorzysta\u0107 z kancelarii odszkodowawczej.<\/p>\t\t\t\t\t\t\t\t<\/div>\n\t\t\t\t<\/div>\n\t\t\t\t\t<\/div>\n\t\t<\/div>\n\t\t\t\t<div class=\"elementor-column elementor-col-50 elementor-top-column elementor-element elementor-element-01e6335\" data-id=\"01e6335\" data-element_type=\"column\">\n\t\t\t<div class=\"elementor-widget-wrap elementor-element-populated\">\n\t\t\t\t\t\t<div class=\"elementor-element elementor-element-8147836 elementor-widget elementor-widget-text-editor\" data-id=\"8147836\" data-element_type=\"widget\" data-widget_type=\"text-editor.default\">\n\t\t\t\t<div class=\"elementor-widget-container\">\n\t\t\t\t\t\t\t\t\t<h2>KOSZTY REHABILITACJI<\/h2>\n<p>\u017bycie z b\u00f3lem i ograniczeniami ruchowymi jest niezwykle trudne i uci\u0105\u017cliwe, dlatego <strong>niemal po ka\u017cdym wypadku Poszkodowani przechodz\u0105 rehabilitacj\u0119<\/strong>, kt\u00f3ra umo\u017cliwia im szybszy powr\u00f3t do zdrowia i aktywno\u015bci \u017cycia codziennego. Firma odszkodowawcza pomo\u017ce odzyska\u0107 odszkodowanie na spokojny powr\u00f3t do zdrowia.<\/p>\n<p>Nie od dzi\u015b wiadomo, \u017ce czas oczekiwania na rehabilitacj\u0119 w ramach publicznej s\u0142u\u017cby zdrowia jest niezwykle d\u0142ugi, dlatego do Ciebie nale\u017cy decyzja czy chcesz przechodzi\u0107 rehabilitacj\u0119 w publicznych palc\u00f3wkach, czy te\u017c wykupisz prywatne zabiegi. Ma to szczeg\u00f3lne znaczenie tu\u017c po zako\u0144czeniu leczenia, kiedy niemo\u017cliwe jest szybkie zorganizowanie w\u0142a\u015bciwej rehabilitacji w ramach oferty publicznej. Kiedy rehabilitacja prywatna jest celowa i uzasadniona, w\u00f3wczas ubezpieczyciel zobowi\u0105zany b\u0119dzie do pokrycia poniesionego kosztu.<\/p>\n\n\n<p><br><\/p>\n<p><br><\/p>\n<p><br><\/p>\t\t\t\t\t\t\t\t<\/div>\n\t\t\t\t<\/div>\n\t\t\t\t\t<\/div>\n\t\t<\/div>\n\t\t\t\t\t<\/div>\n\t\t<\/section>\n\t\t\t\t<\/div>\n\t\t","protected":false},"excerpt":{"rendered":"<p>Kancelaria Radcy Prawnego Ma\u0142gorzata Sikora T: +48 668 24 28 40 e-mail: kancelaria@radcaprawnysikora.pl KOSZTY LECZENIA Z ka\u017cd\u0105 szkod\u0105 osobow\u0105 \u0142\u0105czy si\u0119 kr\u00f3tszy lub d\u0142u\u017cszy proces leczenia oraz zwi\u0105zane z nim koszty. Koszty te poch\u0142aniaj\u0105 ogromne kwoty na leki, wizyty u specjalist\u00f3w, \u015brodki opatrunkowe i ortopedyczne, zabiegi operacyjne oraz na rehabilitacje. Ubezpieczyciele powinni wyp\u0142aci\u0107 odszkodowanie tytu\u0142em [&hellip;]<\/p>\n","protected":false},"author":1,"featured_media":0,"parent":0,"menu_order":0,"comment_status":"closed","ping_status":"closed","template":"elementor_header_footer","meta":{"footnotes":""},"class_list":["post-75","page","type-page","status-publish","hentry","entry"],"_links":{"self":[{"href":"http:\/\/radcaprawnysikora.pl\/index.php?rest_route=\/wp\/v2\/pages\/75","targetHints":{"allow":["GET"]}}],"collection":[{"href":"http:\/\/radcaprawnysikora.pl\/index.php?rest_route=\/wp\/v2\/pages"}],"about":[{"href":"http:\/\/radcaprawnysikora.pl\/index.php?rest_route=\/wp\/v2\/types\/page"}],"author":[{"embeddable":true,"href":"http:\/\/radcaprawnysikora.pl\/index.php?rest_route=\/wp\/v2\/users\/1"}],"replies":[{"embeddable":true,"href":"http:\/\/radcaprawnysikora.pl\/index.php?rest_route=%2Fwp%2Fv2%2Fcomments&post=75"}],"version-history":[{"count":14,"href":"http:\/\/radcaprawnysikora.pl\/index.php?rest_route=\/wp\/v2\/pages\/75\/revisions"}],"predecessor-version":[{"id":410,"href":"http:\/\/radcaprawnysikora.pl\/index.php?rest_route=\/wp\/v2\/pages\/75\/revisions\/410"}],"wp:attachment":[{"href":"http:\/\/radcaprawnysikora.pl\/index.php?rest_route=%2Fwp%2Fv2%2Fmedia&parent=75"}],"curies":[{"name":"wp","href":"https:\/\/api.w.org\/{rel}","templated":true}]}}