{"id":6,"date":"2022-01-03T12:59:25","date_gmt":"2022-01-03T11:59:25","guid":{"rendered":"http:\/\/radcaprawnysikora.pl\/?page_id=6"},"modified":"2026-01-12T17:42:55","modified_gmt":"2026-01-12T16:42:55","slug":"odszkodowania","status":"publish","type":"page","link":"http:\/\/radcaprawnysikora.pl\/?page_id=6","title":{"rendered":"Odszkodowania"},"content":{"rendered":"\t\t<div data-elementor-type=\"wp-page\" data-elementor-id=\"6\" class=\"elementor elementor-6\">\n\t\t\t\t\t\t<section class=\"elementor-section elementor-top-section elementor-element elementor-element-54488ca elementor-section-boxed elementor-section-height-default elementor-section-height-default\" data-id=\"54488ca\" data-element_type=\"section\">\n\t\t\t\t\t\t<div class=\"elementor-container elementor-column-gap-default\">\n\t\t\t\t\t<div class=\"elementor-column elementor-col-25 elementor-top-column elementor-element elementor-element-2846ec0\" data-id=\"2846ec0\" data-element_type=\"column\">\n\t\t\t<div class=\"elementor-widget-wrap elementor-element-populated\">\n\t\t\t\t\t\t<div class=\"elementor-element elementor-element-44c6e93 elementor-widget elementor-widget-text-editor\" data-id=\"44c6e93\" data-element_type=\"widget\" data-widget_type=\"text-editor.default\">\n\t\t\t\t<div class=\"elementor-widget-container\">\n\t\t\t\t\t\t\t\t\t<p><strong>Kancelaria Radcy Prawnego<\/strong><\/p>\t\t\t\t\t\t\t\t<\/div>\n\t\t\t\t<\/div>\n\t\t\t\t\t<\/div>\n\t\t<\/div>\n\t\t\t\t<div class=\"elementor-column elementor-col-25 elementor-top-column elementor-element elementor-element-1bf1ddd\" data-id=\"1bf1ddd\" data-element_type=\"column\">\n\t\t\t<div class=\"elementor-widget-wrap elementor-element-populated\">\n\t\t\t\t\t\t<div class=\"elementor-element elementor-element-51d06fc elementor-widget elementor-widget-text-editor\" data-id=\"51d06fc\" data-element_type=\"widget\" data-widget_type=\"text-editor.default\">\n\t\t\t\t<div class=\"elementor-widget-container\">\n\t\t\t\t\t\t\t\t\t<p><strong>Ma\u0142gorzata Sikora<\/strong><\/p>\t\t\t\t\t\t\t\t<\/div>\n\t\t\t\t<\/div>\n\t\t\t\t\t<\/div>\n\t\t<\/div>\n\t\t\t\t<div class=\"elementor-column elementor-col-25 elementor-top-column elementor-element elementor-element-28ef5f3\" data-id=\"28ef5f3\" data-element_type=\"column\">\n\t\t\t<div class=\"elementor-widget-wrap elementor-element-populated\">\n\t\t\t\t\t\t<div class=\"elementor-element elementor-element-b75363c elementor-widget elementor-widget-text-editor\" data-id=\"b75363c\" data-element_type=\"widget\" data-widget_type=\"text-editor.default\">\n\t\t\t\t<div class=\"elementor-widget-container\">\n\t\t\t\t\t\t\t\t\t<p><strong>T: +48 668 24 28 40<\/strong><\/p>\t\t\t\t\t\t\t\t<\/div>\n\t\t\t\t<\/div>\n\t\t\t\t\t<\/div>\n\t\t<\/div>\n\t\t\t\t<div class=\"elementor-column elementor-col-25 elementor-top-column elementor-element elementor-element-2e9c2b5\" data-id=\"2e9c2b5\" data-element_type=\"column\">\n\t\t\t<div class=\"elementor-widget-wrap elementor-element-populated\">\n\t\t\t\t\t\t<div class=\"elementor-element elementor-element-6d44e0f elementor-widget elementor-widget-text-editor\" data-id=\"6d44e0f\" data-element_type=\"widget\" data-widget_type=\"text-editor.default\">\n\t\t\t\t<div class=\"elementor-widget-container\">\n\t\t\t\t\t\t\t\t\t<p><strong>e-mail: kancelaria@radcaprawnysikora.pl<\/strong><\/p>\t\t\t\t\t\t\t\t<\/div>\n\t\t\t\t<\/div>\n\t\t\t\t\t<\/div>\n\t\t<\/div>\n\t\t\t\t\t<\/div>\n\t\t<\/section>\n\t\t\t\t<section class=\"elementor-section elementor-top-section elementor-element elementor-element-0d04d3f elementor-section-boxed elementor-section-height-default elementor-section-height-default\" data-id=\"0d04d3f\" data-element_type=\"section\">\n\t\t\t\t\t\t<div class=\"elementor-container elementor-column-gap-default\">\n\t\t\t\t\t<div class=\"elementor-column elementor-col-50 elementor-top-column elementor-element elementor-element-6139225\" data-id=\"6139225\" data-element_type=\"column\">\n\t\t\t<div class=\"elementor-widget-wrap elementor-element-populated\">\n\t\t\t\t\t\t<div class=\"elementor-element elementor-element-773f213 elementor-widget elementor-widget-text-editor\" data-id=\"773f213\" data-element_type=\"widget\" data-widget_type=\"text-editor.default\">\n\t\t\t\t<div class=\"elementor-widget-container\">\n\t\t\t\t\t\t\t\t\t<p class=\"my-2 text-base text-foreground leading-6 whitespace-pre-line dark:text-gray-200\"><strong class=\"font-semibold text-base\">Profesjonalna pomoc prawna w zakresie odszkodowa\u0144 \u2013 Kancelaria Radcy Prawnego Wroc\u0142aw<\/strong><\/p>\n<p class=\"my-2 text-base text-foreground leading-6 whitespace-pre-line dark:text-gray-200\">Nasza <strong class=\"font-semibold text-base\">Kancelaria Radcy Prawnego z Wroc\u0142awia<\/strong> specjalizuje si\u0119 w <strong class=\"font-semibold text-base\">dochodzeniu i odzyskiwaniu odszkodowa\u0144<\/strong> dla klient\u00f3w indywidualnych oraz firm z ca\u0142ej Polski. Dzi\u0119ki wieloletniemu do\u015bwiadczeniu skutecznie reprezentujemy naszych Klient\u00f3w w negocjacjach z ubezpieczycielami oraz w post\u0119powaniach s\u0105dowych, d\u0105\u017c\u0105c do uzyskania maksymalnych \u015bwiadcze\u0144.<\/p>\n<h3 class=\"mt-6 font-semibold text-foreground text-xl leading-tight dark:text-gray-100\">Zakres us\u0142ug Kancelarii<\/h3>\n<p class=\"my-2 text-base text-foreground leading-6 whitespace-pre-line dark:text-gray-200\">Pomagamy w sprawach dotycz\u0105cych r\u00f3\u017cnego rodzaju szk\u00f3d, w tym m.in.:<\/p>\n<ul class=\"ml-6 list-disc text-base text-foreground leading-6 py-1 sm:ml-4\">\n<li class=\"text-base text-foreground leading-6 py-1 [&amp;&gt;p]:inline\"><strong class=\"font-semibold text-base\">Szkody osobowe<\/strong> \u2013 wypadki przy pracy, wypadki komunikacyjne, b\u0142\u0119dy medyczne, pokrycie koszt\u00f3w leczenia i rehabilitacji, zado\u015b\u0107uczynienie za \u015bmier\u0107 osoby bliskiej.<\/li>\n<li class=\"text-base text-foreground leading-6 py-1 [&amp;&gt;p]:inline\"><strong class=\"font-semibold text-base\">Szkody komunikacyjne<\/strong> \u2013 dochodzenie odszkodowania z OC sprawcy, autocasco, utrata warto\u015bci pojazdu, rekompensata za brak mo\u017cliwo\u015bci zarobkowych po wypadku.<\/li>\n<li class=\"text-base text-foreground leading-6 py-1 [&amp;&gt;p]:inline\"><strong class=\"font-semibold text-base\">Szkody w mieniu firmowym i prywatnym<\/strong> \u2013 zalania mieszka\u0144, po\u017cary, zniszczenie mienia, odpowiedzialno\u015b\u0107 os\u00f3b trzecich, likwidacja szk\u00f3d z w\u0142asnej polisy.<\/li>\n<\/ul>\n<p class=\"my-2 text-base text-foreground leading-6 whitespace-pre-line dark:text-gray-200\">Prowadzimy r\u00f3wnie\u017c <strong class=\"font-semibold text-base\">analiz\u0119 um\u00f3w ubezpieczeniowych<\/strong>, pomagamy w <strong class=\"font-semibold text-base\">sporz\u0105dzeniu odwo\u0142a\u0144 od decyzji ubezpieczyciela<\/strong> oraz w przygotowaniu pe\u0142nej dokumentacji roszczeniowej.<\/p>\n<h3 class=\"mt-6 font-semibold text-foreground text-xl leading-tight dark:text-gray-100\">Dlaczego warto wybra\u0107 nasz\u0105 Kancelari\u0119?<\/h3>\n<ul class=\"ml-6 list-disc text-base text-foreground leading-6 py-1 sm:ml-4\">\n<li class=\"text-base text-foreground leading-6 py-1 [&amp;&gt;p]:inline\">indywidualne podej\u015bcie do ka\u017cdej sprawy,<\/li>\n<li class=\"text-base text-foreground leading-6 py-1 [&amp;&gt;p]:inline\">do\u015bwiadczenie w skutecznym dochodzeniu odszkodowa\u0144,<\/li>\n<li class=\"text-base text-foreground leading-6 py-1 [&amp;&gt;p]:inline\">kompleksowa obs\u0142uga prawna od etapu zg\u0142oszenia szkody po uzyskanie wyp\u0142aty,<\/li>\n<li class=\"text-base text-foreground leading-6 py-1 [&amp;&gt;p]:inline\">przejrzyste zasady wsp\u00f3\u0142pracy i pe\u0142na informacja o kosztach.<\/li>\n<\/ul>\n<h3 class=\"mt-6 font-semibold text-foreground text-xl leading-tight dark:text-gray-100\">Pomoc prawna w ca\u0142ej Polsce<\/h3>\n<p class=\"my-2 text-base text-foreground leading-6 whitespace-pre-line dark:text-gray-200\">Chocia\u017c nasza <strong class=\"font-semibold text-base\">Kancelaria znajduje si\u0119 we Wroc\u0142awiu<\/strong>, z powodzeniem reprezentujemy Klient\u00f3w z ca\u0142ego kraju. Dzi\u0119ki nowoczesnym formom kontaktu \u2013 telefonicznemu, e-mailowemu oraz zdalnym spotkaniom online \u2013 ca\u0142y proces mo\u017cna przeprowadzi\u0107 bez konieczno\u015bci osobistej wizyty w kancelarii.<\/p>\n<p>\u00a0<\/p>\n<p><!-- \/wp:paragraph --><\/p>\t\t\t\t\t\t\t\t<\/div>\n\t\t\t\t<\/div>\n\t\t\t\t\t<\/div>\n\t\t<\/div>\n\t\t\t\t<div class=\"elementor-column elementor-col-50 elementor-top-column elementor-element elementor-element-52ba019\" data-id=\"52ba019\" data-element_type=\"column\">\n\t\t\t<div class=\"elementor-widget-wrap elementor-element-populated\">\n\t\t\t\t\t\t<div class=\"elementor-element elementor-element-5b60ade elementor-widget elementor-widget-image\" data-id=\"5b60ade\" data-element_type=\"widget\" data-widget_type=\"image.default\">\n\t\t\t\t<div class=\"elementor-widget-container\">\n\t\t\t\t\t\t\t\t\t\t\t\t\t\t\t<img fetchpriority=\"high\" decoding=\"async\" width=\"683\" height=\"1024\" src=\"http:\/\/radcaprawnysikora.pl\/wp-content\/uploads\/2026\/01\/foto-r.pr_.2-683x1024.png\" class=\"attachment-large size-large wp-image-542\" alt=\"\" srcset=\"http:\/\/radcaprawnysikora.pl\/wp-content\/uploads\/2026\/01\/foto-r.pr_.2-683x1024.png 683w, http:\/\/radcaprawnysikora.pl\/wp-content\/uploads\/2026\/01\/foto-r.pr_.2-200x300.png 200w, http:\/\/radcaprawnysikora.pl\/wp-content\/uploads\/2026\/01\/foto-r.pr_.2-768x1152.png 768w, http:\/\/radcaprawnysikora.pl\/wp-content\/uploads\/2026\/01\/foto-r.pr_.2.png 1024w\" sizes=\"(max-width: 683px) 100vw, 683px\" \/>\t\t\t\t\t\t\t\t\t\t\t\t\t\t\t<\/div>\n\t\t\t\t<\/div>\n\t\t\t\t\t<\/div>\n\t\t<\/div>\n\t\t\t\t\t<\/div>\n\t\t<\/section>\n\t\t\t\t<\/div>\n\t\t","protected":false},"excerpt":{"rendered":"<p>Kancelaria Radcy Prawnego Ma\u0142gorzata Sikora T: +48 668 24 28 40 e-mail: kancelaria@radcaprawnysikora.pl Profesjonalna pomoc prawna w zakresie odszkodowa\u0144 \u2013 Kancelaria Radcy Prawnego Wroc\u0142aw Nasza Kancelaria Radcy Prawnego z Wroc\u0142awia specjalizuje si\u0119 w dochodzeniu i odzyskiwaniu odszkodowa\u0144 dla klient\u00f3w indywidualnych oraz firm z ca\u0142ej Polski. Dzi\u0119ki wieloletniemu do\u015bwiadczeniu skutecznie reprezentujemy naszych Klient\u00f3w w negocjacjach z [&hellip;]<\/p>\n","protected":false},"author":1,"featured_media":0,"parent":0,"menu_order":0,"comment_status":"closed","ping_status":"closed","template":"elementor_header_footer","meta":{"footnotes":""},"class_list":["post-6","page","type-page","status-publish","hentry","entry"],"_links":{"self":[{"href":"http:\/\/radcaprawnysikora.pl\/index.php?rest_route=\/wp\/v2\/pages\/6","targetHints":{"allow":["GET"]}}],"collection":[{"href":"http:\/\/radcaprawnysikora.pl\/index.php?rest_route=\/wp\/v2\/pages"}],"about":[{"href":"http:\/\/radcaprawnysikora.pl\/index.php?rest_route=\/wp\/v2\/types\/page"}],"author":[{"embeddable":true,"href":"http:\/\/radcaprawnysikora.pl\/index.php?rest_route=\/wp\/v2\/users\/1"}],"replies":[{"embeddable":true,"href":"http:\/\/radcaprawnysikora.pl\/index.php?rest_route=%2Fwp%2Fv2%2Fcomments&post=6"}],"version-history":[{"count":29,"href":"http:\/\/radcaprawnysikora.pl\/index.php?rest_route=\/wp\/v2\/pages\/6\/revisions"}],"predecessor-version":[{"id":545,"href":"http:\/\/radcaprawnysikora.pl\/index.php?rest_route=\/wp\/v2\/pages\/6\/revisions\/545"}],"wp:attachment":[{"href":"http:\/\/radcaprawnysikora.pl\/index.php?rest_route=%2Fwp%2Fv2%2Fmedia&parent=6"}],"curies":[{"name":"wp","href":"https:\/\/api.w.org\/{rel}","templated":true}]}}