{"id":518,"date":"2026-01-12T13:08:38","date_gmt":"2026-01-12T12:08:38","guid":{"rendered":"http:\/\/radcaprawnysikora.pl\/?page_id=518"},"modified":"2026-01-12T13:15:46","modified_gmt":"2026-01-12T12:15:46","slug":"cennik","status":"publish","type":"page","link":"http:\/\/radcaprawnysikora.pl\/?page_id=518","title":{"rendered":"Cennik"},"content":{"rendered":"\t\t<div data-elementor-type=\"wp-page\" data-elementor-id=\"518\" class=\"elementor elementor-518\">\n\t\t\t\t\t\t<section class=\"elementor-section elementor-top-section elementor-element elementor-element-6985fc6 elementor-section-boxed elementor-section-height-default elementor-section-height-default\" data-id=\"6985fc6\" data-element_type=\"section\">\n\t\t\t\t\t\t<div class=\"elementor-container elementor-column-gap-default\">\n\t\t\t\t\t<div class=\"elementor-column elementor-col-25 elementor-top-column elementor-element elementor-element-1d75f27\" data-id=\"1d75f27\" data-element_type=\"column\">\n\t\t\t<div class=\"elementor-widget-wrap elementor-element-populated\">\n\t\t\t\t\t\t<div class=\"elementor-element elementor-element-eb46453 elementor-widget elementor-widget-text-editor\" data-id=\"eb46453\" data-element_type=\"widget\" data-widget_type=\"text-editor.default\">\n\t\t\t\t<div class=\"elementor-widget-container\">\n\t\t\t\t\t\t\t\t\t<p><strong>Kancelaria Radcy Prawnego<\/strong><\/p>\t\t\t\t\t\t\t\t<\/div>\n\t\t\t\t<\/div>\n\t\t\t\t\t<\/div>\n\t\t<\/div>\n\t\t\t\t<div class=\"elementor-column elementor-col-25 elementor-top-column elementor-element elementor-element-9566b4c\" data-id=\"9566b4c\" data-element_type=\"column\">\n\t\t\t<div class=\"elementor-widget-wrap elementor-element-populated\">\n\t\t\t\t\t\t<div class=\"elementor-element elementor-element-32b9a29 elementor-widget elementor-widget-text-editor\" data-id=\"32b9a29\" data-element_type=\"widget\" data-widget_type=\"text-editor.default\">\n\t\t\t\t<div class=\"elementor-widget-container\">\n\t\t\t\t\t\t\t\t\t<p><strong>Ma\u0142gorzata Sikora<\/strong><\/p>\t\t\t\t\t\t\t\t<\/div>\n\t\t\t\t<\/div>\n\t\t\t\t\t<\/div>\n\t\t<\/div>\n\t\t\t\t<div class=\"elementor-column elementor-col-25 elementor-top-column elementor-element elementor-element-b96d8a3\" data-id=\"b96d8a3\" data-element_type=\"column\">\n\t\t\t<div class=\"elementor-widget-wrap elementor-element-populated\">\n\t\t\t\t\t\t<div class=\"elementor-element elementor-element-755067f elementor-widget elementor-widget-text-editor\" data-id=\"755067f\" data-element_type=\"widget\" data-widget_type=\"text-editor.default\">\n\t\t\t\t<div class=\"elementor-widget-container\">\n\t\t\t\t\t\t\t\t\t<p><strong>T: +48 668 24 28 40<\/strong><\/p>\t\t\t\t\t\t\t\t<\/div>\n\t\t\t\t<\/div>\n\t\t\t\t\t<\/div>\n\t\t<\/div>\n\t\t\t\t<div class=\"elementor-column elementor-col-25 elementor-top-column elementor-element elementor-element-a3fcb2d\" data-id=\"a3fcb2d\" data-element_type=\"column\">\n\t\t\t<div class=\"elementor-widget-wrap elementor-element-populated\">\n\t\t\t\t\t\t<div class=\"elementor-element elementor-element-90ab4c8 elementor-widget elementor-widget-text-editor\" data-id=\"90ab4c8\" data-element_type=\"widget\" data-widget_type=\"text-editor.default\">\n\t\t\t\t<div class=\"elementor-widget-container\">\n\t\t\t\t\t\t\t\t\t<p><strong>e-mail: kancelaria@radcaprawnysikora.pl<\/strong><\/p>\t\t\t\t\t\t\t\t<\/div>\n\t\t\t\t<\/div>\n\t\t\t\t\t<\/div>\n\t\t<\/div>\n\t\t\t\t\t<\/div>\n\t\t<\/section>\n\t\t\t\t<section class=\"elementor-section elementor-top-section elementor-element elementor-element-b08ec73 elementor-section-boxed elementor-section-height-default elementor-section-height-default\" data-id=\"b08ec73\" data-element_type=\"section\">\n\t\t\t\t\t\t<div class=\"elementor-container elementor-column-gap-default\">\n\t\t\t\t\t<div class=\"elementor-column elementor-col-100 elementor-top-column elementor-element elementor-element-3a621fb\" data-id=\"3a621fb\" data-element_type=\"column\">\n\t\t\t<div class=\"elementor-widget-wrap elementor-element-populated\">\n\t\t\t\t\t\t<div class=\"elementor-element elementor-element-a659685 elementor-widget elementor-widget-text-editor\" data-id=\"a659685\" data-element_type=\"widget\" data-widget_type=\"text-editor.default\">\n\t\t\t\t<div class=\"elementor-widget-container\">\n\t\t\t\t\t\t\t\t\t<h2><strong>Cennik us\u0142ug prawnych \u2013 Kancelaria Radcy Prawnego<\/strong><\/h2>\t\t\t\t\t\t\t\t<\/div>\n\t\t\t\t<\/div>\n\t\t\t\t\t<\/div>\n\t\t<\/div>\n\t\t\t\t\t<\/div>\n\t\t<\/section>\n\t\t\t\t<section class=\"elementor-section elementor-top-section elementor-element elementor-element-24a62f9 elementor-section-boxed elementor-section-height-default elementor-section-height-default\" data-id=\"24a62f9\" data-element_type=\"section\">\n\t\t\t\t\t\t<div class=\"elementor-container elementor-column-gap-default\">\n\t\t\t\t\t<div class=\"elementor-column elementor-col-100 elementor-top-column elementor-element elementor-element-15e9d8c\" data-id=\"15e9d8c\" data-element_type=\"column\">\n\t\t\t<div class=\"elementor-widget-wrap elementor-element-populated\">\n\t\t\t\t\t\t<div class=\"elementor-element elementor-element-4129a94 elementor-widget elementor-widget-text-editor\" data-id=\"4129a94\" data-element_type=\"widget\" data-widget_type=\"text-editor.default\">\n\t\t\t\t<div class=\"elementor-widget-container\">\n\t\t\t\t\t\t\t\t\t<p><strong>Cennik us\u0142ug prawnych \u2013 Kancelaria Radcy Prawnego<\/strong><\/p><p><strong>Wst\u0119pna analiza sprawy BEZP\u0141ATNA<\/strong><\/p><p>Szukasz rzetelnej i przejrzystej wyceny us\u0142ug prawnych? W naszej kancelarii <strong>wst\u0119pna analiza sprawy jest ca\u0142kowicie bezp\u0142atna<\/strong>. Ju\u017c na pierwszym etapie otrzymasz jasn\u0105 informacj\u0119 o mo\u017cliwych dzia\u0142aniach, szansach powodzenia oraz <strong>konkretnym wynagrodzeniu za prowadzenie sprawy<\/strong> \u2013 bez ukrytych koszt\u00f3w.<\/p><p>\ud83d\udcde <strong>Telefon:<\/strong> 668 242 840<br \/>\u2709\ufe0f <strong>E-mail:<\/strong> kancelaria@radcaprawnysikora.pl<\/p><p>Zach\u0119camy do kontaktu \u2013 odpowiadamy szybko i rzeczowo.<\/p><p><strong>Cennik spraw odszkodowawczych<\/strong><\/p><p>Specjalizujemy si\u0119 w sprawach o <strong>odszkodowanie, zado\u015b\u0107uczynienie i rent\u0119<\/strong>. Oferujemy model rozliczenia, kt\u00f3ry jest <strong>sprawiedliwy dla Klienta<\/strong> i motywuj\u0105cy dla kancelarii \u2013 niska op\u0142ata pocz\u0105tkowa oraz wynagrodzenie uzale\u017cnione od sukcesu.<\/p><p><strong>Etap przeds\u0105dowy<\/strong><\/p><ul><li><strong>Op\u0142ata wst\u0119pna:<\/strong> od <strong>300 z\u0142 netto<\/strong> (+ 23% VAT, tj. 369 z\u0142 brutto)<\/li><li>Obejmuje m.in. analiz\u0119 dokument\u00f3w, kontakt z ubezpieczycielem lub zobowi\u0105zanym oraz prowadzenie negocjacji<\/li><li>Op\u0142ata mo\u017ce ulec zmianie w zale\u017cno\u015bci od stopnia skomplikowania sprawy<\/li><\/ul><p><strong>Etap s\u0105dowy<\/strong><\/p><ul><li>Sporz\u0105dzenie pozwu lub odpowiedzi na pozew: od <strong>400 z\u0142 netto<\/strong> (+ 23% VAT, tj. 492 z\u0142 brutto)<\/li><\/ul><p><strong>Wynagrodzenie dodatkowe \u2013 success fee<\/strong><\/p><p>Wynagrodzenie za sukces naliczane jest <strong>wy\u0142\u0105cznie w przypadku uzyskania \u015brodk\u00f3w na rzecz Klienta<\/strong> i stanowi okre\u015blony procent od wywalczonej kwoty.<\/p><table><tbody><tr><td><p><strong>Warto\u015b\u0107 roszczenia<\/strong><\/p><\/td><td><p><strong>Success fee<\/strong><\/p><\/td><td><p><strong>Minimalne success fee*<\/strong><\/p><\/td><\/tr><tr><td><p>do 1 000 z\u0142<\/p><\/td><td><p>25%<\/p><\/td><td><p>min. 90 z\u0142<\/p><\/td><\/tr><tr><td><p>1 000 \u2013 5 000 z\u0142<\/p><\/td><td><p>22%<\/p><\/td><td><p>min. 270 \u2013 900 z\u0142<\/p><\/td><\/tr><tr><td><p>5 000 \u2013 10 000 z\u0142<\/p><\/td><td><p>20%<\/p><\/td><td><p>min. 1 800 z\u0142<\/p><\/td><\/tr><tr><td><p>10 000 \u2013 30 000 z\u0142<\/p><\/td><td><p>18%<\/p><\/td><td><p>ok. 1 800 \u2013 5 400 z\u0142<\/p><\/td><\/tr><tr><td><p>30 000 \u2013 50 000 z\u0142<\/p><\/td><td><p>16%<\/p><\/td><td><p>ok. 5 400 \u2013 8 000 z\u0142<\/p><\/td><\/tr><tr><td><p>50 000 \u2013 100 000 z\u0142<\/p><\/td><td><p>14%<\/p><\/td><td><p>ok. 7 000 \u2013 14 000 z\u0142<\/p><\/td><\/tr><tr><td><p>100 000 \u2013 200 000 z\u0142<\/p><\/td><td><p>12%<\/p><\/td><td><p>ok. 12 000 \u2013 24 000 z\u0142<\/p><\/td><\/tr><tr><td><p>200 000 \u2013 500 000 z\u0142<\/p><\/td><td><p>10%<\/p><\/td><td><p>ok. 20 000 \u2013 50 000 z\u0142<\/p><\/td><\/tr><tr><td><p>500 000 \u2013 1 000 000 z\u0142<\/p><\/td><td><p>8%<\/p><\/td><td><p>ok. 40 000 \u2013 80 000 z\u0142<\/p><\/td><\/tr><tr><td><p>1 000 000 \u2013 2 000 000 z\u0142<\/p><\/td><td><p>6%<\/p><\/td><td><p>ok. 60 000 \u2013 120 000 z\u0142<\/p><\/td><\/tr><tr><td><p>2 000 000 \u2013 5 000 000 z\u0142<\/p><\/td><td><p>4%<\/p><\/td><td><p>ok. 80 000 \u2013 200 000 z\u0142<\/p><\/td><\/tr><tr><td><p>powy\u017cej 5 000 000 z\u0142<\/p><\/td><td><p>3%<\/p><\/td><td><p>ustalane indywidualnie<\/p><\/td><\/tr><\/tbody><\/table><p>* \u0141\u0105czne wynagrodzenie nie mo\u017ce by\u0107 ni\u017csze ni\u017c stawki minimalne przewidziane przepisami prawa.<\/p><p><strong>Dlaczego to si\u0119 op\u0142aca?<\/strong><br \/>P\u0142acisz niewiele na pocz\u0105tku, a kancelaria jest realnie zainteresowana skutecznym zako\u0144czeniem sprawy.<\/p><p>\u00a0<\/p><p><strong>Sprawy przeciwko partycypacji spo\u0142ecznej (SLAPP)<\/strong><\/p><p>Prowadzimy sprawy zwi\u0105zane z ochron\u0105 praw obywatelskich, wolno\u015bci s\u0142owa oraz sprzeciwem wobec nadu\u017cy\u0107 w\u0142adzy lub korporacji.<\/p><ul><li>Odpowied\u017a na pismo przedstawiciela w\u0142adzy lub korporacji: od <strong>500 z\u0142 netto<\/strong> (+ 23% VAT, tj. 615 z\u0142 brutto)<\/li><li>Etap s\u0105dowy: wycena <strong>indywidualna<\/strong>, zale\u017cna od rodzaju sprawy, stopnia zaanga\u017cowania, lokalizacji s\u0105du oraz ewentualnego wsparcia organizacji pozarz\u0105dowych<\/li><\/ul><p>\u00a0<\/p><p><strong>Sprawy o naruszenie d\u00f3br osobistych<\/strong><\/p><p>Reprezentujemy Klient\u00f3w w sprawach o ochron\u0119 dobrego imienia, prywatno\u015bci, wizerunku oraz czci.<\/p><ul><li>Prowadzenie sprawy: od <strong>2 000 z\u0142 netto<\/strong> (+ 23% VAT, tj. 2 460 z\u0142 brutto)<\/li><\/ul><p>\u00a0<\/p><p><strong>Sprawy sporne \u2013 umowy i zobowi\u0105zania<\/strong><\/p><p>Pomagamy w sporach dotycz\u0105cych um\u00f3w, zap\u0142aty, odpowiedzialno\u015bci kontraktowej oraz roszcze\u0144 cywilnych.<\/p><ul><li>Wynagrodzenie: od <strong>300 z\u0142 netto<\/strong> (+ 23% VAT, tj. 369 z\u0142 brutto)<\/li><li>Ostateczna wycena zale\u017cy od stopnia skomplikowania i etapu sprawy<\/li><\/ul><p>\u00a0<\/p><p><strong>Podstawa prawna i stawki minimalne<\/strong><\/p><p>Przy ustalaniu wynagrodzenia pomocniczo stosowane s\u0105 przepisy <strong>rozporz\u0105dzenia Ministra Sprawiedliwo\u015bci z dnia 22 pa\u017adziernika 2015 r.<\/strong> w sprawie op\u0142at za czynno\u015bci radc\u00f3w prawnych.<\/p><p>Przyk\u0142adowe stawki minimalne:<\/p><ol><li>do 500 z\u0142 \u2013 90 z\u0142<\/li><li>powy\u017cej 500 z\u0142 do 1 500 z\u0142 \u2013 270 z\u0142<\/li><li>powy\u017cej 1 500 z\u0142 do 5 000 z\u0142 \u2013 900 z\u0142<\/li><li>powy\u017cej 5 000 z\u0142 do 10 000 z\u0142 \u2013 1 800 z\u0142<\/li><li>powy\u017cej 10 000 z\u0142 do 50 000 z\u0142 \u2013 3 600 z\u0142<\/li><li>powy\u017cej 50 000 z\u0142 do 200 000 z\u0142 \u2013 5 400 z\u0142<\/li><li>powy\u017cej 200 000 z\u0142 do 2 000 000 z\u0142 \u2013 10 800 z\u0142<\/li><li>powy\u017cej 2 000 000 z\u0142 do 5 000 000 z\u0142 \u2013 15 000 z\u0142<\/li><li>powy\u017cej 5 000 000 z\u0142 \u2013 25 000 z\u0142<\/li><\/ol><p><strong>Masz w\u0105tpliwo\u015bci? Skontaktuj si\u0119 z nami<\/strong><\/p><p>Ka\u017cda sprawa jest inna \u2013 dlatego <strong>zawsze proponujemy indywidualne, uczciwe i przejrzyste warunki wsp\u00f3\u0142pracy<\/strong>. Zadzwo\u0144 lub napisz i sprawd\u017a, jak mo\u017cemy Ci pom\u00f3c.<\/p>\t\t\t\t\t\t\t\t<\/div>\n\t\t\t\t<\/div>\n\t\t\t\t\t<\/div>\n\t\t<\/div>\n\t\t\t\t\t<\/div>\n\t\t<\/section>\n\t\t\t\t<\/div>\n\t\t","protected":false},"excerpt":{"rendered":"<p>Kancelaria Radcy Prawnego Ma\u0142gorzata Sikora T: +48 668 24 28 40 e-mail: kancelaria@radcaprawnysikora.pl Cennik us\u0142ug prawnych \u2013 Kancelaria Radcy Prawnego Cennik us\u0142ug prawnych \u2013 Kancelaria Radcy Prawnego Wst\u0119pna analiza sprawy BEZP\u0141ATNA Szukasz rzetelnej i przejrzystej wyceny us\u0142ug prawnych? W naszej kancelarii wst\u0119pna analiza sprawy jest ca\u0142kowicie bezp\u0142atna. Ju\u017c na pierwszym etapie otrzymasz jasn\u0105 informacj\u0119 o [&hellip;]<\/p>\n","protected":false},"author":1,"featured_media":0,"parent":0,"menu_order":0,"comment_status":"closed","ping_status":"closed","template":"elementor_header_footer","meta":{"footnotes":""},"class_list":["post-518","page","type-page","status-publish","hentry","entry"],"_links":{"self":[{"href":"http:\/\/radcaprawnysikora.pl\/index.php?rest_route=\/wp\/v2\/pages\/518","targetHints":{"allow":["GET"]}}],"collection":[{"href":"http:\/\/radcaprawnysikora.pl\/index.php?rest_route=\/wp\/v2\/pages"}],"about":[{"href":"http:\/\/radcaprawnysikora.pl\/index.php?rest_route=\/wp\/v2\/types\/page"}],"author":[{"embeddable":true,"href":"http:\/\/radcaprawnysikora.pl\/index.php?rest_route=\/wp\/v2\/users\/1"}],"replies":[{"embeddable":true,"href":"http:\/\/radcaprawnysikora.pl\/index.php?rest_route=%2Fwp%2Fv2%2Fcomments&post=518"}],"version-history":[{"count":11,"href":"http:\/\/radcaprawnysikora.pl\/index.php?rest_route=\/wp\/v2\/pages\/518\/revisions"}],"predecessor-version":[{"id":529,"href":"http:\/\/radcaprawnysikora.pl\/index.php?rest_route=\/wp\/v2\/pages\/518\/revisions\/529"}],"wp:attachment":[{"href":"http:\/\/radcaprawnysikora.pl\/index.php?rest_route=%2Fwp%2Fv2%2Fmedia&parent=518"}],"curies":[{"name":"wp","href":"https:\/\/api.w.org\/{rel}","templated":true}]}}