{"id":500,"date":"2024-02-18T17:28:51","date_gmt":"2024-02-18T16:28:51","guid":{"rendered":"http:\/\/radcaprawnysikora.pl\/?page_id=500"},"modified":"2024-02-18T17:39:35","modified_gmt":"2024-02-18T16:39:35","slug":"naruszenie-dobr-osobistych","status":"publish","type":"page","link":"http:\/\/radcaprawnysikora.pl\/?page_id=500","title":{"rendered":"Naruszenie d\u00f3br osobistych"},"content":{"rendered":"\t\t<div data-elementor-type=\"wp-page\" data-elementor-id=\"500\" class=\"elementor elementor-500\">\n\t\t\t\t\t\t<section class=\"elementor-section elementor-top-section elementor-element elementor-element-3c69b5a elementor-section-boxed elementor-section-height-default elementor-section-height-default\" data-id=\"3c69b5a\" data-element_type=\"section\">\n\t\t\t\t\t\t<div class=\"elementor-container elementor-column-gap-default\">\n\t\t\t\t\t<div class=\"elementor-column elementor-col-25 elementor-top-column elementor-element elementor-element-44bf2c4\" data-id=\"44bf2c4\" data-element_type=\"column\">\n\t\t\t<div class=\"elementor-widget-wrap elementor-element-populated\">\n\t\t\t\t\t\t<div class=\"elementor-element elementor-element-bc8bc07 elementor-widget elementor-widget-text-editor\" data-id=\"bc8bc07\" data-element_type=\"widget\" data-widget_type=\"text-editor.default\">\n\t\t\t\t<div class=\"elementor-widget-container\">\n\t\t\t\t\t\t\t\t\t<p><strong>Kancelaria Radcy Prawnego<\/strong><\/p>\t\t\t\t\t\t\t\t<\/div>\n\t\t\t\t<\/div>\n\t\t\t\t\t<\/div>\n\t\t<\/div>\n\t\t\t\t<div class=\"elementor-column elementor-col-25 elementor-top-column elementor-element elementor-element-5da2582\" data-id=\"5da2582\" data-element_type=\"column\">\n\t\t\t<div class=\"elementor-widget-wrap elementor-element-populated\">\n\t\t\t\t\t\t<div class=\"elementor-element elementor-element-599f196 elementor-widget elementor-widget-text-editor\" data-id=\"599f196\" data-element_type=\"widget\" data-widget_type=\"text-editor.default\">\n\t\t\t\t<div class=\"elementor-widget-container\">\n\t\t\t\t\t\t\t\t\t<p><strong>Ma\u0142gorzata Sikora<\/strong><\/p>\t\t\t\t\t\t\t\t<\/div>\n\t\t\t\t<\/div>\n\t\t\t\t\t<\/div>\n\t\t<\/div>\n\t\t\t\t<div class=\"elementor-column elementor-col-25 elementor-top-column elementor-element elementor-element-94df851\" data-id=\"94df851\" data-element_type=\"column\">\n\t\t\t<div class=\"elementor-widget-wrap elementor-element-populated\">\n\t\t\t\t\t\t<div class=\"elementor-element elementor-element-cb35659 elementor-widget elementor-widget-text-editor\" data-id=\"cb35659\" data-element_type=\"widget\" data-widget_type=\"text-editor.default\">\n\t\t\t\t<div class=\"elementor-widget-container\">\n\t\t\t\t\t\t\t\t\t<p><strong>T: +48 668 24 28 40<\/strong><\/p>\t\t\t\t\t\t\t\t<\/div>\n\t\t\t\t<\/div>\n\t\t\t\t\t<\/div>\n\t\t<\/div>\n\t\t\t\t<div class=\"elementor-column elementor-col-25 elementor-top-column elementor-element elementor-element-af39c6b\" data-id=\"af39c6b\" data-element_type=\"column\">\n\t\t\t<div class=\"elementor-widget-wrap elementor-element-populated\">\n\t\t\t\t\t\t<div class=\"elementor-element elementor-element-76a3f38 elementor-widget elementor-widget-text-editor\" data-id=\"76a3f38\" data-element_type=\"widget\" data-widget_type=\"text-editor.default\">\n\t\t\t\t<div class=\"elementor-widget-container\">\n\t\t\t\t\t\t\t\t\t<p><strong>e-mail: kancelaria@radcaprawnysikora.pl<\/strong><\/p>\t\t\t\t\t\t\t\t<\/div>\n\t\t\t\t<\/div>\n\t\t\t\t\t<\/div>\n\t\t<\/div>\n\t\t\t\t\t<\/div>\n\t\t<\/section>\n\t\t\t\t<section class=\"elementor-section elementor-top-section elementor-element elementor-element-fc6d64f elementor-section-boxed elementor-section-height-default elementor-section-height-default\" data-id=\"fc6d64f\" data-element_type=\"section\">\n\t\t\t\t\t\t<div class=\"elementor-container elementor-column-gap-default\">\n\t\t\t\t\t<div class=\"elementor-column elementor-col-100 elementor-top-column elementor-element elementor-element-3f46ef0\" data-id=\"3f46ef0\" data-element_type=\"column\">\n\t\t\t<div class=\"elementor-widget-wrap elementor-element-populated\">\n\t\t\t\t\t\t<div class=\"elementor-element elementor-element-c82c9d4 elementor-widget elementor-widget-heading\" data-id=\"c82c9d4\" data-element_type=\"widget\" data-widget_type=\"heading.default\">\n\t\t\t\t<div class=\"elementor-widget-container\">\n\t\t\t\t\t<h2 class=\"elementor-heading-title elementor-size-default\">OCHRONA D\u00d3BR OSOBISTYCH<\/h2>\t\t\t\t<\/div>\n\t\t\t\t<\/div>\n\t\t\t\t\t<\/div>\n\t\t<\/div>\n\t\t\t\t\t<\/div>\n\t\t<\/section>\n\t\t\t\t<section class=\"elementor-section elementor-top-section elementor-element elementor-element-a539bcc elementor-section-boxed elementor-section-height-default elementor-section-height-default\" data-id=\"a539bcc\" data-element_type=\"section\">\n\t\t\t\t\t\t<div class=\"elementor-container elementor-column-gap-default\">\n\t\t\t\t\t<div class=\"elementor-column elementor-col-33 elementor-top-column elementor-element elementor-element-5ce78d0\" data-id=\"5ce78d0\" data-element_type=\"column\">\n\t\t\t<div class=\"elementor-widget-wrap elementor-element-populated\">\n\t\t\t\t\t\t<div class=\"elementor-element elementor-element-dc2ee3b elementor-widget elementor-widget-text-editor\" data-id=\"dc2ee3b\" data-element_type=\"widget\" data-widget_type=\"text-editor.default\">\n\t\t\t\t<div class=\"elementor-widget-container\">\n\t\t\t\t\t\t\t\t\t<p><strong>Dobrami osobistymi<\/strong> nazywamy dobra niemaj\u0105tkowe, kt\u00f3re przys\u0142uguj\u0105 ka\u017cdej osobie fizycznej i prawnej.<\/p><p>W art. 23 Kodeksu cywilnego znajduj\u0105 si\u0119 przyk\u0142adowe rodzaje d\u00f3br osobistych cz\u0142owieka, kt\u00f3re s\u0105 obj\u0119te ochron\u0105. Przepis pos\u0142uguje si\u0119 sformu\u0142owaniem \u201ew szczeg\u00f3lno\u015bci\u201d, wobec czego katalog d\u00f3br osobistych ma\u00a0charakter otwarty i\u00a0istniej\u0105 inne dobra osobiste ni\u017c te\u00a0wskazane w\u00a0przepisie.<\/p><p>W\u00a0doktrynie prawniczej zosta\u0142o przyj\u0119te, \u017ce\u00a0mo\u017cna ponadto wymieni\u0107 <strong>dobra osobiste<\/strong> takie jak: \u017cycie, zdrowie, w\u00a0tym zdrowie psychiczne, nietykalno\u015b\u0107 cielesn\u0105, integralno\u015b\u0107 seksualn\u0105, wolno\u015b\u0107, swobod\u0119 sumienia i\u00a0wyznania, cze\u015b\u0107, nazwisko i\u00a0pseudonim, wizerunek, stan cywilny, przynale\u017cno\u015b\u0107 do\u00a0okre\u015blonej p\u0142ci, prywatno\u015b\u0107, wolno\u015b\u0107 komunikowania si\u0119 i\u00a0tajemnic\u0119 korespondencji, nietykalno\u015b\u0107 mieszkania, tw\u00f3rczo\u015b\u0107, kult pami\u0119ci o\u00a0zmar\u0142ej osobie bliskiej i\u00a0inne.<\/p><p>Naruszeniem d\u00f3br osobistych mo\u017ce by\u0107 m.in. nies\u0142uszny areszt, publikacja tre\u015bci negatywnie wp\u0142ywaj\u0105cych na wizerunek danej osoby, naruszenie tajemnicy korespondencji czy bezprawne wtargni\u0119cie do mieszkania.<\/p><p>W\u00a0obecnej rzeczywisto\u015bci do\u00a0<strong>naruszenia d\u00f3br osobistych<\/strong> dochodzi coraz cz\u0119\u015bciej, szczeg\u00f3lnie w\u00a0sieci Internet, gdzie panuje mylne przekonanie o\u00a0powszechnej anonimowo\u015bci autora. Do\u00a0cz\u0119stych przypadk\u00f3w nale\u017c\u0105 zatem obra\u017aliwe, wulgarne komentarze oraz\u00a0przer\u00f3bki fotografii maj\u0105ce na\u00a0celu o\u015bmieszenie danej osoby, bez\u00a0w\u0105tpienia stanowi\u0105ce naruszenie d\u00f3br osobistych.<\/p>\t\t\t\t\t\t\t\t<\/div>\n\t\t\t\t<\/div>\n\t\t\t\t\t<\/div>\n\t\t<\/div>\n\t\t\t\t<div class=\"elementor-column elementor-col-33 elementor-top-column elementor-element elementor-element-0625a4b\" data-id=\"0625a4b\" data-element_type=\"column\">\n\t\t\t<div class=\"elementor-widget-wrap elementor-element-populated\">\n\t\t\t\t\t\t<div class=\"elementor-element elementor-element-49d6d4c elementor-widget elementor-widget-text-editor\" data-id=\"49d6d4c\" data-element_type=\"widget\" data-widget_type=\"text-editor.default\">\n\t\t\t\t<div class=\"elementor-widget-container\">\n\t\t\t\t\t\t\t\t\t<p>\u00a0<\/p><p>\u00a0<\/p><p>\u00a0<\/p>\t\t\t\t\t\t\t\t<\/div>\n\t\t\t\t<\/div>\n\t\t\t\t<div class=\"elementor-element elementor-element-a4b2bb3 elementor-widget elementor-widget-image\" data-id=\"a4b2bb3\" data-element_type=\"widget\" data-widget_type=\"image.default\">\n\t\t\t\t<div class=\"elementor-widget-container\">\n\t\t\t\t\t\t\t\t\t\t\t\t\t\t\t<img fetchpriority=\"high\" decoding=\"async\" width=\"768\" height=\"512\" src=\"http:\/\/radcaprawnysikora.pl\/wp-content\/uploads\/2024\/02\/504468-PHS4LT-189-768x512.jpg\" class=\"attachment-medium_large size-medium_large wp-image-506\" alt=\"\" srcset=\"http:\/\/radcaprawnysikora.pl\/wp-content\/uploads\/2024\/02\/504468-PHS4LT-189-768x512.jpg 768w, http:\/\/radcaprawnysikora.pl\/wp-content\/uploads\/2024\/02\/504468-PHS4LT-189-300x200.jpg 300w, http:\/\/radcaprawnysikora.pl\/wp-content\/uploads\/2024\/02\/504468-PHS4LT-189-1024x683.jpg 1024w, http:\/\/radcaprawnysikora.pl\/wp-content\/uploads\/2024\/02\/504468-PHS4LT-189-1536x1024.jpg 1536w, http:\/\/radcaprawnysikora.pl\/wp-content\/uploads\/2024\/02\/504468-PHS4LT-189-2048x1365.jpg 2048w\" sizes=\"(max-width: 768px) 100vw, 768px\" \/>\t\t\t\t\t\t\t\t\t\t\t\t\t\t\t<\/div>\n\t\t\t\t<\/div>\n\t\t\t\t\t<\/div>\n\t\t<\/div>\n\t\t\t\t<div class=\"elementor-column elementor-col-33 elementor-top-column elementor-element elementor-element-c4d848b\" data-id=\"c4d848b\" data-element_type=\"column\">\n\t\t\t<div class=\"elementor-widget-wrap elementor-element-populated\">\n\t\t\t\t\t\t<div class=\"elementor-element elementor-element-c19062e elementor-widget elementor-widget-text-editor\" data-id=\"c19062e\" data-element_type=\"widget\" data-widget_type=\"text-editor.default\">\n\t\t\t\t<div class=\"elementor-widget-container\">\n\t\t\t\t\t\t\t\t\t<p>Przyk\u0142ady naruszenia d\u00f3br osobistych:<\/p><ul><li>dobrego imienia, godno\u015bci i\u00a0czci \u2013 poprzez zakwestionowanie faktu posiadania przez\u00a0powoda tytu\u0142\u00f3w naukowych i\u00a0zarzucenie bezprawnego pos\u0142ugiwania si\u0119 tytu\u0142ami doktora i\u00a0doktora habilitowanego, a\u00a0tak\u017ce okre\u015blenie powoda jako \u201echama\u201d (wyrok S\u0105du Apelacyjnego w\u00a0Krakowie, z\u00a0dnia 3 czerwca 2020 r., sygn. akt I\u00a0ACa 1315\/19),<\/li><li>godno\u015bci, dobrego imienia i\u00a0prawa do\u00a0poszanowania danych o\u00a0charakterze prywatnych, stanowi\u0105cych dane osobowe powoda poprzez ujawnianie w\u00a0BIK (Biurze Informacji Kredytowej) nieaktualnych danych o\u00a0zad\u0142u\u017ceniu (wyrok S\u0105du Apelacyjnego w\u00a0Warszawie z\u00a0dnia 29 marca 2018 r., sygn. akt I\u00a0ACa 2267\/15),<\/li><li>prawa do\u00a0prywatno\u015bci oraz\u00a0\u017cycia intymnego, tajemnicy korespondencji, godno\u015bci, dobrego imienia poprzez publikacje za\u00a0po\u015brednictwem sieci Internet (wyrok S\u0105du Apelacyjnego w\u00a0Warszawie, z\u00a0dnia 3 czerwca 2020 r., sygn. akt I\u00a0ACa 26\/20),<\/li><li>godno\u015bci, ochrony wizerunku oraz\u00a0prawa do\u00a0prywatno\u015bci w\u00a0zwi\u0105zku z\u00a0opublikowanymi nagrania z\u00a0wypowiedziami w\u00a0serwisie internetowym bez\u00a0udzielonej zgody (wyrok S\u0105du Okr\u0119gowego w\u00a0Sieradzu z\u00a0dnia 23 marca 2020 r., sygn. akt I\u00a0C\u00a0192\/19),<\/li><li>dobrego imienia i\u00a0renomy w\u00a0artykule opublikowanym na\u00a0\u0142amach gazety, w\u00a0kt\u00f3rym\u00a0opisano bezpodstawne i\u00a0niezgodne z\u00a0prawd\u0105 twierdzenia dotycz\u0105ce przedsi\u0119biorcy (wyrok S\u0105du Okr\u0119gowego w\u00a0Piotrkowie Trybunalskim z\u00a0dnia 29 lipca 2020 r., sygn. akt I\u00a0C\u00a01408\/18)<\/li><\/ul>\t\t\t\t\t\t\t\t<\/div>\n\t\t\t\t<\/div>\n\t\t\t\t\t<\/div>\n\t\t<\/div>\n\t\t\t\t\t<\/div>\n\t\t<\/section>\n\t\t\t\t<section class=\"elementor-section elementor-top-section elementor-element elementor-element-6d6bccc elementor-section-boxed elementor-section-height-default elementor-section-height-default\" data-id=\"6d6bccc\" data-element_type=\"section\">\n\t\t\t\t\t\t<div class=\"elementor-container elementor-column-gap-default\">\n\t\t\t\t\t<div class=\"elementor-column elementor-col-100 elementor-top-column elementor-element elementor-element-017f116\" data-id=\"017f116\" data-element_type=\"column\">\n\t\t\t<div class=\"elementor-widget-wrap elementor-element-populated\">\n\t\t\t\t\t\t<div class=\"elementor-element elementor-element-bb8884d elementor-widget elementor-widget-text-editor\" data-id=\"bb8884d\" data-element_type=\"widget\" data-widget_type=\"text-editor.default\">\n\t\t\t\t<div class=\"elementor-widget-container\">\n\t\t\t\t\t\t\t\t\t<p>Zgodnie z art. 24. \u00a7 1. Kodeksu cywilnego: \u201eTen, czyje dobro osobiste zostaje zagro\u017cone cudzym dzia\u0142aniem, mo\u017ce \u017c\u0105da\u0107 zaniechania tego dzia\u0142ania, chyba \u017ce nie jest ono bezprawne\u201d. Oznacza to, \u017ce osoba, kt\u00f3rej dobra zosta\u0142y naruszone, ma prawo \u017c\u0105da\u0107 od osoby trzeciej zaniechania dzia\u0142a\u0144 prowadz\u0105cych do naruszenia dobra.<\/p><p>Za naruszenie d\u00f3br osobistych pokrzywdzony ma prawo \u017c\u0105da\u0107:<\/p><p>zaniechania naruszania d\u00f3br osobistych,<\/p><p>usuni\u0119cia skutk\u00f3w naruszenia d\u00f3br osobistych (np. poprzez z\u0142o\u017cenie o\u015bwiadczenia),<\/p><p>zado\u015b\u0107uczynienia pieni\u0119\u017cnego na wybrany cel spo\u0142eczny,<\/p><p>zado\u015b\u0107uczynienia pieni\u0119\u017cnego jako rekompensaty dla pokrzywdzonego.<\/p><div>Je\u015bli zosta\u0142y naruszone Twoje dobra osobiste skontaktuj si\u0119 pod e-mail kancelaria@radcaprawnysikora.pl <\/div>\t\t\t\t\t\t\t\t<\/div>\n\t\t\t\t<\/div>\n\t\t\t\t\t<\/div>\n\t\t<\/div>\n\t\t\t\t\t<\/div>\n\t\t<\/section>\n\t\t\t\t<\/div>\n\t\t","protected":false},"excerpt":{"rendered":"<p>Kancelaria Radcy Prawnego Ma\u0142gorzata Sikora T: +48 668 24 28 40 e-mail: kancelaria@radcaprawnysikora.pl OCHRONA D\u00d3BR OSOBISTYCH Dobrami osobistymi nazywamy dobra niemaj\u0105tkowe, kt\u00f3re przys\u0142uguj\u0105 ka\u017cdej osobie fizycznej i prawnej. W art. 23 Kodeksu cywilnego znajduj\u0105 si\u0119 przyk\u0142adowe rodzaje d\u00f3br osobistych cz\u0142owieka, kt\u00f3re s\u0105 obj\u0119te ochron\u0105. Przepis pos\u0142uguje si\u0119 sformu\u0142owaniem \u201ew szczeg\u00f3lno\u015bci\u201d, wobec czego katalog d\u00f3br osobistych [&hellip;]<\/p>\n","protected":false},"author":1,"featured_media":0,"parent":0,"menu_order":0,"comment_status":"closed","ping_status":"closed","template":"elementor_header_footer","meta":{"footnotes":""},"class_list":["post-500","page","type-page","status-publish","hentry","entry"],"_links":{"self":[{"href":"http:\/\/radcaprawnysikora.pl\/index.php?rest_route=\/wp\/v2\/pages\/500","targetHints":{"allow":["GET"]}}],"collection":[{"href":"http:\/\/radcaprawnysikora.pl\/index.php?rest_route=\/wp\/v2\/pages"}],"about":[{"href":"http:\/\/radcaprawnysikora.pl\/index.php?rest_route=\/wp\/v2\/types\/page"}],"author":[{"embeddable":true,"href":"http:\/\/radcaprawnysikora.pl\/index.php?rest_route=\/wp\/v2\/users\/1"}],"replies":[{"embeddable":true,"href":"http:\/\/radcaprawnysikora.pl\/index.php?rest_route=%2Fwp%2Fv2%2Fcomments&post=500"}],"version-history":[{"count":11,"href":"http:\/\/radcaprawnysikora.pl\/index.php?rest_route=\/wp\/v2\/pages\/500\/revisions"}],"predecessor-version":[{"id":512,"href":"http:\/\/radcaprawnysikora.pl\/index.php?rest_route=\/wp\/v2\/pages\/500\/revisions\/512"}],"wp:attachment":[{"href":"http:\/\/radcaprawnysikora.pl\/index.php?rest_route=%2Fwp%2Fv2%2Fmedia&parent=500"}],"curies":[{"name":"wp","href":"https:\/\/api.w.org\/{rel}","templated":true}]}}