{"id":5,"date":"2022-01-03T12:59:25","date_gmt":"2022-01-03T11:59:25","guid":{"rendered":"http:\/\/radcaprawnysikora.pl\/?page_id=5"},"modified":"2026-01-12T17:54:14","modified_gmt":"2026-01-12T16:54:14","slug":"tworz-swoja-witryne-za-pomoca-blokow","status":"publish","type":"page","link":"http:\/\/radcaprawnysikora.pl\/","title":{"rendered":"Kancelaria Radcy Prawnego Ma\u0142gorzata Sikora"},"content":{"rendered":"\t\t<div data-elementor-type=\"wp-page\" data-elementor-id=\"5\" class=\"elementor elementor-5\">\n\t\t\t\t\t\t<section class=\"elementor-section elementor-top-section elementor-element elementor-element-f632b9f elementor-section-boxed elementor-section-height-default elementor-section-height-default\" data-id=\"f632b9f\" data-element_type=\"section\">\n\t\t\t\t\t\t<div class=\"elementor-container elementor-column-gap-default\">\n\t\t\t\t\t<div class=\"elementor-column elementor-col-25 elementor-top-column elementor-element elementor-element-eda409b\" data-id=\"eda409b\" data-element_type=\"column\">\n\t\t\t<div class=\"elementor-widget-wrap elementor-element-populated\">\n\t\t\t\t\t\t<div class=\"elementor-element elementor-element-6521e93 elementor-widget elementor-widget-text-editor\" data-id=\"6521e93\" data-element_type=\"widget\" data-widget_type=\"text-editor.default\">\n\t\t\t\t<div class=\"elementor-widget-container\">\n\t\t\t\t\t\t\t\t\t<p><strong>Kancelaria Radcy Prawnego<\/strong><\/p>\t\t\t\t\t\t\t\t<\/div>\n\t\t\t\t<\/div>\n\t\t\t\t\t<\/div>\n\t\t<\/div>\n\t\t\t\t<div class=\"elementor-column elementor-col-25 elementor-top-column elementor-element elementor-element-eed229f\" data-id=\"eed229f\" data-element_type=\"column\">\n\t\t\t<div class=\"elementor-widget-wrap elementor-element-populated\">\n\t\t\t\t\t\t<div class=\"elementor-element elementor-element-7d8fe13 elementor-widget elementor-widget-text-editor\" data-id=\"7d8fe13\" data-element_type=\"widget\" data-widget_type=\"text-editor.default\">\n\t\t\t\t<div class=\"elementor-widget-container\">\n\t\t\t\t\t\t\t\t\t<p><strong>Ma\u0142gorzata Sikora<\/strong><\/p>\t\t\t\t\t\t\t\t<\/div>\n\t\t\t\t<\/div>\n\t\t\t\t\t<\/div>\n\t\t<\/div>\n\t\t\t\t<div class=\"elementor-column elementor-col-25 elementor-top-column elementor-element elementor-element-e3f6788\" data-id=\"e3f6788\" data-element_type=\"column\">\n\t\t\t<div class=\"elementor-widget-wrap elementor-element-populated\">\n\t\t\t\t\t\t<div class=\"elementor-element elementor-element-9ec1a75 elementor-widget elementor-widget-text-editor\" data-id=\"9ec1a75\" data-element_type=\"widget\" data-widget_type=\"text-editor.default\">\n\t\t\t\t<div class=\"elementor-widget-container\">\n\t\t\t\t\t\t\t\t\t<p><strong>T: +48 668 24 28 40<\/strong><\/p>\t\t\t\t\t\t\t\t<\/div>\n\t\t\t\t<\/div>\n\t\t\t\t\t<\/div>\n\t\t<\/div>\n\t\t\t\t<div class=\"elementor-column elementor-col-25 elementor-top-column elementor-element elementor-element-f30b5b5\" data-id=\"f30b5b5\" data-element_type=\"column\">\n\t\t\t<div class=\"elementor-widget-wrap elementor-element-populated\">\n\t\t\t\t\t\t<div class=\"elementor-element elementor-element-b5f3a91 elementor-widget elementor-widget-text-editor\" data-id=\"b5f3a91\" data-element_type=\"widget\" data-widget_type=\"text-editor.default\">\n\t\t\t\t<div class=\"elementor-widget-container\">\n\t\t\t\t\t\t\t\t\t<p><strong>e-mail: kancelaria@radcaprawnysikora.pl<\/strong><\/p>\t\t\t\t\t\t\t\t<\/div>\n\t\t\t\t<\/div>\n\t\t\t\t\t<\/div>\n\t\t<\/div>\n\t\t\t\t\t<\/div>\n\t\t<\/section>\n\t\t\t\t<section class=\"elementor-section elementor-top-section elementor-element elementor-element-c28043b elementor-section-boxed elementor-section-height-default elementor-section-height-default\" data-id=\"c28043b\" data-element_type=\"section\">\n\t\t\t\t\t\t<div class=\"elementor-container elementor-column-gap-default\">\n\t\t\t\t\t<div class=\"elementor-column elementor-col-50 elementor-top-column elementor-element elementor-element-f86ba9d\" data-id=\"f86ba9d\" data-element_type=\"column\">\n\t\t\t<div class=\"elementor-widget-wrap elementor-element-populated\">\n\t\t\t\t\t\t<div class=\"elementor-element elementor-element-382d181 elementor-widget elementor-widget-text-editor\" data-id=\"382d181\" data-element_type=\"widget\" data-widget_type=\"text-editor.default\">\n\t\t\t\t<div class=\"elementor-widget-container\">\n\t\t\t\t\t\t\t\t\t<h3 data-start=\"315\" data-end=\"375\"><strong data-start=\"319\" data-end=\"375\">Radca prawny \u2013 profesjonalna pomoc prawna\u00a0<\/strong><\/h3><p data-start=\"377\" data-end=\"524\"><strong data-start=\"377\" data-end=\"393\">Radca prawny<\/strong> to zaw\u00f3d zaufania publicznego, regulowany ustaw\u0105 z dnia 6 lipca 1982 r. o radcach prawnych. \u015awiadczenie pomocy prawnej obejmuje:<\/p><ul data-start=\"525\" data-end=\"899\"><li data-start=\"525\" data-end=\"569\"><p data-start=\"527\" data-end=\"569\">udzielanie porad i konsultacji prawnych,<\/p><\/li><li data-start=\"570\" data-end=\"615\"><p data-start=\"572\" data-end=\"615\">sporz\u0105dzanie opinii i ekspertyz prawnych,<\/p><\/li><li data-start=\"616\" data-end=\"659\"><p data-start=\"618\" data-end=\"659\">opracowywanie projekt\u00f3w akt\u00f3w prawnych,<\/p><\/li><li data-start=\"660\" data-end=\"899\"><p data-start=\"662\" data-end=\"899\">reprezentacj\u0119 klient\u00f3w przed <strong data-start=\"691\" data-end=\"722\">s\u0105dami wszystkich instancji<\/strong> oraz urz\u0119dami, w tym <strong data-start=\"744\" data-end=\"896\">S\u0105dem Najwy\u017cszym, Trybuna\u0142em Konstytucyjnym, Naczelnym S\u0105dem Administracyjnym, Trybuna\u0142em Sprawiedliwo\u015bci UE i Europejskim Trybuna\u0142em Praw Cz\u0142owieka<\/strong>.<\/p><\/li><\/ul><p data-start=\"901\" data-end=\"1004\">\u00a0<\/p><hr data-start=\"1006\" data-end=\"1009\" \/><h3 data-start=\"1011\" data-end=\"1065\"><strong data-start=\"1015\" data-end=\"1065\">Specjalizacja \u2013 prawo ubezpiecze\u0144 i zobowi\u0105za\u0144<\/strong><\/h3><p data-start=\"1067\" data-end=\"1099\">Od 2008 r. specjalizuj\u0119 si\u0119 w:<\/p><ul data-start=\"1100\" data-end=\"1521\"><li data-start=\"1100\" data-end=\"1146\"><p data-start=\"1102\" data-end=\"1146\"><strong data-start=\"1102\" data-end=\"1124\">prawie ubezpiecze\u0144<\/strong> i likwidacji szk\u00f3d,<\/p><\/li><li data-start=\"1147\" data-end=\"1222\"><p data-start=\"1149\" data-end=\"1222\"><strong data-start=\"1149\" data-end=\"1167\">zobowi\u0105zaniach<\/strong>, w tym niew\u0142a\u015bciwym lub nienale\u017cytym wykonaniu um\u00f3w,<\/p><\/li><li data-start=\"1223\" data-end=\"1283\"><p data-start=\"1225\" data-end=\"1283\">przygotowaniu i negocjacjach <strong data-start=\"1254\" data-end=\"1280\">um\u00f3w,<\/strong><\/p><\/li><li data-start=\"1284\" data-end=\"1424\"><p data-start=\"1286\" data-end=\"1424\">reprezentacji klient\u00f3w w <strong data-start=\"1311\" data-end=\"1421\">post\u0119powaniach s\u0105dowych przeciwko ubezpieczycielom i innym podmiotom zobowi\u0105zanym do zap\u0142aty odszkodowania<\/strong>,<\/p><\/li><li data-start=\"1425\" data-end=\"1521\"><p data-start=\"1427\" data-end=\"1521\">prowadzeniu <strong data-start=\"1439\" data-end=\"1481\">post\u0119powa\u0144 przeds\u0105dowych i polubownych<\/strong> jako pe\u0142nomocnik klient\u00f3w kancelarii.<\/p><\/li><\/ul><p data-start=\"1523\" data-end=\"1740\">Dzi\u0119ki wieloletniemu do\u015bwiadczeniu mog\u0119 skutecznie <strong data-start=\"1574\" data-end=\"1600\">chroni\u0107 prawa klient\u00f3w<\/strong>, odzyskiwa\u0107 nale\u017cne odszkodowania, zado\u015b\u0107uczynienia oraz dochodzi\u0107 roszcze\u0144 wynikaj\u0105cych z niewykonania lub nienale\u017cytego wykonania um\u00f3w.<\/p><hr data-start=\"1742\" data-end=\"1745\" \/><h3 data-start=\"1747\" data-end=\"1787\"><strong data-start=\"1751\" data-end=\"1787\">Zakres oferowanej pomocy prawnej<\/strong><\/h3><p data-start=\"1789\" data-end=\"1841\">Oferuj\u0119 kompleksow\u0105 pomoc w sprawach zwi\u0105zanych z:<\/p><ul data-start=\"1842\" data-end=\"2133\"><li data-start=\"1842\" data-end=\"1882\"><p data-start=\"1844\" data-end=\"1882\">odszkodowaniami i zado\u015b\u0107uczynieniem,<\/p><\/li><li data-start=\"1883\" data-end=\"1928\"><p data-start=\"1885\" data-end=\"1928\">likwidacj\u0105 szk\u00f3d maj\u0105tkowych i osobowych,<\/p><\/li><li data-start=\"1929\" data-end=\"2002\"><p data-start=\"1931\" data-end=\"2002\">zobowi\u0105zaniami i wykonaniem um\u00f3w, w tym niew\u0142a\u015bciwym wykonaniem um\u00f3w,<\/p><\/li><li data-start=\"2003\" data-end=\"2074\"><p data-start=\"2005\" data-end=\"2074\">negocjacjami z ubezpieczycielami i innymi podmiotami zobowi\u0105zanymi,<\/p><\/li><li data-start=\"2075\" data-end=\"2133\"><p data-start=\"2077\" data-end=\"2133\">reprezentacj\u0105 w post\u0119powaniach polubownych i s\u0105dowych.<\/p><\/li><\/ul><p data-start=\"2135\" data-end=\"2270\">Ka\u017cda sprawa jest analizowana indywidualnie, a celem jest <strong data-start=\"2193\" data-end=\"2267\">maksymalna ochrona interes\u00f3w klienta i skuteczne dochodzenie jego praw<\/strong>.<\/p><hr data-start=\"2272\" data-end=\"2275\" \/><h3 data-start=\"2277\" data-end=\"2325\"><strong data-start=\"2281\" data-end=\"2325\">Dlaczego warto skorzysta\u0107 z mojej pomocy<\/strong><\/h3><ul data-start=\"2327\" data-end=\"2643\"><li data-start=\"2327\" data-end=\"2396\"><p data-start=\"2329\" data-end=\"2396\">Ponad <strong data-start=\"2335\" data-end=\"2359\">15 lat do\u015bwiadczenia<\/strong> w prawie ubezpiecze\u0144 i zobowi\u0105za\u0144,<\/p><\/li><li data-start=\"2397\" data-end=\"2486\"><p data-start=\"2399\" data-end=\"2486\">Skuteczno\u015b\u0107 w <strong data-start=\"2413\" data-end=\"2449\">negocjacjach z ubezpieczycielami<\/strong> i prowadzeniu post\u0119powa\u0144 s\u0105dowych,<\/p><\/li><li data-start=\"2487\" data-end=\"2547\"><p data-start=\"2489\" data-end=\"2547\">Profesjonalizm poparty znajomo\u015bci\u0105 aktualnych przepis\u00f3w,<\/p><\/li><li data-start=\"2548\" data-end=\"2643\"><p data-start=\"2550\" data-end=\"2643\"><strong data-start=\"2550\" data-end=\"2575\">Pe\u0142ne wsparcie prawne<\/strong> w ka\u017cdym etapie sprawy \u2013 od post\u0119powania przeds\u0105dowego po s\u0105dowe.<\/p><\/li><\/ul>\t\t\t\t\t\t\t\t<\/div>\n\t\t\t\t<\/div>\n\t\t\t\t\t<\/div>\n\t\t<\/div>\n\t\t\t\t<div class=\"elementor-column elementor-col-50 elementor-top-column elementor-element elementor-element-5acd6c4\" data-id=\"5acd6c4\" data-element_type=\"column\">\n\t\t\t<div class=\"elementor-widget-wrap elementor-element-populated\">\n\t\t\t\t\t\t<div class=\"elementor-element elementor-element-f116d56 elementor-widget elementor-widget-image\" data-id=\"f116d56\" data-element_type=\"widget\" data-widget_type=\"image.default\">\n\t\t\t\t<div class=\"elementor-widget-container\">\n\t\t\t\t\t\t\t\t\t\t\t\t\t\t\t<img fetchpriority=\"high\" decoding=\"async\" width=\"768\" height=\"1152\" src=\"http:\/\/radcaprawnysikora.pl\/wp-content\/uploads\/2026\/01\/foto-r.pr_-768x1152.png\" class=\"attachment-medium_large size-medium_large wp-image-531\" alt=\"\" srcset=\"http:\/\/radcaprawnysikora.pl\/wp-content\/uploads\/2026\/01\/foto-r.pr_-768x1152.png 768w, http:\/\/radcaprawnysikora.pl\/wp-content\/uploads\/2026\/01\/foto-r.pr_-200x300.png 200w, http:\/\/radcaprawnysikora.pl\/wp-content\/uploads\/2026\/01\/foto-r.pr_-683x1024.png 683w, http:\/\/radcaprawnysikora.pl\/wp-content\/uploads\/2026\/01\/foto-r.pr_.png 1024w\" sizes=\"(max-width: 768px) 100vw, 768px\" \/>\t\t\t\t\t\t\t\t\t\t\t\t\t\t\t<\/div>\n\t\t\t\t<\/div>\n\t\t\t\t\t<\/div>\n\t\t<\/div>\n\t\t\t\t\t<\/div>\n\t\t<\/section>\n\t\t\t\t<\/div>\n\t\t","protected":false},"excerpt":{"rendered":"<p>Kancelaria Radcy Prawnego Ma\u0142gorzata Sikora T: +48 668 24 28 40 e-mail: kancelaria@radcaprawnysikora.pl Radca prawny \u2013 profesjonalna pomoc prawna\u00a0 Radca prawny to zaw\u00f3d zaufania publicznego, regulowany ustaw\u0105 z dnia 6 lipca 1982 r. o radcach prawnych. \u015awiadczenie pomocy prawnej obejmuje: udzielanie porad i konsultacji prawnych, sporz\u0105dzanie opinii i ekspertyz prawnych, opracowywanie projekt\u00f3w akt\u00f3w prawnych, reprezentacj\u0119 [&hellip;]<\/p>\n","protected":false},"author":1,"featured_media":0,"parent":0,"menu_order":0,"comment_status":"closed","ping_status":"closed","template":"elementor_header_footer","meta":{"footnotes":""},"class_list":["post-5","page","type-page","status-publish","hentry","entry"],"_links":{"self":[{"href":"http:\/\/radcaprawnysikora.pl\/index.php?rest_route=\/wp\/v2\/pages\/5","targetHints":{"allow":["GET"]}}],"collection":[{"href":"http:\/\/radcaprawnysikora.pl\/index.php?rest_route=\/wp\/v2\/pages"}],"about":[{"href":"http:\/\/radcaprawnysikora.pl\/index.php?rest_route=\/wp\/v2\/types\/page"}],"author":[{"embeddable":true,"href":"http:\/\/radcaprawnysikora.pl\/index.php?rest_route=\/wp\/v2\/users\/1"}],"replies":[{"embeddable":true,"href":"http:\/\/radcaprawnysikora.pl\/index.php?rest_route=%2Fwp%2Fv2%2Fcomments&post=5"}],"version-history":[{"count":38,"href":"http:\/\/radcaprawnysikora.pl\/index.php?rest_route=\/wp\/v2\/pages\/5\/revisions"}],"predecessor-version":[{"id":549,"href":"http:\/\/radcaprawnysikora.pl\/index.php?rest_route=\/wp\/v2\/pages\/5\/revisions\/549"}],"wp:attachment":[{"href":"http:\/\/radcaprawnysikora.pl\/index.php?rest_route=%2Fwp%2Fv2%2Fmedia&parent=5"}],"curies":[{"name":"wp","href":"https:\/\/api.w.org\/{rel}","templated":true}]}}