{"id":468,"date":"2023-12-19T11:23:30","date_gmt":"2023-12-19T10:23:30","guid":{"rendered":"http:\/\/radcaprawnysikora.pl\/?page_id=468"},"modified":"2026-01-12T17:34:25","modified_gmt":"2026-01-12T16:34:25","slug":"zaangazowanie-w-sprawy-publiczne","status":"publish","type":"page","link":"http:\/\/radcaprawnysikora.pl\/?page_id=468","title":{"rendered":"Zaanga\u017cowanie w sprawy publiczne"},"content":{"rendered":"\t\t<div data-elementor-type=\"wp-page\" data-elementor-id=\"468\" class=\"elementor elementor-468\">\n\t\t\t\t\t\t<section class=\"elementor-section elementor-top-section elementor-element elementor-element-284d78c elementor-section-boxed elementor-section-height-default elementor-section-height-default\" data-id=\"284d78c\" data-element_type=\"section\">\n\t\t\t\t\t\t<div class=\"elementor-container elementor-column-gap-default\">\n\t\t\t\t\t<div class=\"elementor-column elementor-col-25 elementor-top-column elementor-element elementor-element-bcab7f2\" data-id=\"bcab7f2\" data-element_type=\"column\">\n\t\t\t<div class=\"elementor-widget-wrap elementor-element-populated\">\n\t\t\t\t\t\t<div class=\"elementor-element elementor-element-fa6e116 elementor-widget elementor-widget-text-editor\" data-id=\"fa6e116\" data-element_type=\"widget\" data-widget_type=\"text-editor.default\">\n\t\t\t\t<div class=\"elementor-widget-container\">\n\t\t\t\t\t\t\t\t\t<p><strong>Kancelaria Radcy Prawnego<\/strong><\/p>\t\t\t\t\t\t\t\t<\/div>\n\t\t\t\t<\/div>\n\t\t\t\t\t<\/div>\n\t\t<\/div>\n\t\t\t\t<div class=\"elementor-column elementor-col-25 elementor-top-column elementor-element elementor-element-d9f0b4a\" data-id=\"d9f0b4a\" data-element_type=\"column\">\n\t\t\t<div class=\"elementor-widget-wrap elementor-element-populated\">\n\t\t\t\t\t\t<div class=\"elementor-element elementor-element-5b37efe elementor-widget elementor-widget-text-editor\" data-id=\"5b37efe\" data-element_type=\"widget\" data-widget_type=\"text-editor.default\">\n\t\t\t\t<div class=\"elementor-widget-container\">\n\t\t\t\t\t\t\t\t\t<p><strong>Ma\u0142gorzata Sikora<\/strong><\/p>\t\t\t\t\t\t\t\t<\/div>\n\t\t\t\t<\/div>\n\t\t\t\t\t<\/div>\n\t\t<\/div>\n\t\t\t\t<div class=\"elementor-column elementor-col-25 elementor-top-column elementor-element elementor-element-d5058c7\" data-id=\"d5058c7\" data-element_type=\"column\">\n\t\t\t<div class=\"elementor-widget-wrap elementor-element-populated\">\n\t\t\t\t\t\t<div class=\"elementor-element elementor-element-b48cb8f elementor-widget elementor-widget-text-editor\" data-id=\"b48cb8f\" data-element_type=\"widget\" data-widget_type=\"text-editor.default\">\n\t\t\t\t<div class=\"elementor-widget-container\">\n\t\t\t\t\t\t\t\t\t<p><strong>T: +48 668 24 28 40<\/strong><\/p>\t\t\t\t\t\t\t\t<\/div>\n\t\t\t\t<\/div>\n\t\t\t\t\t<\/div>\n\t\t<\/div>\n\t\t\t\t<div class=\"elementor-column elementor-col-25 elementor-top-column elementor-element elementor-element-9ec0bb1\" data-id=\"9ec0bb1\" data-element_type=\"column\">\n\t\t\t<div class=\"elementor-widget-wrap elementor-element-populated\">\n\t\t\t\t\t\t<div class=\"elementor-element elementor-element-6b78cfd elementor-widget elementor-widget-text-editor\" data-id=\"6b78cfd\" data-element_type=\"widget\" data-widget_type=\"text-editor.default\">\n\t\t\t\t<div class=\"elementor-widget-container\">\n\t\t\t\t\t\t\t\t\t<p><strong>e-mail: kancelaria@radcaprawnysikora.pl<\/strong><\/p>\t\t\t\t\t\t\t\t<\/div>\n\t\t\t\t<\/div>\n\t\t\t\t\t<\/div>\n\t\t<\/div>\n\t\t\t\t\t<\/div>\n\t\t<\/section>\n\t\t\t\t<section class=\"elementor-section elementor-top-section elementor-element elementor-element-e52b7bd elementor-section-boxed elementor-section-height-default elementor-section-height-default\" data-id=\"e52b7bd\" data-element_type=\"section\">\n\t\t\t\t\t\t<div class=\"elementor-container elementor-column-gap-default\">\n\t\t\t\t\t<div class=\"elementor-column elementor-col-100 elementor-top-column elementor-element elementor-element-4046b76\" data-id=\"4046b76\" data-element_type=\"column\">\n\t\t\t<div class=\"elementor-widget-wrap elementor-element-populated\">\n\t\t\t\t\t\t<div class=\"elementor-element elementor-element-9d5af34 elementor-widget elementor-widget-heading\" data-id=\"9d5af34\" data-element_type=\"widget\" data-widget_type=\"heading.default\">\n\t\t\t\t<div class=\"elementor-widget-container\">\n\t\t\t\t\t<h2 class=\"elementor-heading-title elementor-size-default\">SLAPP - Strategiczne Pozwy Przeciwko Zaanga\u017cowaniu w Sprawy Publiczne <\/h2>\t\t\t\t<\/div>\n\t\t\t\t<\/div>\n\t\t\t\t\t<\/div>\n\t\t<\/div>\n\t\t\t\t\t<\/div>\n\t\t<\/section>\n\t\t\t\t<section class=\"elementor-section elementor-top-section elementor-element elementor-element-310a996 elementor-section-boxed elementor-section-height-default elementor-section-height-default\" data-id=\"310a996\" data-element_type=\"section\">\n\t\t\t\t\t\t<div class=\"elementor-container elementor-column-gap-default\">\n\t\t\t\t\t<div class=\"elementor-column elementor-col-33 elementor-top-column elementor-element elementor-element-1dd9b7d\" data-id=\"1dd9b7d\" data-element_type=\"column\">\n\t\t\t<div class=\"elementor-widget-wrap elementor-element-populated\">\n\t\t\t\t\t\t<div class=\"elementor-element elementor-element-ac0329e elementor-widget elementor-widget-text-editor\" data-id=\"ac0329e\" data-element_type=\"widget\" data-widget_type=\"text-editor.default\">\n\t\t\t\t<div class=\"elementor-widget-container\">\n\t\t\t\t\t\t\t\t\t<p>Jak zastraszy\u0107 cz\u0142owieka, albo grup\u0119 os\u00f3b, aby nie interesowali si\u0119 dzia\u0142aniami w\u0142adz na szczeblu lokalny, krajowym czy mi\u0119dzynarodowym? Szczeg\u00f3lnie je\u015bli chodzi o sprawy niewygodne czy ma\u0142o popularne, kt\u00f3re mog\u0105 w mniemaniu polityk\u00f3w im zaszkodzi\u0107.<\/p><p>Najpro\u015bciej wys\u0142a\u0107 pozew lub na przeds\u0105dowym etapie wezwanie do zaprzestania narusze\u0144 d\u00f3br osobistych owego prominenta. Cz\u0119sto za tym id\u0105 \u017c\u0105dania zap\u0142aty kwot i wystosowanie oficjalnych przeprosin. <\/p><p>Zjawisko takie to <strong>SLAPP<\/strong>. SLAPP to Strategiczne Pozwy Przeciwko Zaanga\u017cowaniu w Sprawy Publiczne \u2013 rodzaj taktyki polegaj\u0105cej na pozywaniu czy gro\u017ceniu procesem osobom ujawniaj\u0105cym r\u00f3\u017cne nadu\u017cycia czy afery w sferze \u017cycia publicznego, kr\u0119gach w\u0142adzy, biznesu.<\/p><p><br \/>Politycy wykorzystuj\u0105 aparat w\u0142adzy jakim dysponuj\u0105, aby szykanowa\u0107 aktywist\u00f3w i aktywistki, kt\u00f3rzy krytykuj\u0105 w\u0142adz\u0119. Chodzi o to, by zablokowa\u0107 ujawnianie niewygodnej prawdy i zaszkodzi\u0107 tym, kt\u00f3rzy to robi\u0105.<\/p>\t\t\t\t\t\t\t\t<\/div>\n\t\t\t\t<\/div>\n\t\t\t\t\t<\/div>\n\t\t<\/div>\n\t\t\t\t<div class=\"elementor-column elementor-col-33 elementor-top-column elementor-element elementor-element-7d1ff1a\" data-id=\"7d1ff1a\" data-element_type=\"column\">\n\t\t\t<div class=\"elementor-widget-wrap elementor-element-populated\">\n\t\t\t\t\t\t<div class=\"elementor-element elementor-element-43ec155 elementor-widget elementor-widget-text-editor\" data-id=\"43ec155\" data-element_type=\"widget\" data-widget_type=\"text-editor.default\">\n\t\t\t\t<div class=\"elementor-widget-container\">\n\t\t\t\t\t\t\t\t\t<p>\u00a0<\/p><p>\u00a0<\/p><p>\u00a0<\/p>\t\t\t\t\t\t\t\t<\/div>\n\t\t\t\t<\/div>\n\t\t\t\t<div class=\"elementor-element elementor-element-0b2ac10 elementor-widget elementor-widget-video\" data-id=\"0b2ac10\" data-element_type=\"widget\" data-settings=\"{&quot;youtube_url&quot;:&quot;https:\\\/\\\/www.youtube.com\\\/watch?v=0zPNJSOOnRE&quot;,&quot;video_type&quot;:&quot;youtube&quot;,&quot;controls&quot;:&quot;yes&quot;}\" data-widget_type=\"video.default\">\n\t\t\t\t<div class=\"elementor-widget-container\">\n\t\t\t\t\t\t\t<div class=\"elementor-wrapper elementor-open-inline\">\n\t\t\t<div class=\"elementor-video\"><\/div>\t\t<\/div>\n\t\t\t\t\t\t<\/div>\n\t\t\t\t<\/div>\n\t\t\t\t\t<\/div>\n\t\t<\/div>\n\t\t\t\t<div class=\"elementor-column elementor-col-33 elementor-top-column elementor-element elementor-element-7aff160\" data-id=\"7aff160\" data-element_type=\"column\">\n\t\t\t<div class=\"elementor-widget-wrap elementor-element-populated\">\n\t\t\t\t\t\t<div class=\"elementor-element elementor-element-14d7998 elementor-widget elementor-widget-text-editor\" data-id=\"14d7998\" data-element_type=\"widget\" data-widget_type=\"text-editor.default\">\n\t\t\t\t<div class=\"elementor-widget-container\">\n\t\t\t\t\t\t\t\t\t<p>Jaka jest najlepsza metoda na SLAPPy?<\/p>\n<p>Jedn\u0105 z nich jest <strong>jawno\u015b\u0107<\/strong>. Politycy atakuj\u0105 niepokornych obywateli, aby ich uciszy\u0107 i zastraszy\u0107, dlatego ujawnienie takich praktyk jest broni\u0105, kt\u00f3rej si\u0119 najbardziej boj\u0105. Do szerokiej opinii publicznej trafi\u0105 niewygodne dla nich fakty, a ponadto wszyscy dowiedz\u0105 si\u0119, jak uciszaj\u0105 osoby, kt\u00f3re o tych faktach m\u00f3wi\u0105.<\/p>\n<p><strong>Prawo do obrony<\/strong>. Ka\u017cdy kto jest ofiar\u0105 SLAPPu ma prawo do obrony i do szczeg\u00f3lnego wsparcia, poniewa\u017c jej przeciwnikiem jest dobrze zorganizowany aparat w\u0142adzy, bez ograniczenia finansowania i z zapleczem prawnik\u00f3w. Je\u015bli pad\u0142e\u015b ofiar\u0105 SLAPPu skontaktuj si\u0119 z nami na kancelaria@radcaprawnysikora.pl.<\/p>\n<p>Od kilku lat problem narasta, dlatego powstaje coraz wi\u0119cej organizacji chroni\u0105cych przed SLAPP, a temat nabiera na znaczeniu. Najwa\u017cniejsze s\u0105 dzia\u0142ania maj\u0105ce na celu stworzenie uregulowania prawnego chroni\u0105cego przed takimi praktykami.<\/p>\t\t\t\t\t\t\t\t<\/div>\n\t\t\t\t<\/div>\n\t\t\t\t\t<\/div>\n\t\t<\/div>\n\t\t\t\t\t<\/div>\n\t\t<\/section>\n\t\t\t\t<\/div>\n\t\t","protected":false},"excerpt":{"rendered":"<p>Kancelaria Radcy Prawnego Ma\u0142gorzata Sikora T: +48 668 24 28 40 e-mail: kancelaria@radcaprawnysikora.pl SLAPP &#8211; Strategiczne Pozwy Przeciwko Zaanga\u017cowaniu w Sprawy Publiczne Jak zastraszy\u0107 cz\u0142owieka, albo grup\u0119 os\u00f3b, aby nie interesowali si\u0119 dzia\u0142aniami w\u0142adz na szczeblu lokalny, krajowym czy mi\u0119dzynarodowym? Szczeg\u00f3lnie je\u015bli chodzi o sprawy niewygodne czy ma\u0142o popularne, kt\u00f3re mog\u0105 w mniemaniu polityk\u00f3w im [&hellip;]<\/p>\n","protected":false},"author":1,"featured_media":0,"parent":0,"menu_order":0,"comment_status":"closed","ping_status":"closed","template":"elementor_header_footer","meta":{"footnotes":""},"class_list":["post-468","page","type-page","status-publish","hentry","entry"],"_links":{"self":[{"href":"http:\/\/radcaprawnysikora.pl\/index.php?rest_route=\/wp\/v2\/pages\/468","targetHints":{"allow":["GET"]}}],"collection":[{"href":"http:\/\/radcaprawnysikora.pl\/index.php?rest_route=\/wp\/v2\/pages"}],"about":[{"href":"http:\/\/radcaprawnysikora.pl\/index.php?rest_route=\/wp\/v2\/types\/page"}],"author":[{"embeddable":true,"href":"http:\/\/radcaprawnysikora.pl\/index.php?rest_route=\/wp\/v2\/users\/1"}],"replies":[{"embeddable":true,"href":"http:\/\/radcaprawnysikora.pl\/index.php?rest_route=%2Fwp%2Fv2%2Fcomments&post=468"}],"version-history":[{"count":34,"href":"http:\/\/radcaprawnysikora.pl\/index.php?rest_route=\/wp\/v2\/pages\/468\/revisions"}],"predecessor-version":[{"id":540,"href":"http:\/\/radcaprawnysikora.pl\/index.php?rest_route=\/wp\/v2\/pages\/468\/revisions\/540"}],"wp:attachment":[{"href":"http:\/\/radcaprawnysikora.pl\/index.php?rest_route=%2Fwp%2Fv2%2Fmedia&parent=468"}],"curies":[{"name":"wp","href":"https:\/\/api.w.org\/{rel}","templated":true}]}}