{"id":46,"date":"2022-01-07T10:40:58","date_gmt":"2022-01-07T09:40:58","guid":{"rendered":"http:\/\/radcaprawnysikora.pl\/?page_id=46"},"modified":"2022-05-09T13:25:42","modified_gmt":"2022-05-09T11:25:42","slug":"szkoda-osobowa","status":"publish","type":"page","link":"http:\/\/radcaprawnysikora.pl\/?page_id=46","title":{"rendered":"Szkoda osobowa"},"content":{"rendered":"\t\t<div data-elementor-type=\"wp-page\" data-elementor-id=\"46\" class=\"elementor elementor-46\">\n\t\t\t\t\t\t<section class=\"elementor-section elementor-top-section elementor-element elementor-element-182345b elementor-section-boxed elementor-section-height-default elementor-section-height-default\" data-id=\"182345b\" data-element_type=\"section\">\n\t\t\t\t\t\t<div class=\"elementor-container elementor-column-gap-default\">\n\t\t\t\t\t<div class=\"elementor-column elementor-col-25 elementor-top-column elementor-element elementor-element-7f343f9\" data-id=\"7f343f9\" data-element_type=\"column\">\n\t\t\t<div class=\"elementor-widget-wrap elementor-element-populated\">\n\t\t\t\t\t\t<div class=\"elementor-element elementor-element-88edf32 elementor-widget elementor-widget-text-editor\" data-id=\"88edf32\" data-element_type=\"widget\" data-widget_type=\"text-editor.default\">\n\t\t\t\t<div class=\"elementor-widget-container\">\n\t\t\t\t\t\t\t\t\t<p><strong>Kancelaria Radcy Prawnego<\/strong><\/p>\t\t\t\t\t\t\t\t<\/div>\n\t\t\t\t<\/div>\n\t\t\t\t\t<\/div>\n\t\t<\/div>\n\t\t\t\t<div class=\"elementor-column elementor-col-25 elementor-top-column elementor-element elementor-element-cbfa9bd\" data-id=\"cbfa9bd\" data-element_type=\"column\">\n\t\t\t<div class=\"elementor-widget-wrap elementor-element-populated\">\n\t\t\t\t\t\t<div class=\"elementor-element elementor-element-579873d elementor-widget elementor-widget-text-editor\" data-id=\"579873d\" data-element_type=\"widget\" data-widget_type=\"text-editor.default\">\n\t\t\t\t<div class=\"elementor-widget-container\">\n\t\t\t\t\t\t\t\t\t<p><strong>Ma\u0142gorzata Sikora<\/strong><\/p>\t\t\t\t\t\t\t\t<\/div>\n\t\t\t\t<\/div>\n\t\t\t\t\t<\/div>\n\t\t<\/div>\n\t\t\t\t<div class=\"elementor-column elementor-col-25 elementor-top-column elementor-element elementor-element-714aebb\" data-id=\"714aebb\" data-element_type=\"column\">\n\t\t\t<div class=\"elementor-widget-wrap elementor-element-populated\">\n\t\t\t\t\t\t<div class=\"elementor-element elementor-element-08f03e8 elementor-widget elementor-widget-text-editor\" data-id=\"08f03e8\" data-element_type=\"widget\" data-widget_type=\"text-editor.default\">\n\t\t\t\t<div class=\"elementor-widget-container\">\n\t\t\t\t\t\t\t\t\t<p><strong>T: +48 668 24 28 40<\/strong><\/p>\t\t\t\t\t\t\t\t<\/div>\n\t\t\t\t<\/div>\n\t\t\t\t\t<\/div>\n\t\t<\/div>\n\t\t\t\t<div class=\"elementor-column elementor-col-25 elementor-top-column elementor-element elementor-element-6f7dec5\" data-id=\"6f7dec5\" data-element_type=\"column\">\n\t\t\t<div class=\"elementor-widget-wrap elementor-element-populated\">\n\t\t\t\t\t\t<div class=\"elementor-element elementor-element-24fbd33 elementor-widget elementor-widget-text-editor\" data-id=\"24fbd33\" data-element_type=\"widget\" data-widget_type=\"text-editor.default\">\n\t\t\t\t<div class=\"elementor-widget-container\">\n\t\t\t\t\t\t\t\t\t<p><strong>e-mail: kancelaria@radcaprawnysikora.pl<\/strong><\/p>\t\t\t\t\t\t\t\t<\/div>\n\t\t\t\t<\/div>\n\t\t\t\t\t<\/div>\n\t\t<\/div>\n\t\t\t\t\t<\/div>\n\t\t<\/section>\n\t\t\t\t<section class=\"elementor-section elementor-top-section elementor-element elementor-element-9ff5396 elementor-section-boxed elementor-section-height-default elementor-section-height-default\" data-id=\"9ff5396\" data-element_type=\"section\">\n\t\t\t\t\t\t<div class=\"elementor-container elementor-column-gap-default\">\n\t\t\t\t\t<div class=\"elementor-column elementor-col-50 elementor-top-column elementor-element elementor-element-d5d175e\" data-id=\"d5d175e\" data-element_type=\"column\">\n\t\t\t<div class=\"elementor-widget-wrap elementor-element-populated\">\n\t\t\t\t\t\t<div class=\"elementor-element elementor-element-501f568 elementor-widget elementor-widget-text-editor\" data-id=\"501f568\" data-element_type=\"widget\" data-widget_type=\"text-editor.default\">\n\t\t\t\t<div class=\"elementor-widget-container\">\n\t\t\t\t\t\t\t\t\t<p align=\"JUSTIFY\"><strong><span lang=\"pl-PL\">W Kancelarii ka\u017cd\u0105 szkod\u0119 rozpatrujemy indywidualnie, uwzgl\u0119dniaj\u0105c okoliczno\u015bci powstania szkody, cechy indywidualne poszkodowanego, jego wiek, zaw\u00f3d, pasje, przebieg procesu leczenia, rokowania co do powrotu do zdrowia i szereg innych czynnik\u00f3w, kt\u00f3re za ka\u017cdym razem uwzgl\u0119dniamy prowadz\u0105c likwidacj\u0119 szkody. <\/span><\/strong><\/p><p>Przy likwidacji szk\u00f3d osobowych Kancelaria kieruje si\u0119 jasnymi zasadami i stawia sobie za cel:<\/p><ul><li><p>uzyska\u0107 dla Was najwy\u017csze kwoty odszkodowania i zado\u015b\u0107uczynienia,<\/p><\/li><li><p>odci\u0105\u017cy\u0107 Was z trudu nier\u00f3wnej walki z ubezpieczycielem.<\/p><\/li><\/ul><p lang=\"pl-PL\" align=\"JUSTIFY\">Dzi\u0119ki pracy kancelarii b\u0119dziecie mogli po\u015bwi\u0119ci\u0107 czas na to co na prawd\u0119 wa\u017cne, a pieni\u0105dze, kt\u00f3re dla Was uzyskamy pokryj\u0105 wszelkie koszty jakie ponie\u015bli\u015bcie w nast\u0119pstwie doznanej szkody i b\u0119d\u0105 stanowi\u0142y realne zado\u015b\u0107uczynienie za doznan\u0105 krzywd\u0119.<\/p>\t\t\t\t\t\t\t\t<\/div>\n\t\t\t\t<\/div>\n\t\t\t\t\t<\/div>\n\t\t<\/div>\n\t\t\t\t<div class=\"elementor-column elementor-col-50 elementor-top-column elementor-element elementor-element-9472570\" data-id=\"9472570\" data-element_type=\"column\">\n\t\t\t<div class=\"elementor-widget-wrap elementor-element-populated\">\n\t\t\t\t\t\t<div class=\"elementor-element elementor-element-aea2b1e elementor-widget elementor-widget-text-editor\" data-id=\"aea2b1e\" data-element_type=\"widget\" data-widget_type=\"text-editor.default\">\n\t\t\t\t<div class=\"elementor-widget-container\">\n\t\t\t\t\t\t\t\t\t<p><span lang=\"pl-PL\">Przyczyny powstania szkody osobowej mog\u0105 by\u0107 bardzo r\u00f3\u017cne, najcz\u0119\u015bciej s\u0105 to:<\/span><\/p><ul><li><p lang=\"pl-PL\">wypadki komunikacyjne,<\/p><\/li><li><p lang=\"pl-PL\">wypadki przy pracy,<\/p><\/li><li><p lang=\"pl-PL\">po\u015blizgni\u0119cia na oblodzonym chodniku,<\/p><\/li><li><p lang=\"pl-PL\">b\u0142\u0119dy medyczne,<\/p><\/li><li><p lang=\"pl-PL\">inne przyczyny.<\/p><\/li><\/ul>\t\t\t\t\t\t\t\t<\/div>\n\t\t\t\t<\/div>\n\t\t\t\t\t<\/div>\n\t\t<\/div>\n\t\t\t\t\t<\/div>\n\t\t<\/section>\n\t\t\t\t<\/div>\n\t\t","protected":false},"excerpt":{"rendered":"<p>Kancelaria Radcy Prawnego Ma\u0142gorzata Sikora T: +48 668 24 28 40 e-mail: kancelaria@radcaprawnysikora.pl W Kancelarii ka\u017cd\u0105 szkod\u0119 rozpatrujemy indywidualnie, uwzgl\u0119dniaj\u0105c okoliczno\u015bci powstania szkody, cechy indywidualne poszkodowanego, jego wiek, zaw\u00f3d, pasje, przebieg procesu leczenia, rokowania co do powrotu do zdrowia i szereg innych czynnik\u00f3w, kt\u00f3re za ka\u017cdym razem uwzgl\u0119dniamy prowadz\u0105c likwidacj\u0119 szkody. Przy likwidacji szk\u00f3d osobowych [&hellip;]<\/p>\n","protected":false},"author":1,"featured_media":0,"parent":0,"menu_order":0,"comment_status":"closed","ping_status":"closed","template":"elementor_header_footer","meta":{"footnotes":""},"class_list":["post-46","page","type-page","status-publish","hentry","entry"],"_links":{"self":[{"href":"http:\/\/radcaprawnysikora.pl\/index.php?rest_route=\/wp\/v2\/pages\/46","targetHints":{"allow":["GET"]}}],"collection":[{"href":"http:\/\/radcaprawnysikora.pl\/index.php?rest_route=\/wp\/v2\/pages"}],"about":[{"href":"http:\/\/radcaprawnysikora.pl\/index.php?rest_route=\/wp\/v2\/types\/page"}],"author":[{"embeddable":true,"href":"http:\/\/radcaprawnysikora.pl\/index.php?rest_route=\/wp\/v2\/users\/1"}],"replies":[{"embeddable":true,"href":"http:\/\/radcaprawnysikora.pl\/index.php?rest_route=%2Fwp%2Fv2%2Fcomments&post=46"}],"version-history":[{"count":10,"href":"http:\/\/radcaprawnysikora.pl\/index.php?rest_route=\/wp\/v2\/pages\/46\/revisions"}],"predecessor-version":[{"id":403,"href":"http:\/\/radcaprawnysikora.pl\/index.php?rest_route=\/wp\/v2\/pages\/46\/revisions\/403"}],"wp:attachment":[{"href":"http:\/\/radcaprawnysikora.pl\/index.php?rest_route=%2Fwp%2Fv2%2Fmedia&parent=46"}],"curies":[{"name":"wp","href":"https:\/\/api.w.org\/{rel}","templated":true}]}}