{"id":272,"date":"2022-01-08T09:24:17","date_gmt":"2022-01-08T08:24:17","guid":{"rendered":"http:\/\/radcaprawnysikora.pl\/?page_id=272"},"modified":"2022-05-09T13:22:30","modified_gmt":"2022-05-09T11:22:30","slug":"wina-osob-trzecich","status":"publish","type":"page","link":"http:\/\/radcaprawnysikora.pl\/?page_id=272","title":{"rendered":"Wina os\u00f3b trzecich"},"content":{"rendered":"\t\t<div data-elementor-type=\"wp-page\" data-elementor-id=\"272\" class=\"elementor elementor-272\">\n\t\t\t\t\t\t<section class=\"elementor-section elementor-top-section elementor-element elementor-element-f4c8176 elementor-section-boxed elementor-section-height-default elementor-section-height-default\" data-id=\"f4c8176\" data-element_type=\"section\">\n\t\t\t\t\t\t<div class=\"elementor-container elementor-column-gap-default\">\n\t\t\t\t\t<div class=\"elementor-column elementor-col-25 elementor-top-column elementor-element elementor-element-1d0356d\" data-id=\"1d0356d\" data-element_type=\"column\">\n\t\t\t<div class=\"elementor-widget-wrap elementor-element-populated\">\n\t\t\t\t\t\t<div class=\"elementor-element elementor-element-e056788 elementor-widget elementor-widget-text-editor\" data-id=\"e056788\" data-element_type=\"widget\" data-widget_type=\"text-editor.default\">\n\t\t\t\t<div class=\"elementor-widget-container\">\n\t\t\t\t\t\t\t\t\t<p><strong>Kancelaria Radcy Prawnego<\/strong><\/p>\t\t\t\t\t\t\t\t<\/div>\n\t\t\t\t<\/div>\n\t\t\t\t\t<\/div>\n\t\t<\/div>\n\t\t\t\t<div class=\"elementor-column elementor-col-25 elementor-top-column elementor-element elementor-element-1857790\" data-id=\"1857790\" data-element_type=\"column\">\n\t\t\t<div class=\"elementor-widget-wrap elementor-element-populated\">\n\t\t\t\t\t\t<div class=\"elementor-element elementor-element-77f64f5 elementor-widget elementor-widget-text-editor\" data-id=\"77f64f5\" data-element_type=\"widget\" data-widget_type=\"text-editor.default\">\n\t\t\t\t<div class=\"elementor-widget-container\">\n\t\t\t\t\t\t\t\t\t<p><strong>Ma\u0142gorzata Sikora<\/strong><\/p>\t\t\t\t\t\t\t\t<\/div>\n\t\t\t\t<\/div>\n\t\t\t\t\t<\/div>\n\t\t<\/div>\n\t\t\t\t<div class=\"elementor-column elementor-col-25 elementor-top-column elementor-element elementor-element-e0edbf1\" data-id=\"e0edbf1\" data-element_type=\"column\">\n\t\t\t<div class=\"elementor-widget-wrap elementor-element-populated\">\n\t\t\t\t\t\t<div class=\"elementor-element elementor-element-fbb2c4c elementor-widget elementor-widget-text-editor\" data-id=\"fbb2c4c\" data-element_type=\"widget\" data-widget_type=\"text-editor.default\">\n\t\t\t\t<div class=\"elementor-widget-container\">\n\t\t\t\t\t\t\t\t\t<p><strong>T: +48 668 24 28 40<\/strong><\/p>\t\t\t\t\t\t\t\t<\/div>\n\t\t\t\t<\/div>\n\t\t\t\t\t<\/div>\n\t\t<\/div>\n\t\t\t\t<div class=\"elementor-column elementor-col-25 elementor-top-column elementor-element elementor-element-aa4f121\" data-id=\"aa4f121\" data-element_type=\"column\">\n\t\t\t<div class=\"elementor-widget-wrap elementor-element-populated\">\n\t\t\t\t\t\t<div class=\"elementor-element elementor-element-1291034 elementor-widget elementor-widget-text-editor\" data-id=\"1291034\" data-element_type=\"widget\" data-widget_type=\"text-editor.default\">\n\t\t\t\t<div class=\"elementor-widget-container\">\n\t\t\t\t\t\t\t\t\t<p><strong>e-mail: kancelaria@radcaprawnysikora.pl<\/strong><\/p>\t\t\t\t\t\t\t\t<\/div>\n\t\t\t\t<\/div>\n\t\t\t\t\t<\/div>\n\t\t<\/div>\n\t\t\t\t\t<\/div>\n\t\t<\/section>\n\t\t\t\t<section class=\"elementor-section elementor-top-section elementor-element elementor-element-e815b19 elementor-section-boxed elementor-section-height-default elementor-section-height-default\" data-id=\"e815b19\" data-element_type=\"section\">\n\t\t\t\t\t\t<div class=\"elementor-container elementor-column-gap-default\">\n\t\t\t\t\t<div class=\"elementor-column elementor-col-100 elementor-top-column elementor-element elementor-element-571533b\" data-id=\"571533b\" data-element_type=\"column\">\n\t\t\t<div class=\"elementor-widget-wrap elementor-element-populated\">\n\t\t\t\t\t\t<div class=\"elementor-element elementor-element-ddbc4b2 elementor-widget elementor-widget-text-editor\" data-id=\"ddbc4b2\" data-element_type=\"widget\" data-widget_type=\"text-editor.default\">\n\t\t\t\t<div class=\"elementor-widget-container\">\n\t\t\t\t\t\t\t\t\t<p><strong>Wina os\u00f3b trzecich<\/strong><\/p><p>Zgodnie z dyspozycj\u0105 art. 415 kc kto z winy swej wyrz\u0105dzi\u0142 drugiemu szkod\u0119 zobowi\u0105zany jest do jej naprawienia. Osoba, kt\u00f3ra doprowadzi\u0142a swoim dzia\u0142aniem lub zaniechaniem do powstania szkody mo\u017ce ponie\u015b\u0107 za to odpowiedzialno\u015b\u0107 odszkodowawcz\u0105.<\/p><p>Poni\u017cej przyk\u0142adowe sytuacje rodz\u0105ce odpowiedzialno\u015b\u0107 wobec os\u00f3b trzecich:<\/p><p>* Rowerzysta wymijaj\u0105c samochody w korku zarysowa\u0142 jeden z nich<\/p><p>* Klient w sklepie ogl\u0105daj\u0105c tablet upu\u015bci\u0142 go i zniszczy\u0142<\/p><p>* Dziecko graj\u0105c w pi\u0142k\u0119 wybi\u0142o szyb\u0119 u s\u0105siad\u00f3w<\/p><p>Aby skutecznie dochodzi\u0107 odszkodowania musz\u0105 jednocze\u015bnie wyst\u0105pi\u0107 nast\u0119puj\u0105ce przes\u0142anki:<\/p><ol><li>zaistnienie szkody,<\/li><li>niedozwolony czyn sprawcy,<\/li><li>wina sprawcy,<\/li><li>zwi\u0105zek przyczynowy mi\u0119dzy szkod\u0105 a zdarzeniem je wywo\u0142uj\u0105cym.<\/li><\/ol><p>\u00a0<\/p><p><strong>Ustalenie zobowi\u0105zanego do naprawienia szkody bywa bardzo trudne. Nie chodzi tylko o wskazanie, \u017ce konkretna osoba wyrz\u0105dzi\u0142a nam szkod\u0119. Trzeba udowodni\u0107, \u017ce ta konkretna osoba, wyrz\u0105dzi\u0142 konkretn\u0105 szkod\u0119. Udowodnienie winy to dopiero pocz\u0105tek drogi. Odzyskiwanie odszkodowania to dopiero drugi etap.<\/strong><\/p><p><strong>W kancelarii wspieramy Poszkodowanych ju\u017c na etapie ustalania zobowi\u0105zanego do naprawienia szkody. Lokalizacja miejsca zdarzenia nie ma znaczenia, poniewa\u017c prowadzimy sprawy z ca\u0142ej Polski.\u00a0<\/strong><\/p>\t\t\t\t\t\t\t\t<\/div>\n\t\t\t\t<\/div>\n\t\t\t\t\t<\/div>\n\t\t<\/div>\n\t\t\t\t\t<\/div>\n\t\t<\/section>\n\t\t\t\t<\/div>\n\t\t","protected":false},"excerpt":{"rendered":"<p>Kancelaria Radcy Prawnego Ma\u0142gorzata Sikora T: +48 668 24 28 40 e-mail: kancelaria@radcaprawnysikora.pl Wina os\u00f3b trzecich Zgodnie z dyspozycj\u0105 art. 415 kc kto z winy swej wyrz\u0105dzi\u0142 drugiemu szkod\u0119 zobowi\u0105zany jest do jej naprawienia. Osoba, kt\u00f3ra doprowadzi\u0142a swoim dzia\u0142aniem lub zaniechaniem do powstania szkody mo\u017ce ponie\u015b\u0107 za to odpowiedzialno\u015b\u0107 odszkodowawcz\u0105. Poni\u017cej przyk\u0142adowe sytuacje rodz\u0105ce odpowiedzialno\u015b\u0107 [&hellip;]<\/p>\n","protected":false},"author":1,"featured_media":0,"parent":0,"menu_order":0,"comment_status":"closed","ping_status":"closed","template":"elementor_header_footer","meta":{"footnotes":""},"class_list":["post-272","page","type-page","status-publish","hentry","entry"],"_links":{"self":[{"href":"http:\/\/radcaprawnysikora.pl\/index.php?rest_route=\/wp\/v2\/pages\/272","targetHints":{"allow":["GET"]}}],"collection":[{"href":"http:\/\/radcaprawnysikora.pl\/index.php?rest_route=\/wp\/v2\/pages"}],"about":[{"href":"http:\/\/radcaprawnysikora.pl\/index.php?rest_route=\/wp\/v2\/types\/page"}],"author":[{"embeddable":true,"href":"http:\/\/radcaprawnysikora.pl\/index.php?rest_route=\/wp\/v2\/users\/1"}],"replies":[{"embeddable":true,"href":"http:\/\/radcaprawnysikora.pl\/index.php?rest_route=%2Fwp%2Fv2%2Fcomments&post=272"}],"version-history":[{"count":9,"href":"http:\/\/radcaprawnysikora.pl\/index.php?rest_route=\/wp\/v2\/pages\/272\/revisions"}],"predecessor-version":[{"id":382,"href":"http:\/\/radcaprawnysikora.pl\/index.php?rest_route=\/wp\/v2\/pages\/272\/revisions\/382"}],"wp:attachment":[{"href":"http:\/\/radcaprawnysikora.pl\/index.php?rest_route=%2Fwp%2Fv2%2Fmedia&parent=272"}],"curies":[{"name":"wp","href":"https:\/\/api.w.org\/{rel}","templated":true}]}}