{"id":245,"date":"2022-01-08T09:17:03","date_gmt":"2022-01-08T08:17:03","guid":{"rendered":"http:\/\/radcaprawnysikora.pl\/?page_id=245"},"modified":"2022-05-09T13:24:30","modified_gmt":"2022-05-09T11:24:30","slug":"szkoda-zalaniowa","status":"publish","type":"page","link":"http:\/\/radcaprawnysikora.pl\/?page_id=245","title":{"rendered":"Szkoda zalaniowa"},"content":{"rendered":"\t\t<div data-elementor-type=\"wp-page\" data-elementor-id=\"245\" class=\"elementor elementor-245\">\n\t\t\t\t\t\t<section class=\"elementor-section elementor-top-section elementor-element elementor-element-177cae3 elementor-section-boxed elementor-section-height-default elementor-section-height-default\" data-id=\"177cae3\" data-element_type=\"section\">\n\t\t\t\t\t\t<div class=\"elementor-container elementor-column-gap-default\">\n\t\t\t\t\t<div class=\"elementor-column elementor-col-25 elementor-top-column elementor-element elementor-element-f177b35\" data-id=\"f177b35\" data-element_type=\"column\">\n\t\t\t<div class=\"elementor-widget-wrap elementor-element-populated\">\n\t\t\t\t\t\t<div class=\"elementor-element elementor-element-beb816f elementor-widget elementor-widget-text-editor\" data-id=\"beb816f\" data-element_type=\"widget\" data-widget_type=\"text-editor.default\">\n\t\t\t\t<div class=\"elementor-widget-container\">\n\t\t\t\t\t\t\t\t\t<p><strong>Kancelaria Radcy Prawnego<\/strong><\/p>\t\t\t\t\t\t\t\t<\/div>\n\t\t\t\t<\/div>\n\t\t\t\t\t<\/div>\n\t\t<\/div>\n\t\t\t\t<div class=\"elementor-column elementor-col-25 elementor-top-column elementor-element elementor-element-7aa4231\" data-id=\"7aa4231\" data-element_type=\"column\">\n\t\t\t<div class=\"elementor-widget-wrap elementor-element-populated\">\n\t\t\t\t\t\t<div class=\"elementor-element elementor-element-3f77ad0 elementor-widget elementor-widget-text-editor\" data-id=\"3f77ad0\" data-element_type=\"widget\" data-widget_type=\"text-editor.default\">\n\t\t\t\t<div class=\"elementor-widget-container\">\n\t\t\t\t\t\t\t\t\t<p><strong>Ma\u0142gorzata Sikora<\/strong><\/p>\t\t\t\t\t\t\t\t<\/div>\n\t\t\t\t<\/div>\n\t\t\t\t\t<\/div>\n\t\t<\/div>\n\t\t\t\t<div class=\"elementor-column elementor-col-25 elementor-top-column elementor-element elementor-element-3d9cc68\" data-id=\"3d9cc68\" data-element_type=\"column\">\n\t\t\t<div class=\"elementor-widget-wrap elementor-element-populated\">\n\t\t\t\t\t\t<div class=\"elementor-element elementor-element-7bb9af0 elementor-widget elementor-widget-text-editor\" data-id=\"7bb9af0\" data-element_type=\"widget\" data-widget_type=\"text-editor.default\">\n\t\t\t\t<div class=\"elementor-widget-container\">\n\t\t\t\t\t\t\t\t\t<p><strong>T: +48 668 24 28 40<\/strong><\/p>\t\t\t\t\t\t\t\t<\/div>\n\t\t\t\t<\/div>\n\t\t\t\t\t<\/div>\n\t\t<\/div>\n\t\t\t\t<div class=\"elementor-column elementor-col-25 elementor-top-column elementor-element elementor-element-fbe1e8a\" data-id=\"fbe1e8a\" data-element_type=\"column\">\n\t\t\t<div class=\"elementor-widget-wrap elementor-element-populated\">\n\t\t\t\t\t\t<div class=\"elementor-element elementor-element-fe32bd9 elementor-widget elementor-widget-text-editor\" data-id=\"fe32bd9\" data-element_type=\"widget\" data-widget_type=\"text-editor.default\">\n\t\t\t\t<div class=\"elementor-widget-container\">\n\t\t\t\t\t\t\t\t\t<p><strong>e-mail: kancelaria@radcaprawnysikora.pl<\/strong><\/p>\t\t\t\t\t\t\t\t<\/div>\n\t\t\t\t<\/div>\n\t\t\t\t\t<\/div>\n\t\t<\/div>\n\t\t\t\t\t<\/div>\n\t\t<\/section>\n\t\t\t\t<section class=\"elementor-section elementor-top-section elementor-element elementor-element-1fbd9bc elementor-section-boxed elementor-section-height-default elementor-section-height-default\" data-id=\"1fbd9bc\" data-element_type=\"section\">\n\t\t\t\t\t\t<div class=\"elementor-container elementor-column-gap-default\">\n\t\t\t\t\t<div class=\"elementor-column elementor-col-100 elementor-top-column elementor-element elementor-element-4a7875b\" data-id=\"4a7875b\" data-element_type=\"column\">\n\t\t\t<div class=\"elementor-widget-wrap elementor-element-populated\">\n\t\t\t\t\t\t<div class=\"elementor-element elementor-element-25edae8 elementor-widget elementor-widget-text-editor\" data-id=\"25edae8\" data-element_type=\"widget\" data-widget_type=\"text-editor.default\">\n\t\t\t\t<div class=\"elementor-widget-container\">\n\t\t\t\t\t\t\t\t\t<p><strong>Szkoda zalaniowa<\/strong><\/p>\n<p>Do <strong>szkody zalaniowej<\/strong> dochodzi przez wyciek z nieszczelnych rur, przelania lub wylania wody np. z pralki lub zmywarki, przeciekaj\u0105cego dachu i z innych przyczyn.<\/p>\n<p>Ka\u017cde z tych zdarze\u0144 rodzi skutek w postaci zalania domu, mieszkania, pi\u0119tra, gara\u017cu czy innego lokalu lub pomieszczenia.<\/p>\n<p>W zale\u017cno\u015bci od przyczyny odpowiedzialny za zalanie mo\u017ce by\u0107 zarz\u0105dca budynku; firma, kt\u00f3ra nienale\u017cycie przeprowadzi\u0142a remont; osoba trzecia, z kt\u00f3rej winy dosz\u0142o do zalania lub sam w\u0142a\u015bciciel lokalu. Z tego wzgl\u0119du niezwykle wa\u017cne jest ustalenie jakie dzia\u0142anie lub zaniechanie doprowadzi\u0142o do szkody zalaniowej i w\u00f3wczas b\u0119dzie mo\u017cna ustali\u0107 zobowi\u0105zanego do naprawienia szkody i zwr\u00f3ci\u0107 si\u0119 do tej osoby o odszkodowanie za napraw\u0119 zniszczonego mienia. W razie braku ustalenia odpowiedzialnego za zalanie, likwidacj\u0119 szkody mo\u017cna przeprowadzi\u0107 z w\u0142asnej polisy ubezpieczeniowej, cho\u0107 i przy takich rozwi\u0105zaniach ubezpieczyciele niejednokrotnie odmawiaj\u0105 wyp\u0142aty odszkodowania.<\/p>\n<p><strong>W kancelarii odszkodowawczej we Wroc\u0142awiu prowadzimy sprawy z ca\u0142ej Polski. Najcz\u0119stsze sprawy to zalania lub po\u017cary. <\/strong><\/p>\n<p>Dochodzenie odszkodowania przy powa\u017cnej szkodzie maj\u0105tkowej bywa skomplikowane i wymaga wiedzy specjalist\u00f3w z r\u00f3\u017cnych dziedzin, kt\u00f3rzy pomagaj\u0105 ustali\u0107 przyczyn\u0119 i rozmiar szkody. W razie braku mo\u017cliwo\u015bci polubownego rozwi\u0105zania sporu wsparcie otrzymujemy od radcy prawnego, do\u015bwiadczonego w odszkodowaniach dotycz\u0105cych szk\u00f3d maj\u0105tkowych.<\/p><p><br><\/p><p><br><\/p>\t\t\t\t\t\t\t\t<\/div>\n\t\t\t\t<\/div>\n\t\t\t\t\t<\/div>\n\t\t<\/div>\n\t\t\t\t\t<\/div>\n\t\t<\/section>\n\t\t\t\t<\/div>\n\t\t","protected":false},"excerpt":{"rendered":"<p>Kancelaria Radcy Prawnego Ma\u0142gorzata Sikora T: +48 668 24 28 40 e-mail: kancelaria@radcaprawnysikora.pl Szkoda zalaniowa Do szkody zalaniowej dochodzi przez wyciek z nieszczelnych rur, przelania lub wylania wody np. z pralki lub zmywarki, przeciekaj\u0105cego dachu i z innych przyczyn. Ka\u017cde z tych zdarze\u0144 rodzi skutek w postaci zalania domu, mieszkania, pi\u0119tra, gara\u017cu czy innego lokalu [&hellip;]<\/p>\n","protected":false},"author":1,"featured_media":0,"parent":0,"menu_order":0,"comment_status":"closed","ping_status":"closed","template":"elementor_header_footer","meta":{"footnotes":""},"class_list":["post-245","page","type-page","status-publish","hentry","entry"],"_links":{"self":[{"href":"http:\/\/radcaprawnysikora.pl\/index.php?rest_route=\/wp\/v2\/pages\/245","targetHints":{"allow":["GET"]}}],"collection":[{"href":"http:\/\/radcaprawnysikora.pl\/index.php?rest_route=\/wp\/v2\/pages"}],"about":[{"href":"http:\/\/radcaprawnysikora.pl\/index.php?rest_route=\/wp\/v2\/types\/page"}],"author":[{"embeddable":true,"href":"http:\/\/radcaprawnysikora.pl\/index.php?rest_route=\/wp\/v2\/users\/1"}],"replies":[{"embeddable":true,"href":"http:\/\/radcaprawnysikora.pl\/index.php?rest_route=%2Fwp%2Fv2%2Fcomments&post=245"}],"version-history":[{"count":14,"href":"http:\/\/radcaprawnysikora.pl\/index.php?rest_route=\/wp\/v2\/pages\/245\/revisions"}],"predecessor-version":[{"id":397,"href":"http:\/\/radcaprawnysikora.pl\/index.php?rest_route=\/wp\/v2\/pages\/245\/revisions\/397"}],"wp:attachment":[{"href":"http:\/\/radcaprawnysikora.pl\/index.php?rest_route=%2Fwp%2Fv2%2Fmedia&parent=245"}],"curies":[{"name":"wp","href":"https:\/\/api.w.org\/{rel}","templated":true}]}}