{"id":233,"date":"2022-01-08T09:13:59","date_gmt":"2022-01-08T08:13:59","guid":{"rendered":"http:\/\/radcaprawnysikora.pl\/?page_id=233"},"modified":"2022-05-09T13:23:39","modified_gmt":"2022-05-09T11:23:39","slug":"szkody-w-mieniu-prywatnym","status":"publish","type":"page","link":"http:\/\/radcaprawnysikora.pl\/?page_id=233","title":{"rendered":"Szkody w mieniu prywatnym"},"content":{"rendered":"\t\t<div data-elementor-type=\"wp-page\" data-elementor-id=\"233\" class=\"elementor elementor-233\">\n\t\t\t\t\t\t<section class=\"elementor-section elementor-top-section elementor-element elementor-element-e58d2e3 elementor-section-boxed elementor-section-height-default elementor-section-height-default\" data-id=\"e58d2e3\" data-element_type=\"section\">\n\t\t\t\t\t\t<div class=\"elementor-container elementor-column-gap-default\">\n\t\t\t\t\t<div class=\"elementor-column elementor-col-25 elementor-top-column elementor-element elementor-element-8547a48\" data-id=\"8547a48\" data-element_type=\"column\">\n\t\t\t<div class=\"elementor-widget-wrap elementor-element-populated\">\n\t\t\t\t\t\t<div class=\"elementor-element elementor-element-80c2aa3 elementor-widget elementor-widget-text-editor\" data-id=\"80c2aa3\" data-element_type=\"widget\" data-widget_type=\"text-editor.default\">\n\t\t\t\t<div class=\"elementor-widget-container\">\n\t\t\t\t\t\t\t\t\t<p><strong>Kancelaria Radcy Prawnego<\/strong><\/p>\t\t\t\t\t\t\t\t<\/div>\n\t\t\t\t<\/div>\n\t\t\t\t\t<\/div>\n\t\t<\/div>\n\t\t\t\t<div class=\"elementor-column elementor-col-25 elementor-top-column elementor-element elementor-element-b5eaa8b\" data-id=\"b5eaa8b\" data-element_type=\"column\">\n\t\t\t<div class=\"elementor-widget-wrap elementor-element-populated\">\n\t\t\t\t\t\t<div class=\"elementor-element elementor-element-0ff92d2 elementor-widget elementor-widget-text-editor\" data-id=\"0ff92d2\" data-element_type=\"widget\" data-widget_type=\"text-editor.default\">\n\t\t\t\t<div class=\"elementor-widget-container\">\n\t\t\t\t\t\t\t\t\t<p><strong>Ma\u0142gorzata Sikora<\/strong><\/p>\t\t\t\t\t\t\t\t<\/div>\n\t\t\t\t<\/div>\n\t\t\t\t\t<\/div>\n\t\t<\/div>\n\t\t\t\t<div class=\"elementor-column elementor-col-25 elementor-top-column elementor-element elementor-element-bcb46fa\" data-id=\"bcb46fa\" data-element_type=\"column\">\n\t\t\t<div class=\"elementor-widget-wrap elementor-element-populated\">\n\t\t\t\t\t\t<div class=\"elementor-element elementor-element-20f823f elementor-widget elementor-widget-text-editor\" data-id=\"20f823f\" data-element_type=\"widget\" data-widget_type=\"text-editor.default\">\n\t\t\t\t<div class=\"elementor-widget-container\">\n\t\t\t\t\t\t\t\t\t<p><strong>T: +48 668 24 28 40<\/strong><\/p>\t\t\t\t\t\t\t\t<\/div>\n\t\t\t\t<\/div>\n\t\t\t\t\t<\/div>\n\t\t<\/div>\n\t\t\t\t<div class=\"elementor-column elementor-col-25 elementor-top-column elementor-element elementor-element-8d0a9cb\" data-id=\"8d0a9cb\" data-element_type=\"column\">\n\t\t\t<div class=\"elementor-widget-wrap elementor-element-populated\">\n\t\t\t\t\t\t<div class=\"elementor-element elementor-element-d7966fd elementor-widget elementor-widget-text-editor\" data-id=\"d7966fd\" data-element_type=\"widget\" data-widget_type=\"text-editor.default\">\n\t\t\t\t<div class=\"elementor-widget-container\">\n\t\t\t\t\t\t\t\t\t<p><strong>e-mail: kancelaria@radcaprawnysikora.pl<\/strong><\/p>\t\t\t\t\t\t\t\t<\/div>\n\t\t\t\t<\/div>\n\t\t\t\t\t<\/div>\n\t\t<\/div>\n\t\t\t\t\t<\/div>\n\t\t<\/section>\n\t\t\t\t<section class=\"elementor-section elementor-top-section elementor-element elementor-element-e486f41 elementor-section-boxed elementor-section-height-default elementor-section-height-default\" data-id=\"e486f41\" data-element_type=\"section\">\n\t\t\t\t\t\t<div class=\"elementor-container elementor-column-gap-default\">\n\t\t\t\t\t<div class=\"elementor-column elementor-col-100 elementor-top-column elementor-element elementor-element-532c520\" data-id=\"532c520\" data-element_type=\"column\">\n\t\t\t<div class=\"elementor-widget-wrap elementor-element-populated\">\n\t\t\t\t\t\t<div class=\"elementor-element elementor-element-76cada4 elementor-widget elementor-widget-text-editor\" data-id=\"76cada4\" data-element_type=\"widget\" data-widget_type=\"text-editor.default\">\n\t\t\t\t<div class=\"elementor-widget-container\">\n\t\t\t\t\t\t\t\t\t<p><strong>Szkody w mieniu prywatnym<\/strong><\/p><p><strong>Szkody w mieniu prywatnym<\/strong>, kt\u00f3re najcz\u0119\u015bciej zdarzaj\u0105 si\u0119 w domu potrafi\u0105 by\u0107 niezwykle uci\u0105\u017cliwe i niejednokrotnie dramatyczne w skutkach. Ubezpieczyciele nawet ch\u0119tniej wyp\u0142acaj\u0105 odszkodowania za ma\u0142e szkody, jak np. st\u0142uczenie szyby, natomiast w przypadku szk\u00f3d w wi\u0119kszych rozmiarach szukaj\u0105 sposobu na odmow\u0119 wyp\u0142aty odszkodowania lub minimalizacj\u0119 swojego udzia\u0142u w szkodzie, na skutek czego Poszkodowany dostaje zani\u017cone odszkodowanie.<\/p><p>Jako przyczyny odmowy podaj\u0105 np. win\u0119 Poszkodowanego, istnienie szkody przed zdarzeniem, powo\u0142uj\u0105 si\u0119 na zapisy og\u00f3lnych warunk\u00f3w ubezpieczenia i znajduj\u0105 paragrafy na to, aby nie wyp\u0142aci\u0107 odszkodowania.<\/p><p>Mo\u017cna odnie\u015b\u0107 wra\u017cenie, \u017ce dla ubezpieczyciela licz\u0105 si\u0119 cyfry, rachunek techniczny i wyniki, a nie zwrot pe\u0142nej kwoty odszkodowania za poniesion\u0105 przez Poszkodowanego szkod\u0119.<\/p><p>\u00a0<\/p><p><strong>W kancelarii odszkodowawczej we Wroc\u0142awiu prowadzimy sprawy z ca\u0142ej Polski. Najcz\u0119stsze sprawy to zalania lub po\u017cary. <\/strong><\/p><p>Dochodzenie odszkodowania przy powa\u017cnej szkodzie maj\u0105tkowej bywa skomplikowane i wymaga wiedzy specjalist\u00f3w z r\u00f3\u017cnych dziedzin, kt\u00f3rzy pomagaj\u0105 ustali\u0107 przyczyn\u0119 i rozmiar szkody. W razie braku mo\u017cliwo\u015bci polubownego rozwi\u0105zania sporu wsparcie otrzymujemy od radcy prawnego, do\u015bwiadczonego w odszkodowaniach dotycz\u0105cych szk\u00f3d maj\u0105tkowych.<\/p>\t\t\t\t\t\t\t\t<\/div>\n\t\t\t\t<\/div>\n\t\t\t\t\t<\/div>\n\t\t<\/div>\n\t\t\t\t\t<\/div>\n\t\t<\/section>\n\t\t\t\t<\/div>\n\t\t","protected":false},"excerpt":{"rendered":"<p>Kancelaria Radcy Prawnego Ma\u0142gorzata Sikora T: +48 668 24 28 40 e-mail: kancelaria@radcaprawnysikora.pl Szkody w mieniu prywatnym Szkody w mieniu prywatnym, kt\u00f3re najcz\u0119\u015bciej zdarzaj\u0105 si\u0119 w domu potrafi\u0105 by\u0107 niezwykle uci\u0105\u017cliwe i niejednokrotnie dramatyczne w skutkach. Ubezpieczyciele nawet ch\u0119tniej wyp\u0142acaj\u0105 odszkodowania za ma\u0142e szkody, jak np. st\u0142uczenie szyby, natomiast w przypadku szk\u00f3d w wi\u0119kszych rozmiarach [&hellip;]<\/p>\n","protected":false},"author":1,"featured_media":0,"parent":0,"menu_order":0,"comment_status":"closed","ping_status":"closed","template":"elementor_header_footer","meta":{"footnotes":""},"class_list":["post-233","page","type-page","status-publish","hentry","entry"],"_links":{"self":[{"href":"http:\/\/radcaprawnysikora.pl\/index.php?rest_route=\/wp\/v2\/pages\/233","targetHints":{"allow":["GET"]}}],"collection":[{"href":"http:\/\/radcaprawnysikora.pl\/index.php?rest_route=\/wp\/v2\/pages"}],"about":[{"href":"http:\/\/radcaprawnysikora.pl\/index.php?rest_route=\/wp\/v2\/types\/page"}],"author":[{"embeddable":true,"href":"http:\/\/radcaprawnysikora.pl\/index.php?rest_route=\/wp\/v2\/users\/1"}],"replies":[{"embeddable":true,"href":"http:\/\/radcaprawnysikora.pl\/index.php?rest_route=%2Fwp%2Fv2%2Fcomments&post=233"}],"version-history":[{"count":9,"href":"http:\/\/radcaprawnysikora.pl\/index.php?rest_route=\/wp\/v2\/pages\/233\/revisions"}],"predecessor-version":[{"id":392,"href":"http:\/\/radcaprawnysikora.pl\/index.php?rest_route=\/wp\/v2\/pages\/233\/revisions\/392"}],"wp:attachment":[{"href":"http:\/\/radcaprawnysikora.pl\/index.php?rest_route=%2Fwp%2Fv2%2Fmedia&parent=233"}],"curies":[{"name":"wp","href":"https:\/\/api.w.org\/{rel}","templated":true}]}}