{"id":156,"date":"2022-01-07T18:14:43","date_gmt":"2022-01-07T17:14:43","guid":{"rendered":"http:\/\/radcaprawnysikora.pl\/?page_id=156"},"modified":"2022-05-09T13:24:51","modified_gmt":"2022-05-09T11:24:51","slug":"szkoda-z-oc-komunikacyjnego","status":"publish","type":"page","link":"http:\/\/radcaprawnysikora.pl\/?page_id=156","title":{"rendered":"Szkoda z OC komunikacyjnego"},"content":{"rendered":"\t\t<div data-elementor-type=\"wp-page\" data-elementor-id=\"156\" class=\"elementor elementor-156\">\n\t\t\t\t\t\t<section class=\"elementor-section elementor-top-section elementor-element elementor-element-d88984e elementor-section-boxed elementor-section-height-default elementor-section-height-default\" data-id=\"d88984e\" data-element_type=\"section\">\n\t\t\t\t\t\t<div class=\"elementor-container elementor-column-gap-default\">\n\t\t\t\t\t<div class=\"elementor-column elementor-col-25 elementor-top-column elementor-element elementor-element-915cd9b\" data-id=\"915cd9b\" data-element_type=\"column\">\n\t\t\t<div class=\"elementor-widget-wrap elementor-element-populated\">\n\t\t\t\t\t\t<div class=\"elementor-element elementor-element-a7ab583 elementor-widget elementor-widget-text-editor\" data-id=\"a7ab583\" data-element_type=\"widget\" data-widget_type=\"text-editor.default\">\n\t\t\t\t<div class=\"elementor-widget-container\">\n\t\t\t\t\t\t\t\t\t<p><strong>Kancelaria Radcy Prawnego<\/strong><\/p>\t\t\t\t\t\t\t\t<\/div>\n\t\t\t\t<\/div>\n\t\t\t\t\t<\/div>\n\t\t<\/div>\n\t\t\t\t<div class=\"elementor-column elementor-col-25 elementor-top-column elementor-element elementor-element-7b53d93\" data-id=\"7b53d93\" data-element_type=\"column\">\n\t\t\t<div class=\"elementor-widget-wrap elementor-element-populated\">\n\t\t\t\t\t\t<div class=\"elementor-element elementor-element-f3cb74b elementor-widget elementor-widget-text-editor\" data-id=\"f3cb74b\" data-element_type=\"widget\" data-widget_type=\"text-editor.default\">\n\t\t\t\t<div class=\"elementor-widget-container\">\n\t\t\t\t\t\t\t\t\t<p><strong>Ma\u0142gorzata Sikora<\/strong><\/p>\t\t\t\t\t\t\t\t<\/div>\n\t\t\t\t<\/div>\n\t\t\t\t\t<\/div>\n\t\t<\/div>\n\t\t\t\t<div class=\"elementor-column elementor-col-25 elementor-top-column elementor-element elementor-element-248669a\" data-id=\"248669a\" data-element_type=\"column\">\n\t\t\t<div class=\"elementor-widget-wrap elementor-element-populated\">\n\t\t\t\t\t\t<div class=\"elementor-element elementor-element-0eec457 elementor-widget elementor-widget-text-editor\" data-id=\"0eec457\" data-element_type=\"widget\" data-widget_type=\"text-editor.default\">\n\t\t\t\t<div class=\"elementor-widget-container\">\n\t\t\t\t\t\t\t\t\t<p><strong>T: +48 668 24 28 40<\/strong><\/p>\t\t\t\t\t\t\t\t<\/div>\n\t\t\t\t<\/div>\n\t\t\t\t\t<\/div>\n\t\t<\/div>\n\t\t\t\t<div class=\"elementor-column elementor-col-25 elementor-top-column elementor-element elementor-element-3b3f1ff\" data-id=\"3b3f1ff\" data-element_type=\"column\">\n\t\t\t<div class=\"elementor-widget-wrap elementor-element-populated\">\n\t\t\t\t\t\t<div class=\"elementor-element elementor-element-f3edb4c elementor-widget elementor-widget-text-editor\" data-id=\"f3edb4c\" data-element_type=\"widget\" data-widget_type=\"text-editor.default\">\n\t\t\t\t<div class=\"elementor-widget-container\">\n\t\t\t\t\t\t\t\t\t<p><strong>e-mail: kancelaria@radcaprawnysikora.pl<\/strong><\/p>\t\t\t\t\t\t\t\t<\/div>\n\t\t\t\t<\/div>\n\t\t\t\t\t<\/div>\n\t\t<\/div>\n\t\t\t\t\t<\/div>\n\t\t<\/section>\n\t\t\t\t<section class=\"elementor-section elementor-top-section elementor-element elementor-element-f0e74ff elementor-section-boxed elementor-section-height-default elementor-section-height-default\" data-id=\"f0e74ff\" data-element_type=\"section\">\n\t\t\t\t\t\t<div class=\"elementor-container elementor-column-gap-default\">\n\t\t\t\t\t<div class=\"elementor-column elementor-col-50 elementor-top-column elementor-element elementor-element-bf74d77\" data-id=\"bf74d77\" data-element_type=\"column\">\n\t\t\t<div class=\"elementor-widget-wrap elementor-element-populated\">\n\t\t\t\t\t\t<div class=\"elementor-element elementor-element-63445f1 elementor-widget elementor-widget-text-editor\" data-id=\"63445f1\" data-element_type=\"widget\" data-widget_type=\"text-editor.default\">\n\t\t\t\t<div class=\"elementor-widget-container\">\n\t\t\t\t\t\t\t\t\t<p>Kancelaria z Wroc\u0142awia oferuje swoj\u0105 pomoc osobom, kt\u00f3re ubiegaj\u0105 si\u0119 o odszkodowania komunikacyjne, czyli z OC sprawcy. Zdarzenia drogowe, kt\u00f3re ko\u0144cz\u0105 si\u0119 uszczerbkiem na zdrowiu czy uszkodzeniem pojazdu, to sytuacje, kt\u00f3re wyst\u0119puj\u0105 bardzo cz\u0119sto. Jednak z tego tytu\u0142u mo\u017cna dochodzi\u0107 roszcze\u0144 odszkodowawczych. Je\u015bli przydarzy\u0142a Ci si\u0119 taka sprawa, a:<br \/>\u2022 nie wiesz, jak samodzielnie stara\u0107 si\u0119 o nale\u017cne Ci pieni\u0105dze,<br \/>\u2022 ubezpieczyciel odm\u00f3wi\u0142 ich wyp\u0142aty lub zani\u017cy\u0142 wnioskowan\u0105 przez Ciebie kwot\u0119,<br \/>mo\u017cesz liczy\u0107 na nasze profesjonalne wsparcie! Powalczymy w Twoim imieniu o odszkodowanie po wypadku! Reprezentujemy klient\u00f3w z r\u00f3\u017cnych zak\u0105tk\u00f3w kraju!<\/p><p><strong>Jak dzia\u0142amy w sprawie Twojego odszkodowania komunikacyjnego?<\/strong><\/p><p>\u015arodki komunikacji s\u0105 w wi\u0119kszo\u015bci obj\u0119te obowi\u0105zkowym ubezpieczeniem od odpowiedzialno\u015bci cywilnej, kt\u00f3re skr\u00f3towo nazywamy <strong>OC<\/strong>. W przypadku zdarze\u0144\u00a0komunikacyjnych mo\u017cesz\u00a0zwr\u00f3ci\u0107 si\u0119 za naszym po\u015brednictwem o wyp\u0142at\u0119 <strong>odszkodowania powypadkowego<\/strong>. Dzia\u0142amy na terenie Wroc\u0142awia oraz innych miejscowo\u015bci.<\/p>\t\t\t\t\t\t\t\t<\/div>\n\t\t\t\t<\/div>\n\t\t\t\t\t<\/div>\n\t\t<\/div>\n\t\t\t\t<div class=\"elementor-column elementor-col-50 elementor-top-column elementor-element elementor-element-d8f2b92\" data-id=\"d8f2b92\" data-element_type=\"column\">\n\t\t\t<div class=\"elementor-widget-wrap elementor-element-populated\">\n\t\t\t\t\t\t<div class=\"elementor-element elementor-element-7259fec elementor-widget elementor-widget-text-editor\" data-id=\"7259fec\" data-element_type=\"widget\" data-widget_type=\"text-editor.default\">\n\t\t\t\t<div class=\"elementor-widget-container\">\n\t\t\t\t\t\t\t\t\t<p><strong>Ile masz czasu na z\u0142o\u017cenie wniosku o odszkodowanie powypadkowe?<\/strong><\/p><p>W 2019 roku na terenie Wroc\u0142awia i regionu wed\u0142ug Urz\u0119du Marsza\u0142kowskiego Wojew\u00f3dztwa Dolno\u015bl\u0105skiego (Wydzia\u0142u Miar i Kartografii) dosz\u0142o do ponad 1 929 wypadk\u00f3w oraz kolizji drogowych. Ka\u017cda z tych spraw to co najmniej dwa post\u0119powania odszkodowawcze. Dlatego nie warto czeka\u0107. Ka\u017cdy z nas b\u0119dzie si\u0119 o takie \u015bwiadczenie ubiega\u0142 w ci\u0105gu swojego \u017cycia.<br \/>Je\u017celi chcesz uzyska\u0107 \u015brodki po wypadku od sprawcy z jego OC, zg\u0142o\u015b si\u0119 do Kancelarii.<br \/>Roszczenie o wyp\u0142at\u0119 odszkodowania w zwi\u0105zku z kolizj\u0105 przedawnia si\u0119 w ci\u0105gu 3 lat od dnia, w kt\u00f3rym dowiesz si\u0119 (lub przy zachowaniu nale\u017cytej staranno\u015bci mo\u017cesz si\u0119 dowiedzie\u0107) o szkodzie i osobie zobowi\u0105zanej do jej naprawienia. Jednak okres ten nie mo\u017ce przekroczy\u0107 10 lat od dnia zdarzenia. W przypadku odszkodowa\u0144 z tytu\u0142u poniesionych obra\u017ce\u0144 cia\u0142a lub \u015bmierci osoby najbli\u017cszej termin przedawnienia wynosi 20 lat od dnia wyrz\u0105dzenia szkody. Nie ma tu znaczenia, to kiedy si\u0119 o tym dowiedzia\u0142e\u015b.<br \/>Standardowo na wyp\u0142at\u0119 odszkodowania komunikacyjnego z OC ubezpieczyciel ma 30 dni, licz\u0105c od dnia z\u0142o\u017cenia zawiadomienia o szkodzie przez osob\u0119 uprawnion\u0105 lub poszkodowan\u0105. Tylko w uzasadnionych sytuacjach termin ten mo\u017ce si\u0119 przed\u0142u\u017cy\u0107. Na ewentualne odwo\u0142anie si\u0119 od jego decyzji masz 3 lata.<\/p>\t\t\t\t\t\t\t\t<\/div>\n\t\t\t\t<\/div>\n\t\t\t\t\t<\/div>\n\t\t<\/div>\n\t\t\t\t\t<\/div>\n\t\t<\/section>\n\t\t\t\t<section class=\"elementor-section elementor-top-section elementor-element elementor-element-8b1901f elementor-section-boxed elementor-section-height-default elementor-section-height-default\" data-id=\"8b1901f\" data-element_type=\"section\">\n\t\t\t\t\t\t<div class=\"elementor-container elementor-column-gap-default\">\n\t\t\t\t\t<div class=\"elementor-column elementor-col-50 elementor-top-column elementor-element elementor-element-6fcd475\" data-id=\"6fcd475\" data-element_type=\"column\">\n\t\t\t<div class=\"elementor-widget-wrap elementor-element-populated\">\n\t\t\t\t\t\t<div class=\"elementor-element elementor-element-3298b91 elementor-widget elementor-widget-text-editor\" data-id=\"3298b91\" data-element_type=\"widget\" data-widget_type=\"text-editor.default\">\n\t\t\t\t<div class=\"elementor-widget-container\">\n\t\t\t\t\t\t\t\t\t<p><strong>Co Ci przys\u0142uguje z tytu\u0142u poniesionej szkody?<\/strong><\/p><p>Przy <strong>szkodzie w poje\u017adzie z tytu\u0142u OC sprawcy<\/strong> mo\u017cesz ubiega\u0107 si\u0119 o:<\/p><ul><li>pe\u0142ne <strong>odszkodowanie<\/strong> za napraw\u0119,<\/li><li>zwrot koszt\u00f3w holowania,<\/li><li>zwrot koszt\u00f3w parkingu,<\/li><li>zwrot kosz\u00f3w za najem pojazdu zast\u0119pczego,<\/li><li>zwrot za rzeczy uszkodzone w trakcie wypadku.<\/li><\/ul><p>Ubezpieczyciel sprawcy powinien pokry\u0107 te koszty w pe\u0142nej wysoko\u015bci, jednak bardzo cz\u0119sto zani\u017ca <strong>odszkodowania<\/strong>, a poszkodowany wobec braku specjalistycznej wiedzy niejednokrotnie godzi si\u0119 na to i koszty skutk\u00f3w wypadku pokrywa z w\u0142asnej kieszeni.<\/p><p>W wyniku szkody w poje\u017adzie powsta\u0142ej na skutek kolizji Poszkodowany mo\u017ce \u017c\u0105da\u0107, aby ubezpieczyciel pokry\u0142 koszty naprawy do tego stopnia, aby samoch\u00f3d zosta\u0142 przywr\u00f3cony do stanu sprzed szkody i to pod ka\u017cdym wzgl\u0119dem, w tym stanu technicznego, zdolno\u015bci u\u017cytkowania, cz\u0119\u015bci sk\u0142adowych, trwa\u0142o\u015bci, wygl\u0105du estetycznego, itd.<\/p>\t\t\t\t\t\t\t\t<\/div>\n\t\t\t\t<\/div>\n\t\t\t\t\t<\/div>\n\t\t<\/div>\n\t\t\t\t<div class=\"elementor-column elementor-col-50 elementor-top-column elementor-element elementor-element-e8c1f9d\" data-id=\"e8c1f9d\" data-element_type=\"column\">\n\t\t\t<div class=\"elementor-widget-wrap elementor-element-populated\">\n\t\t\t\t\t\t<div class=\"elementor-element elementor-element-7b5ff94 elementor-widget elementor-widget-text-editor\" data-id=\"7b5ff94\" data-element_type=\"widget\" data-widget_type=\"text-editor.default\">\n\t\t\t\t<div class=\"elementor-widget-container\">\n\t\t\t\t\t\t\t\t\t<p><strong>Odszkodowania powypadkowe<\/strong> przys\u0142uguj\u0105 tak\u017ce\u00a0za leczenie i rehabilitacj\u0119, kt\u00f3re s\u0105 nast\u0119pstwem wypadku. W wyniku tego zdarzenia mog\u0142e\u015b odnie\u015b\u0107 r\u00f3\u017cne urazy, kt\u00f3re wymaga\u0142y kr\u00f3tszej lub d\u0142u\u017cszej, bardziej lub mniej skomplikowanie hospitalizacji. Po wyj\u015bciu ze szpitala okaza\u0142o si\u0119, \u017ce musisz dodatkowo skorzysta\u0107 z pomocy fizjoterapeuty lub innego specjalisty? Wszystkie poniesione w zwi\u0105zku z tym wydatki mo\u017cesz odzyska\u0107. Co wi\u0119cej \u2013 mo\u017cesz wybra\u0107 plac\u00f3wk\u0119 medyczn\u0105, w kt\u00f3rej odb\u0119dziesz rekonwalescencj\u0119. Gdy ubezpieczyciel zakwestionuje leczenie w prywatnej klinice, b\u0119dzie musia\u0142 udowodni\u0107, \u017ce by\u0142o ono niecelowe. Je\u017celi wypadek wp\u0142yn\u0105\u0142 na to, \u017ce przez kilka kolejnych tygodni czy nawet miesi\u0119cy nie mog\u0142e\u015b lub nie b\u0119dziesz m\u00f3g\u0142 wr\u00f3ci\u0107 do pracy, w\u00f3wczas z <strong>OC<\/strong> sprawcy nale\u017cy Ci si\u0119 zwrot korzy\u015bci, kt\u00f3re m\u00f3g\u0142by\u015b osi\u0105gn\u0105\u0107, gdyby nie zdarzenie drogowe. Ponadto, gdy utraci\u0142e\u015b zdolno\u015b\u0107 do wykonywania pracy, masz r\u00f3wnie\u017c prawo do renty (tymczasowej lub sta\u0142ej). To \u015bwiadczenie mo\u017ce by\u0107 wyp\u0142acane co miesi\u0105c lub otrzymasz jednorazowo.<\/p>\t\t\t\t\t\t\t\t<\/div>\n\t\t\t\t<\/div>\n\t\t\t\t\t<\/div>\n\t\t<\/div>\n\t\t\t\t\t<\/div>\n\t\t<\/section>\n\t\t\t\t<section class=\"elementor-section elementor-top-section elementor-element elementor-element-23ef208 elementor-section-boxed elementor-section-height-default elementor-section-height-default\" data-id=\"23ef208\" data-element_type=\"section\">\n\t\t\t\t\t\t<div class=\"elementor-container elementor-column-gap-default\">\n\t\t\t\t\t<div class=\"elementor-column elementor-col-50 elementor-top-column elementor-element elementor-element-1f84c84\" data-id=\"1f84c84\" data-element_type=\"column\">\n\t\t\t<div class=\"elementor-widget-wrap elementor-element-populated\">\n\t\t\t\t\t\t<div class=\"elementor-element elementor-element-1136b44 elementor-widget elementor-widget-text-editor\" data-id=\"1136b44\" data-element_type=\"widget\" data-widget_type=\"text-editor.default\">\n\t\t\t\t<div class=\"elementor-widget-container\">\n\t\t\t\t\t\t\t\t\t<p><strong>Kto jeszcze mo\u017ce stara\u0107 si\u0119 o odszkodowanie z OC sprawcy?<\/strong><\/p><p>Nie tylko osoby, kt\u00f3re zosta\u0142y poszkodowane w wyniku wypadku drogowego, mog\u0105 stara\u0107 si\u0119 o <strong>odszkodowanie z OC <\/strong>sprawcy. Zado\u015b\u0107uczynienie za krzywd\u0119 oraz cierpienie psychiczne przys\u0142uguje tak\u017ce ich bliskim (gdy np. poszkodowani zmarli). Jego wielko\u015b\u0107 nie jest szacowana w\u00f3wczas na podstawie dokument\u00f3w. Na wycen\u0119 wp\u0142yw maj\u0105 takie czynniki jak np. rola, jak\u0105 pe\u0142ni\u0142a osoba zmar\u0142a w rodzinie i wp\u0142yw tej \u015bmierci na funkcjonowanie wszystkich jej cz\u0142onk\u00f3w, intensywno\u015b\u0107 cierpie\u0144 psychicznych, poczucie osamotnienia, dolegliwo\u015bci fizyczne.<\/p><p><strong>Jakie s\u0105 zalety wsp\u00f3\u0142pracy z kancelari\u0105?<\/strong><\/p><p>Je\u015bli zdecydujesz si\u0119 przekaza\u0107 nam swoj\u0105 spraw\u0119 o <strong>odszkodowanie powypadkowe we Wroc\u0142awiu <\/strong>lub innym miejscu, gwarantujemy, \u017ce b\u0119dzie to korzystne rozwi\u0105zanie. Przyk\u0142adowe zalety wsp\u00f3\u0142pracy z kancelari\u0105 to:<\/p><ul><li>zajmiemy si\u0119 Twoim problemem bez op\u0142at wst\u0119pnych.<\/li><\/ul><ul><li>dok\u0142adnie przeanalizujemy spraw\u0119 i wyliczymy nale\u017cne Ci <strong>odszkodowanie.<\/strong><\/li><li>b\u0119dziemy stara\u0107 si\u0119 o satysfakcjonuj\u0105c\u0105 Ci\u0119 kwot\u0119.<\/li><\/ul><ul><li>negocjacji wysokich stawek w Twoim imieniu podejm\u0105 si\u0119 najlepsi specjali\u015bci.<\/li><\/ul><p>Pomo\u017cemy Ci na ka\u017cdym etapie sprawy \u2013 zar\u00f3wno wtedy, gdy b\u0119dziesz dopiero wnioskowa\u0142 o przyznanie Ci odszkodowania komunikacyjnego, jak i wtedy, gdy b\u0119dziesz si\u0119 odwo\u0142ywa\u0142 od decyzji firmy ubezpieczeniowej. B\u0119dziemy reprezentowa\u0107 Ci\u0119 na etapie przeds\u0105dowym oraz s\u0105dowym.<\/p>\t\t\t\t\t\t\t\t<\/div>\n\t\t\t\t<\/div>\n\t\t\t\t\t<\/div>\n\t\t<\/div>\n\t\t\t\t<div class=\"elementor-column elementor-col-50 elementor-top-column elementor-element elementor-element-3c86515\" data-id=\"3c86515\" data-element_type=\"column\">\n\t\t\t<div class=\"elementor-widget-wrap elementor-element-populated\">\n\t\t\t\t\t\t<div class=\"elementor-element elementor-element-fdeda2b elementor-widget elementor-widget-text-editor\" data-id=\"fdeda2b\" data-element_type=\"widget\" data-widget_type=\"text-editor.default\">\n\t\t\t\t<div class=\"elementor-widget-container\">\n\t\t\t\t\t\t\t\t\t<p><strong>Dlaczego warto skorzysta\u0107 z naszej pomocy w sprawie o odszkodowanie?<\/strong><\/p><p>Dochodzenie <strong>odszkodowania z OC<\/strong>, AC, czy NNW w przypadku kolizji i wypadk\u00f3w samochodowych od firm ubezpieczeniowych jest cz\u0119sto \u017cmudnym procesem, zw\u0142aszcza w przypadku odmowy lub zani\u017cenia wyp\u0142aty. Jednak nie warto si\u0119 poddawa\u0107 w tej kwestii. Wynajmuj\u0105c specjalist\u00f3w, ca\u0142\u0105 biurokracj\u0119 \u2013 kompletowanie dokumentacji i dostarczanie jej w terminie, reprezentacj\u0119 w s\u0105dzie, pisanie pism \u2013 zostawiasz nam. W ten spos\u00f3b masz pewno\u015b\u0107, \u017ce kto\u015b dba o Tw\u00f3j interes i podejmie wszelkie dozwolone kroki prawne, aby\u015b otrzyma\u0142 nale\u017cne pieni\u0105dze za odniesione w wyniku wypadku obra\u017cenia, leczenie, rehabilitacj\u0119 czy napraw\u0119 pojazdu. Dla Optimum ka\u017cda sprawa jest r\u00f3wnie wa\u017cna i szczeg\u00f3\u0142owo analizowana. Dotychczasowe du\u017ce do\u015bwiadczenie w sprawcach mniej i bardziej skomplikowanych z pewno\u015bci\u0105 jest jedynym z naszych atut\u00f3w. W ramach <strong>odszkodowa\u0144 powypadkowych <\/strong>mo\u017cemy Ci tak\u017ce pom\u00f3c, je\u015bli ucierpia\u0142e\u015b w wyniku zdarzenia, jakie mia\u0142o miejsce np.:<\/p><ul><li>podczas wykonywania obowi\u0105zk\u00f3w s\u0142u\u017cbowych,<\/li><li>na chodniku,<\/li><li>w czasie prac rolnych.<\/li><\/ul><p>Potrzebujesz skutecznej pomocy, aby otrzyma\u0107 nale\u017cne zado\u015b\u0107uczynienie? Zwr\u00f3\u0107 si\u0119 do <strong>wroc\u0142awskiej<\/strong> kancelarii! Dzia\u0142amy na terenie ca\u0142ego kraju!<\/p>\t\t\t\t\t\t\t\t<\/div>\n\t\t\t\t<\/div>\n\t\t\t\t\t<\/div>\n\t\t<\/div>\n\t\t\t\t\t<\/div>\n\t\t<\/section>\n\t\t\t\t<\/div>\n\t\t","protected":false},"excerpt":{"rendered":"<p>Kancelaria Radcy Prawnego Ma\u0142gorzata Sikora T: +48 668 24 28 40 e-mail: kancelaria@radcaprawnysikora.pl Kancelaria z Wroc\u0142awia oferuje swoj\u0105 pomoc osobom, kt\u00f3re ubiegaj\u0105 si\u0119 o odszkodowania komunikacyjne, czyli z OC sprawcy. Zdarzenia drogowe, kt\u00f3re ko\u0144cz\u0105 si\u0119 uszczerbkiem na zdrowiu czy uszkodzeniem pojazdu, to sytuacje, kt\u00f3re wyst\u0119puj\u0105 bardzo cz\u0119sto. Jednak z tego tytu\u0142u mo\u017cna dochodzi\u0107 roszcze\u0144 odszkodowawczych. [&hellip;]<\/p>\n","protected":false},"author":1,"featured_media":0,"parent":0,"menu_order":0,"comment_status":"closed","ping_status":"closed","template":"elementor_header_footer","meta":{"footnotes":""},"class_list":["post-156","page","type-page","status-publish","hentry","entry"],"_links":{"self":[{"href":"http:\/\/radcaprawnysikora.pl\/index.php?rest_route=\/wp\/v2\/pages\/156","targetHints":{"allow":["GET"]}}],"collection":[{"href":"http:\/\/radcaprawnysikora.pl\/index.php?rest_route=\/wp\/v2\/pages"}],"about":[{"href":"http:\/\/radcaprawnysikora.pl\/index.php?rest_route=\/wp\/v2\/types\/page"}],"author":[{"embeddable":true,"href":"http:\/\/radcaprawnysikora.pl\/index.php?rest_route=\/wp\/v2\/users\/1"}],"replies":[{"embeddable":true,"href":"http:\/\/radcaprawnysikora.pl\/index.php?rest_route=%2Fwp%2Fv2%2Fcomments&post=156"}],"version-history":[{"count":26,"href":"http:\/\/radcaprawnysikora.pl\/index.php?rest_route=\/wp\/v2\/pages\/156\/revisions"}],"predecessor-version":[{"id":398,"href":"http:\/\/radcaprawnysikora.pl\/index.php?rest_route=\/wp\/v2\/pages\/156\/revisions\/398"}],"wp:attachment":[{"href":"http:\/\/radcaprawnysikora.pl\/index.php?rest_route=%2Fwp%2Fv2%2Fmedia&parent=156"}],"curies":[{"name":"wp","href":"https:\/\/api.w.org\/{rel}","templated":true}]}}