{"id":142,"date":"2022-01-07T18:05:05","date_gmt":"2022-01-07T17:05:05","guid":{"rendered":"http:\/\/radcaprawnysikora.pl\/?page_id=142"},"modified":"2022-05-09T13:26:11","modified_gmt":"2022-05-09T11:26:11","slug":"odszkodowanie-za-najem-pojazdu-zastepczego","status":"publish","type":"page","link":"http:\/\/radcaprawnysikora.pl\/?page_id=142","title":{"rendered":"Odszkodowanie za najem pojazdu zast\u0119pczego"},"content":{"rendered":"\t\t<div data-elementor-type=\"wp-page\" data-elementor-id=\"142\" class=\"elementor elementor-142\">\n\t\t\t\t\t\t<section class=\"elementor-section elementor-top-section elementor-element elementor-element-acfaf1e elementor-section-boxed elementor-section-height-default elementor-section-height-default\" data-id=\"acfaf1e\" data-element_type=\"section\">\n\t\t\t\t\t\t<div class=\"elementor-container elementor-column-gap-default\">\n\t\t\t\t\t<div class=\"elementor-column elementor-col-25 elementor-top-column elementor-element elementor-element-9d5ff43\" data-id=\"9d5ff43\" data-element_type=\"column\">\n\t\t\t<div class=\"elementor-widget-wrap elementor-element-populated\">\n\t\t\t\t\t\t<div class=\"elementor-element elementor-element-c0c19ad elementor-widget elementor-widget-text-editor\" data-id=\"c0c19ad\" data-element_type=\"widget\" data-widget_type=\"text-editor.default\">\n\t\t\t\t<div class=\"elementor-widget-container\">\n\t\t\t\t\t\t\t\t\t<p><strong>Kancelaria Radcy Prawnego<\/strong><\/p>\t\t\t\t\t\t\t\t<\/div>\n\t\t\t\t<\/div>\n\t\t\t\t\t<\/div>\n\t\t<\/div>\n\t\t\t\t<div class=\"elementor-column elementor-col-25 elementor-top-column elementor-element elementor-element-0bbe06e\" data-id=\"0bbe06e\" data-element_type=\"column\">\n\t\t\t<div class=\"elementor-widget-wrap elementor-element-populated\">\n\t\t\t\t\t\t<div class=\"elementor-element elementor-element-bcb0f76 elementor-widget elementor-widget-text-editor\" data-id=\"bcb0f76\" data-element_type=\"widget\" data-widget_type=\"text-editor.default\">\n\t\t\t\t<div class=\"elementor-widget-container\">\n\t\t\t\t\t\t\t\t\t<p><strong>Ma\u0142gorzata Sikora<\/strong><\/p>\t\t\t\t\t\t\t\t<\/div>\n\t\t\t\t<\/div>\n\t\t\t\t\t<\/div>\n\t\t<\/div>\n\t\t\t\t<div class=\"elementor-column elementor-col-25 elementor-top-column elementor-element elementor-element-3f8e338\" data-id=\"3f8e338\" data-element_type=\"column\">\n\t\t\t<div class=\"elementor-widget-wrap elementor-element-populated\">\n\t\t\t\t\t\t<div class=\"elementor-element elementor-element-4dd7007 elementor-widget elementor-widget-text-editor\" data-id=\"4dd7007\" data-element_type=\"widget\" data-widget_type=\"text-editor.default\">\n\t\t\t\t<div class=\"elementor-widget-container\">\n\t\t\t\t\t\t\t\t\t<p><strong>T: +48 668 24 28 40<\/strong><\/p>\t\t\t\t\t\t\t\t<\/div>\n\t\t\t\t<\/div>\n\t\t\t\t\t<\/div>\n\t\t<\/div>\n\t\t\t\t<div class=\"elementor-column elementor-col-25 elementor-top-column elementor-element elementor-element-ce25a91\" data-id=\"ce25a91\" data-element_type=\"column\">\n\t\t\t<div class=\"elementor-widget-wrap elementor-element-populated\">\n\t\t\t\t\t\t<div class=\"elementor-element elementor-element-c47a5ab elementor-widget elementor-widget-text-editor\" data-id=\"c47a5ab\" data-element_type=\"widget\" data-widget_type=\"text-editor.default\">\n\t\t\t\t<div class=\"elementor-widget-container\">\n\t\t\t\t\t\t\t\t\t<p><strong>e-mail: kancelaria@radcaprawnysikora.pl<\/strong><\/p>\t\t\t\t\t\t\t\t<\/div>\n\t\t\t\t<\/div>\n\t\t\t\t\t<\/div>\n\t\t<\/div>\n\t\t\t\t\t<\/div>\n\t\t<\/section>\n\t\t\t\t<section class=\"elementor-section elementor-top-section elementor-element elementor-element-e122d6e elementor-section-boxed elementor-section-height-default elementor-section-height-default\" data-id=\"e122d6e\" data-element_type=\"section\">\n\t\t\t\t\t\t<div class=\"elementor-container elementor-column-gap-default\">\n\t\t\t\t\t<div class=\"elementor-column elementor-col-100 elementor-top-column elementor-element elementor-element-82739c8\" data-id=\"82739c8\" data-element_type=\"column\">\n\t\t\t<div class=\"elementor-widget-wrap elementor-element-populated\">\n\t\t\t\t\t\t<div class=\"elementor-element elementor-element-ee0d055 elementor-widget elementor-widget-text-editor\" data-id=\"ee0d055\" data-element_type=\"widget\" data-widget_type=\"text-editor.default\">\n\t\t\t\t<div class=\"elementor-widget-container\">\n\t\t\t\t\t\t\t\t\t<p><strong>Odszkodowanie za najem pojazdu zast\u0119pczego<\/strong><\/p>\n<p>Ka\u017cdy Poszkodowany, kt\u00f3rego pojazd zosta\u0142 uszkodzony w wyniku wypadku komunikacyjnego, <strong>mo\u017ce w ramach likwidacji szkody z OC sprawcy korzysta\u0107 z pojazdu zast\u0119pczego<\/strong>, a ubezpieczyciel powinien pokry\u0107 te wydatki.<\/p>\n<p>W praktyce likwidacyjnej ubezpieczyciele jednak zani\u017caj\u0105 stawki za najem pojazdu zast\u0119pczego, a tak\u017ce niezasadnie skracaj\u0105 jego okres.<\/p>\n<p>Dochodz\u0105c odszkodowania nale\u017cy pami\u0119ta\u0107 o <strong>udowodnieniu swojego roszczenia<\/strong>, a wi\u0119c wykazania koszt\u00f3w popartych rachunkami, w tym zasadno\u015bci ekonomicznej ich poniesienia oraz celowo\u015bci korzystania z pojazdu zast\u0119pczego. W kancelarii odszkodowawczej pomagamy odzyska\u0107 odszkodowanie za najem pojazdu zast\u0119pczego.<\/p>\n<p><br><\/p><p><br><\/p><p><br><\/p><p><br><\/p>\n<p><br><\/p>\n<p><br><\/p>\t\t\t\t\t\t\t\t<\/div>\n\t\t\t\t<\/div>\n\t\t\t\t\t<\/div>\n\t\t<\/div>\n\t\t\t\t\t<\/div>\n\t\t<\/section>\n\t\t\t\t<\/div>\n\t\t","protected":false},"excerpt":{"rendered":"<p>Kancelaria Radcy Prawnego Ma\u0142gorzata Sikora T: +48 668 24 28 40 e-mail: kancelaria@radcaprawnysikora.pl Odszkodowanie za najem pojazdu zast\u0119pczego Ka\u017cdy Poszkodowany, kt\u00f3rego pojazd zosta\u0142 uszkodzony w wyniku wypadku komunikacyjnego, mo\u017ce w ramach likwidacji szkody z OC sprawcy korzysta\u0107 z pojazdu zast\u0119pczego, a ubezpieczyciel powinien pokry\u0107 te wydatki. W praktyce likwidacyjnej ubezpieczyciele jednak zani\u017caj\u0105 stawki za najem [&hellip;]<\/p>\n","protected":false},"author":1,"featured_media":0,"parent":0,"menu_order":0,"comment_status":"closed","ping_status":"closed","template":"elementor_header_footer","meta":{"footnotes":""},"class_list":["post-142","page","type-page","status-publish","hentry","entry"],"_links":{"self":[{"href":"http:\/\/radcaprawnysikora.pl\/index.php?rest_route=\/wp\/v2\/pages\/142","targetHints":{"allow":["GET"]}}],"collection":[{"href":"http:\/\/radcaprawnysikora.pl\/index.php?rest_route=\/wp\/v2\/pages"}],"about":[{"href":"http:\/\/radcaprawnysikora.pl\/index.php?rest_route=\/wp\/v2\/types\/page"}],"author":[{"embeddable":true,"href":"http:\/\/radcaprawnysikora.pl\/index.php?rest_route=\/wp\/v2\/users\/1"}],"replies":[{"embeddable":true,"href":"http:\/\/radcaprawnysikora.pl\/index.php?rest_route=%2Fwp%2Fv2%2Fcomments&post=142"}],"version-history":[{"count":11,"href":"http:\/\/radcaprawnysikora.pl\/index.php?rest_route=\/wp\/v2\/pages\/142\/revisions"}],"predecessor-version":[{"id":404,"href":"http:\/\/radcaprawnysikora.pl\/index.php?rest_route=\/wp\/v2\/pages\/142\/revisions\/404"}],"wp:attachment":[{"href":"http:\/\/radcaprawnysikora.pl\/index.php?rest_route=%2Fwp%2Fv2%2Fmedia&parent=142"}],"curies":[{"name":"wp","href":"https:\/\/api.w.org\/{rel}","templated":true}]}}