{"id":122,"date":"2022-01-07T17:53:14","date_gmt":"2022-01-07T16:53:14","guid":{"rendered":"http:\/\/radcaprawnysikora.pl\/?page_id=122"},"modified":"2022-05-08T19:13:54","modified_gmt":"2022-05-08T17:13:54","slug":"oblodzony-chodnik-odpowiedzialnosc-i-odszkodowanie","status":"publish","type":"page","link":"http:\/\/radcaprawnysikora.pl\/?page_id=122","title":{"rendered":"Oblodzony chodnik &#8211; odpowiedzialno\u015b\u0107 i odszkodowanie"},"content":{"rendered":"\t\t<div data-elementor-type=\"wp-page\" data-elementor-id=\"122\" class=\"elementor elementor-122\">\n\t\t\t\t\t\t<section class=\"elementor-section elementor-top-section elementor-element elementor-element-3e07009 elementor-section-boxed elementor-section-height-default elementor-section-height-default\" data-id=\"3e07009\" data-element_type=\"section\">\n\t\t\t\t\t\t<div class=\"elementor-container elementor-column-gap-default\">\n\t\t\t\t\t<div class=\"elementor-column elementor-col-33 elementor-top-column elementor-element elementor-element-190333e\" data-id=\"190333e\" data-element_type=\"column\">\n\t\t\t<div class=\"elementor-widget-wrap elementor-element-populated\">\n\t\t\t\t\t\t<div class=\"elementor-element elementor-element-55e9c05 elementor-widget elementor-widget-text-editor\" data-id=\"55e9c05\" data-element_type=\"widget\" data-widget_type=\"text-editor.default\">\n\t\t\t\t<div class=\"elementor-widget-container\">\n\t\t\t\t\t\t\t\t\t<p><strong>Kancelaria Radcy Prawnego<\/strong><\/p><p><strong> Ma\u0142gorzata Sikora<\/strong><\/p>\t\t\t\t\t\t\t\t<\/div>\n\t\t\t\t<\/div>\n\t\t\t\t\t<\/div>\n\t\t<\/div>\n\t\t\t\t<div class=\"elementor-column elementor-col-33 elementor-top-column elementor-element elementor-element-2c22b57\" data-id=\"2c22b57\" data-element_type=\"column\">\n\t\t\t<div class=\"elementor-widget-wrap elementor-element-populated\">\n\t\t\t\t\t\t<div class=\"elementor-element elementor-element-7b9f089 elementor-widget elementor-widget-text-editor\" data-id=\"7b9f089\" data-element_type=\"widget\" data-widget_type=\"text-editor.default\">\n\t\t\t\t<div class=\"elementor-widget-container\">\n\t\t\t\t\t\t\t\t\t<p><strong>T: +48 668 24 28 40<\/strong><\/p>\t\t\t\t\t\t\t\t<\/div>\n\t\t\t\t<\/div>\n\t\t\t\t\t<\/div>\n\t\t<\/div>\n\t\t\t\t<div class=\"elementor-column elementor-col-33 elementor-top-column elementor-element elementor-element-c90b52c\" data-id=\"c90b52c\" data-element_type=\"column\">\n\t\t\t<div class=\"elementor-widget-wrap elementor-element-populated\">\n\t\t\t\t\t\t<div class=\"elementor-element elementor-element-7cf340c elementor-widget elementor-widget-text-editor\" data-id=\"7cf340c\" data-element_type=\"widget\" data-widget_type=\"text-editor.default\">\n\t\t\t\t<div class=\"elementor-widget-container\">\n\t\t\t\t\t\t\t\t\t<p><strong>e-mail: kancelaria@radcaprawnysikora.pl<\/strong><\/p>\t\t\t\t\t\t\t\t<\/div>\n\t\t\t\t<\/div>\n\t\t\t\t\t<\/div>\n\t\t<\/div>\n\t\t\t\t\t<\/div>\n\t\t<\/section>\n\t\t\t\t<section class=\"elementor-section elementor-top-section elementor-element elementor-element-fc58c23 elementor-section-boxed elementor-section-height-default elementor-section-height-default\" data-id=\"fc58c23\" data-element_type=\"section\">\n\t\t\t\t\t\t<div class=\"elementor-container elementor-column-gap-default\">\n\t\t\t\t\t<div class=\"elementor-column elementor-col-50 elementor-top-column elementor-element elementor-element-3a2cc95\" data-id=\"3a2cc95\" data-element_type=\"column\">\n\t\t\t<div class=\"elementor-widget-wrap elementor-element-populated\">\n\t\t\t\t\t\t<div class=\"elementor-element elementor-element-f6620c2 elementor-widget elementor-widget-text-editor\" data-id=\"f6620c2\" data-element_type=\"widget\" data-widget_type=\"text-editor.default\">\n\t\t\t\t<div class=\"elementor-widget-container\">\n\t\t\t\t\t\t\t\t\t<p><strong>Zima lubi zaskakiwa\u0107 <\/strong>nie tylko kierowc\u00f3w. Zaskoczeni s\u0105 tak\u017ce piesi, kt\u00f3rzy id\u0105c po chodniku w jednej chwili ulegaj\u0105 po\u015blizgni\u0119ciu i ca\u0142ym ci\u0119\u017carem upadaj\u0105 na oblodzon\u0105 nawierzchni\u0119. W najl\u017cejszym wypadku mo\u017cna dozna\u0107 lekkiego urazu tkanek mi\u0119kkich czy skr\u0119cenia nadgarstka, przy ci\u0119\u017ckim urazie zdarzaj\u0105 si\u0119 z\u0142amania r\u0119ki czy nogi, p\u0119kni\u0119cia czy wielood\u0142amowe z\u0142amania ko\u015bci, a nawet inne powa\u017cniejsze urazy\u2026 Kolejnym zaskoczonym jest w\u0142a\u015bciciel posesji, przy kt\u00f3rej dosz\u0142o do po\u015blizgni\u0119cia, kiedy otrzymuje wezwanie do zap\u0142aty odszkodowania.<\/p>\t\t\t\t\t\t\t\t<\/div>\n\t\t\t\t<\/div>\n\t\t\t\t\t<\/div>\n\t\t<\/div>\n\t\t\t\t<div class=\"elementor-column elementor-col-50 elementor-top-column elementor-element elementor-element-33cccaf\" data-id=\"33cccaf\" data-element_type=\"column\">\n\t\t\t<div class=\"elementor-widget-wrap elementor-element-populated\">\n\t\t\t\t\t\t<div class=\"elementor-element elementor-element-cbf8f41 elementor-widget elementor-widget-text-editor\" data-id=\"cbf8f41\" data-element_type=\"widget\" data-widget_type=\"text-editor.default\">\n\t\t\t\t<div class=\"elementor-widget-container\">\n\t\t\t\t\t\t\t\t\t<p><strong>Co zrobi\u0107, aby unikn\u0105\u0107 takich sytuacji albo zminimalizowa\u0107 ryzyko?<\/strong><\/p><p>Po pierwsze \u2013 w ziemie nale\u017cy nosi\u0107 odpowiednie obuwie i zachowa\u0107 ostro\u017cno\u015b\u0107. Scrollowanie telefonu, p\u0142aska podeszwa czy szpilki na pewno nie pomog\u0105 utrzyma\u0107 r\u00f3wnowagi, a w razie szkody, mog\u0105 nawet zosta\u0107 uznane jako jedna z przyczyn upadku, co mo\u017ce spowodowa\u0107 pomniejszenie nale\u017cnego odszkodowania.<\/p><p>Po drugie \u2013 w\u0142a\u015bciciel posesji powinien systematycznie dba\u0107 o od\u015bnie\u017cenie s\u0105siaduj\u0105cego chodnika.<\/p><p>Po trzecie \u2013 w\u0142a\u015bciciel posesji powinien mie\u0107 wykupion\u0105 polis\u0119 odpowiedzialno\u015bci cywilnej, kt\u00f3ra ju\u017c jako standard powinna by\u0107 dodawana przy ubezpieczeniu budynku.<\/p>\t\t\t\t\t\t\t\t<\/div>\n\t\t\t\t<\/div>\n\t\t\t\t\t<\/div>\n\t\t<\/div>\n\t\t\t\t\t<\/div>\n\t\t<\/section>\n\t\t\t\t<section class=\"elementor-section elementor-top-section elementor-element elementor-element-9bda962 elementor-section-boxed elementor-section-height-default elementor-section-height-default\" data-id=\"9bda962\" data-element_type=\"section\">\n\t\t\t\t\t\t<div class=\"elementor-container elementor-column-gap-default\">\n\t\t\t\t\t<div class=\"elementor-column elementor-col-50 elementor-top-column elementor-element elementor-element-bf28c7c\" data-id=\"bf28c7c\" data-element_type=\"column\">\n\t\t\t<div class=\"elementor-widget-wrap elementor-element-populated\">\n\t\t\t\t\t\t<div class=\"elementor-element elementor-element-44e0a99 elementor-widget elementor-widget-text-editor\" data-id=\"44e0a99\" data-element_type=\"widget\" data-widget_type=\"text-editor.default\">\n\t\t\t\t<div class=\"elementor-widget-container\">\n\t\t\t\t\t\t\t\t\t<p><strong>Co na to prawo?<\/strong><\/p><p>Zasady utrzymania porz\u0105dku i odpowiedzialno\u015bci za jego utrzymanie okre\u015blaj\u0105 ustawa o utrzymaniu czysto\u015bci i porz\u0105dku w gminie oraz kodeks cywilny.<\/p><p>Gmina jest zobowi\u0105zana do utrzymania czysto\u015bci na ulicach, placach i terenach otwartych poprzez zbieranie b\u0142ota, \u015bniegu i lodu oraz innych zanieczyszcze\u0144 uprz\u0105tni\u0119tych z chodnik\u00f3w przez w\u0142a\u015bcicieli nieruchomo\u015bci.<\/p><ol><li>W\u0142a\u015bciciele nieruchomo\u015bci zobowi\u0105zani s\u0105 do uprz\u0105tni\u0119cia b\u0142ota, \u015bniegu i lodu oraz innych zanieczyszcze\u0144 z chodnik\u00f3w po\u0142o\u017conych wzd\u0142u\u017c nieruchomo\u015bci, przy czym za taki chodnik uznaje si\u0119 wydzielon\u0105 cz\u0119\u015b\u0107 drogi publicznej s\u0142u\u017c\u0105c\u0105 dla ruchu pieszego po\u0142o\u017con\u0105 bezpo\u015brednio przy granicy nieruchomo\u015bci; w\u0142a\u015bciciel nieruchomo\u015bci nie jest obowi\u0105zany do uprz\u0105tni\u0119cia chodnika, na kt\u00f3rym jest dopuszczony p\u0142atny post\u00f3j lub parkowanie pojazd\u00f3w samochodowych.<\/li><li>Na terenie budowy obowi\u0105zki te nale\u017c\u0105 do wykonawc\u00f3w rob\u00f3t.<\/li><li>Uprz\u0105tni\u0119cie i pozbycie si\u0119 b\u0142ota, \u015bniegu, lodu i innych zanieczyszcze\u0144 z wydzielonych kraw\u0119\u017cnikiem lub oznakowaniem poziomym torowisk pojazd\u00f3w szynowych, znajduj\u0105cych si\u0119 na terenie gminy, nale\u017cy do obowi\u0105zk\u00f3w przedsi\u0119biorc\u00f3w u\u017cytkuj\u0105cych te torowiska.<\/li><li>Obowi\u0105zki utrzymania czysto\u015bci i porz\u0105dku na drogach publicznych nale\u017c\u0105 do zarz\u0105du drogi. Do obowi\u0105zk\u00f3w zarz\u0105du drogi nale\u017cy m.in. uprz\u0105tni\u0119cie i pozbycie si\u0119 b\u0142ota, \u015bniegu, lodu i innych zanieczyszcze\u0144 z chodnik\u00f3w, je\u017celi zarz\u0105d drogi pobiera op\u0142aty z tytu\u0142u postoju lub parkowania pojazd\u00f3w samochodowych na takim chodniku.<\/li><\/ol><p>Obowi\u0105zki utrzymania czysto\u015bci i porz\u0105dku na terenach innych ni\u017c wymienione w punktach 1\u20134 nale\u017c\u0105 do gminy. Do obowi\u0105zk\u00f3w gminy nale\u017cy tak\u017ce uprz\u0105tni\u0119cie i pozbycie si\u0119 b\u0142ota, \u015bniegu, lodu i innych zanieczyszcze\u0144 z chodnik\u00f3w, je\u017celi gmina pobiera op\u0142aty z tytu\u0142u postoju lub parkowania pojazd\u00f3w samochodowych na takim chodniku.<\/p><p>Co wa\u017cne \u2013 nad realizacj\u0105 powy\u017cszych obowi\u0105zk\u00f3w nadz\u00f3r sprawuje w\u00f3jt, burmistrz, prezydent miasta.<\/p>\t\t\t\t\t\t\t\t<\/div>\n\t\t\t\t<\/div>\n\t\t\t\t\t<\/div>\n\t\t<\/div>\n\t\t\t\t<div class=\"elementor-column elementor-col-50 elementor-top-column elementor-element elementor-element-15347fb\" data-id=\"15347fb\" data-element_type=\"column\">\n\t\t\t<div class=\"elementor-widget-wrap elementor-element-populated\">\n\t\t\t\t\t\t<div class=\"elementor-element elementor-element-3d49e37 elementor-widget elementor-widget-text-editor\" data-id=\"3d49e37\" data-element_type=\"widget\" data-widget_type=\"text-editor.default\">\n\t\t\t\t<div class=\"elementor-widget-container\">\n\t\t\t\t\t\t\t\t\t<p><strong>Jak wygl\u0105da praktyka orzecznicza? <\/strong><\/p><p>W 2017 r. Sad Najwy\u017cszy (III CZP 38\/17) wskaza\u0142, \u017ce gmina ponosi odpowiedzialno\u015b\u0107 za szkod\u0119 wynikaj\u0105c\u0105 z nieuprz\u0105tni\u0119cia b\u0142ota, \u015bniegu, lodu i innych zanieczyszcze\u0144 z chodnik\u00f3w po\u0142o\u017conych wzd\u0142u\u017c nieruchomo\u015bci, w sytuacji nienale\u017cytego sprawowania nadzoru nad wykonaniem przez w\u0142a\u015bciciela obowi\u0105zku wynikaj\u0105cego z art. 5 ust. 1 pkt. 4 ustawy z dnia 13 wrze\u015bnia 1996 r. o utrzymaniu czysto\u015bci i porz\u0105dku w gminach (t.j. Dz.U. z 2017 r. poz. 1289).<\/p><p>Oznacza to, \u017ce wprawdzie obowi\u0105zek utrzymania czysto\u015bci spoczywa na w\u0142a\u015bcicielu posesji s\u0105siaduj\u0105cej z chodnikiem, ale to gmina ma obowi\u0105zek sprawowa\u0107 nadz\u00f3r nad nale\u017cytym realizowaniem tego obowi\u0105zku. Je\u015bli Gmina nie b\u0119dzie w stanie wykaza\u0107, i\u017c zado\u015b\u0107uczyni\u0142a swojemu obowi\u0105zkowi, to ona b\u0119dzie ponosi\u0142a odpowiedzialno\u015b\u0107 za szkod\u0119 wynik\u0142\u0105 z niezrealizowania tej powinno\u015bci.<\/p><p>Mniej korzystny dla poszkodowanych, a korzystniejszy dla w\u0142a\u015bcicieli, jest wyrok S\u0105du Najwy\u017cszego (III CSK 356\/16) , w kt\u00f3rym wskazano, \u017ce w warunkach odwil\u017cy w okresie zimy, w nocy, w czasie opadu atmosferycznego nie spos\u00f3b oczekiwa\u0107 od w\u0142a\u015bciciela nieruchomo\u015bci przylegaj\u0105cej do chodnika, aby w spos\u00f3b nieprzerwany, permanentny zapewnia\u0142 uprz\u0105tni\u0119cie b\u0142ota, \u015bniegu i lodu. Przepisy ustawy o utrzymaniu czysto\u015bci i porz\u0105dku w gminach nie okre\u015blaj\u0105 cz\u0119stotliwo\u015bci wykonywania tych czynno\u015bci. W\u0142a\u015bciciel nieruchomo\u015bci dochowa wi\u0119c nale\u017cytej staranno\u015bci w tym wzgl\u0119dzie, je\u015bli czynno\u015bci te by\u0142y przez niego rzeczywi\u015bcie wykonywane w spos\u00f3b periodyczny, cho\u0107 efekt tych czynno\u015bci nie by\u0142 trwa\u0142y.<\/p>\t\t\t\t\t\t\t\t<\/div>\n\t\t\t\t<\/div>\n\t\t\t\t\t<\/div>\n\t\t<\/div>\n\t\t\t\t\t<\/div>\n\t\t<\/section>\n\t\t\t\t<section class=\"elementor-section elementor-top-section elementor-element elementor-element-d8d9429 elementor-section-boxed elementor-section-height-default elementor-section-height-default\" data-id=\"d8d9429\" data-element_type=\"section\">\n\t\t\t\t\t\t<div class=\"elementor-container elementor-column-gap-default\">\n\t\t\t\t\t<div class=\"elementor-column elementor-col-100 elementor-top-column elementor-element elementor-element-5b94ee1\" data-id=\"5b94ee1\" data-element_type=\"column\">\n\t\t\t<div class=\"elementor-widget-wrap elementor-element-populated\">\n\t\t\t\t\t\t<div class=\"elementor-element elementor-element-a61a71f elementor-widget elementor-widget-text-editor\" data-id=\"a61a71f\" data-element_type=\"widget\" data-widget_type=\"text-editor.default\">\n\t\t\t\t<div class=\"elementor-widget-container\">\n\t\t\t\t\t\t\t\t\t<p>Niezale\u017cnie od stanowiska s\u0105d\u00f3w trzeba pami\u0119ta\u0107 o bezpiecze\u0144stwie swoim oraz innych os\u00f3b. W ka\u017cdej chwili mo\u017cemy po\u015blizgn\u0105\u0107 si\u0119 na oblodzonym chodniku, jak i kto\u015b inny mo\u017ce po\u015blizgn\u0105\u0107 si\u0119 tu\u017c ko\u0142o naszego domu. \u017baden uraz nie nale\u017cy do przyjemnych, a likwidacja takiej szkody \u0142\u0105czy z dodatkowymi komplikacjami.<\/p><p>Dochodzenie odszkodowania za uraz doznany w wyniku po\u015blizgni\u0119cia jest nieco trudniejsze ni\u017c likwidacja szkody z OC komunikacyjnego, poniewa\u017c w pierwszej kolejno\u015bci nale\u017cy ustali\u0107 zobowi\u0105zanego do naprawienia szkody oraz wykaza\u0107 jego win\u0119. Ustalenie zwi\u0105zku przyczynowego pomi\u0119dzy zawinieniem oraz doznan\u0105 szkod\u0105 mo\u017ce by\u0107 utrudnione dowodowo, dlatego nale\u017cy pami\u0119ta\u0107, aby tu\u017c po upadku zadba\u0107 o \u015bwiadk\u00f3w zdarzenia oraz zrobi\u0107 zdj\u0119cia oblodzonej nawierzchni.<\/p><p>W najlepszym wypadku szkoda zostanie zlikwidowana z OC w\u0142a\u015bciciela nieruchomo\u015bci, w najgorszym \u2013 ustalenie odpowiedzialno\u015bci nast\u0105pi na drodze s\u0105dowej, a odszkodowanie b\u0119dzie p\u0142atne z maj\u0105tku prywatnego sprawcy.<\/p>\t\t\t\t\t\t\t\t<\/div>\n\t\t\t\t<\/div>\n\t\t\t\t\t<\/div>\n\t\t<\/div>\n\t\t\t\t\t<\/div>\n\t\t<\/section>\n\t\t\t\t<\/div>\n\t\t","protected":false},"excerpt":{"rendered":"<p>Kancelaria Radcy Prawnego Ma\u0142gorzata Sikora T: +48 668 24 28 40 e-mail: kancelaria@radcaprawnysikora.pl Zima lubi zaskakiwa\u0107 nie tylko kierowc\u00f3w. Zaskoczeni s\u0105 tak\u017ce piesi, kt\u00f3rzy id\u0105c po chodniku w jednej chwili ulegaj\u0105 po\u015blizgni\u0119ciu i ca\u0142ym ci\u0119\u017carem upadaj\u0105 na oblodzon\u0105 nawierzchni\u0119. W najl\u017cejszym wypadku mo\u017cna dozna\u0107 lekkiego urazu tkanek mi\u0119kkich czy skr\u0119cenia nadgarstka, przy ci\u0119\u017ckim urazie zdarzaj\u0105 [&hellip;]<\/p>\n","protected":false},"author":1,"featured_media":0,"parent":0,"menu_order":0,"comment_status":"closed","ping_status":"closed","template":"elementor_header_footer","meta":{"footnotes":""},"class_list":["post-122","page","type-page","status-publish","hentry","entry"],"_links":{"self":[{"href":"http:\/\/radcaprawnysikora.pl\/index.php?rest_route=\/wp\/v2\/pages\/122","targetHints":{"allow":["GET"]}}],"collection":[{"href":"http:\/\/radcaprawnysikora.pl\/index.php?rest_route=\/wp\/v2\/pages"}],"about":[{"href":"http:\/\/radcaprawnysikora.pl\/index.php?rest_route=\/wp\/v2\/types\/page"}],"author":[{"embeddable":true,"href":"http:\/\/radcaprawnysikora.pl\/index.php?rest_route=\/wp\/v2\/users\/1"}],"replies":[{"embeddable":true,"href":"http:\/\/radcaprawnysikora.pl\/index.php?rest_route=%2Fwp%2Fv2%2Fcomments&post=122"}],"version-history":[{"count":13,"href":"http:\/\/radcaprawnysikora.pl\/index.php?rest_route=\/wp\/v2\/pages\/122\/revisions"}],"predecessor-version":[{"id":338,"href":"http:\/\/radcaprawnysikora.pl\/index.php?rest_route=\/wp\/v2\/pages\/122\/revisions\/338"}],"wp:attachment":[{"href":"http:\/\/radcaprawnysikora.pl\/index.php?rest_route=%2Fwp%2Fv2%2Fmedia&parent=122"}],"curies":[{"name":"wp","href":"https:\/\/api.w.org\/{rel}","templated":true}]}}