{"id":108,"date":"2022-01-07T17:48:02","date_gmt":"2022-01-07T16:48:02","guid":{"rendered":"http:\/\/radcaprawnysikora.pl\/?page_id=108"},"modified":"2022-05-09T13:23:24","modified_gmt":"2022-05-09T11:23:24","slug":"utracone-zarobki","status":"publish","type":"page","link":"http:\/\/radcaprawnysikora.pl\/?page_id=108","title":{"rendered":"Utracone zarobki"},"content":{"rendered":"\t\t<div data-elementor-type=\"wp-page\" data-elementor-id=\"108\" class=\"elementor elementor-108\">\n\t\t\t\t\t\t<section class=\"elementor-section elementor-top-section elementor-element elementor-element-b0d3394 elementor-section-boxed elementor-section-height-default elementor-section-height-default\" data-id=\"b0d3394\" data-element_type=\"section\">\n\t\t\t\t\t\t<div class=\"elementor-container elementor-column-gap-default\">\n\t\t\t\t\t<div class=\"elementor-column elementor-col-25 elementor-top-column elementor-element elementor-element-83a86ed\" data-id=\"83a86ed\" data-element_type=\"column\">\n\t\t\t<div class=\"elementor-widget-wrap elementor-element-populated\">\n\t\t\t\t\t\t<div class=\"elementor-element elementor-element-38b5e6e elementor-widget elementor-widget-text-editor\" data-id=\"38b5e6e\" data-element_type=\"widget\" data-widget_type=\"text-editor.default\">\n\t\t\t\t<div class=\"elementor-widget-container\">\n\t\t\t\t\t\t\t\t\t<p><strong>Kancelaria Radcy Prawnego<\/strong><\/p>\t\t\t\t\t\t\t\t<\/div>\n\t\t\t\t<\/div>\n\t\t\t\t\t<\/div>\n\t\t<\/div>\n\t\t\t\t<div class=\"elementor-column elementor-col-25 elementor-top-column elementor-element elementor-element-38d56d7\" data-id=\"38d56d7\" data-element_type=\"column\">\n\t\t\t<div class=\"elementor-widget-wrap elementor-element-populated\">\n\t\t\t\t\t\t<div class=\"elementor-element elementor-element-76a68fc elementor-widget elementor-widget-text-editor\" data-id=\"76a68fc\" data-element_type=\"widget\" data-widget_type=\"text-editor.default\">\n\t\t\t\t<div class=\"elementor-widget-container\">\n\t\t\t\t\t\t\t\t\t<p><strong>Ma\u0142gorzata Sikora<\/strong><\/p>\t\t\t\t\t\t\t\t<\/div>\n\t\t\t\t<\/div>\n\t\t\t\t\t<\/div>\n\t\t<\/div>\n\t\t\t\t<div class=\"elementor-column elementor-col-25 elementor-top-column elementor-element elementor-element-81922e0\" data-id=\"81922e0\" data-element_type=\"column\">\n\t\t\t<div class=\"elementor-widget-wrap elementor-element-populated\">\n\t\t\t\t\t\t<div class=\"elementor-element elementor-element-20d2ee7 elementor-widget elementor-widget-text-editor\" data-id=\"20d2ee7\" data-element_type=\"widget\" data-widget_type=\"text-editor.default\">\n\t\t\t\t<div class=\"elementor-widget-container\">\n\t\t\t\t\t\t\t\t\t<p><strong>T: +48 668 24 28 40<\/strong><\/p>\t\t\t\t\t\t\t\t<\/div>\n\t\t\t\t<\/div>\n\t\t\t\t\t<\/div>\n\t\t<\/div>\n\t\t\t\t<div class=\"elementor-column elementor-col-25 elementor-top-column elementor-element elementor-element-966b01b\" data-id=\"966b01b\" data-element_type=\"column\">\n\t\t\t<div class=\"elementor-widget-wrap elementor-element-populated\">\n\t\t\t\t\t\t<div class=\"elementor-element elementor-element-4ea20d1 elementor-widget elementor-widget-text-editor\" data-id=\"4ea20d1\" data-element_type=\"widget\" data-widget_type=\"text-editor.default\">\n\t\t\t\t<div class=\"elementor-widget-container\">\n\t\t\t\t\t\t\t\t\t<p><strong>e-mail: kancelaria@radcaprawnysikora.pl<\/strong><\/p>\t\t\t\t\t\t\t\t<\/div>\n\t\t\t\t<\/div>\n\t\t\t\t\t<\/div>\n\t\t<\/div>\n\t\t\t\t\t<\/div>\n\t\t<\/section>\n\t\t\t\t<section class=\"elementor-section elementor-top-section elementor-element elementor-element-84a7491 elementor-section-boxed elementor-section-height-default elementor-section-height-default\" data-id=\"84a7491\" data-element_type=\"section\">\n\t\t\t\t\t\t<div class=\"elementor-container elementor-column-gap-default\">\n\t\t\t\t\t<div class=\"elementor-column elementor-col-100 elementor-top-column elementor-element elementor-element-aace2d3\" data-id=\"aace2d3\" data-element_type=\"column\">\n\t\t\t<div class=\"elementor-widget-wrap elementor-element-populated\">\n\t\t\t\t\t\t<div class=\"elementor-element elementor-element-51694e0 elementor-widget elementor-widget-text-editor\" data-id=\"51694e0\" data-element_type=\"widget\" data-widget_type=\"text-editor.default\">\n\t\t\t\t<div class=\"elementor-widget-container\">\n\t\t\t\t\t\t\t\t\t<p><strong>Utracone zarobki<\/strong><\/p>\n<p>Wypadki, w kt\u00f3rych Poszkodowani doznaj\u0105 uszczerbku na zdrowiu nios\u0105 ze sob\u0105 wiele negatywnych konsekwencji, nie tylko dla zdrowia, ale tak\u017ce w postaci ujemnych nast\u0119pstw finansowych. Na pierwszym planie pojawiaj\u0105 si\u0119 koszty leczenia i rehabilitacji, a zaraz potem okazuje si\u0119, \u017ce niemo\u017cno\u015b\u0107 wykonania pracy niesie ze sob\u0105 kolejn\u0105 uci\u0105\u017cliwo\u015b\u0107, jak\u0105 jest obni\u017cenie czy utrata mo\u017cliwo\u015bci zarobkowych. Dotyka to nie tylko Poszkodowanego, ale i ca\u0142\u0105 jego rodzin\u0119, kt\u00f3ra odczuwa te konsekwencje w bud\u017cecie domowym. Poszkodowany b\u0119d\u0105cy pracownikiem otrzymuje zasi\u0142ki, kt\u00f3re s\u0105 ni\u017csze od dotychczasowego wynagrodzenia, a osoba prowadz\u0105ca dzia\u0142alno\u015b\u0107 gospodarcz\u0105 lub wykonuj\u0105ca prac\u0119 na podstawie um\u00f3w cywilnoprawnych nie ma mo\u017cliwo\u015bci wykonania przyj\u0119tych zlece\u0144.<\/p>\n<p>Niemo\u017cno\u015b\u0107 wykonania pracy przez Poszkodowanego skutkuje obni\u017ceniem jego mo\u017cliwo\u015bci zarobkowych, dlatego mo\u017ce on domaga\u0107 si\u0119 <strong>wyr\u00f3wnania utraconego zarobku<\/strong>. Roszczenie to popiera si\u0119 dokumentacj\u0105, na podstawie kt\u00f3rej mo\u017cliwe jest wyliczenie utraconego dochodu, uzasadnienie wysoko\u015bci poniesionej straty i uprawdopodobnienie mo\u017cliwo\u015bci zarobkowych.<\/p><p><br><\/p><p><br><\/p><p><br><\/p>\t\t\t\t\t\t\t\t<\/div>\n\t\t\t\t<\/div>\n\t\t\t\t\t<\/div>\n\t\t<\/div>\n\t\t\t\t\t<\/div>\n\t\t<\/section>\n\t\t\t\t<\/div>\n\t\t","protected":false},"excerpt":{"rendered":"<p>Kancelaria Radcy Prawnego Ma\u0142gorzata Sikora T: +48 668 24 28 40 e-mail: kancelaria@radcaprawnysikora.pl Utracone zarobki Wypadki, w kt\u00f3rych Poszkodowani doznaj\u0105 uszczerbku na zdrowiu nios\u0105 ze sob\u0105 wiele negatywnych konsekwencji, nie tylko dla zdrowia, ale tak\u017ce w postaci ujemnych nast\u0119pstw finansowych. Na pierwszym planie pojawiaj\u0105 si\u0119 koszty leczenia i rehabilitacji, a zaraz potem okazuje si\u0119, \u017ce [&hellip;]<\/p>\n","protected":false},"author":1,"featured_media":0,"parent":0,"menu_order":0,"comment_status":"closed","ping_status":"closed","template":"elementor_header_footer","meta":{"footnotes":""},"class_list":["post-108","page","type-page","status-publish","hentry","entry"],"_links":{"self":[{"href":"http:\/\/radcaprawnysikora.pl\/index.php?rest_route=\/wp\/v2\/pages\/108","targetHints":{"allow":["GET"]}}],"collection":[{"href":"http:\/\/radcaprawnysikora.pl\/index.php?rest_route=\/wp\/v2\/pages"}],"about":[{"href":"http:\/\/radcaprawnysikora.pl\/index.php?rest_route=\/wp\/v2\/types\/page"}],"author":[{"embeddable":true,"href":"http:\/\/radcaprawnysikora.pl\/index.php?rest_route=\/wp\/v2\/users\/1"}],"replies":[{"embeddable":true,"href":"http:\/\/radcaprawnysikora.pl\/index.php?rest_route=%2Fwp%2Fv2%2Fcomments&post=108"}],"version-history":[{"count":17,"href":"http:\/\/radcaprawnysikora.pl\/index.php?rest_route=\/wp\/v2\/pages\/108\/revisions"}],"predecessor-version":[{"id":389,"href":"http:\/\/radcaprawnysikora.pl\/index.php?rest_route=\/wp\/v2\/pages\/108\/revisions\/389"}],"wp:attachment":[{"href":"http:\/\/radcaprawnysikora.pl\/index.php?rest_route=%2Fwp%2Fv2%2Fmedia&parent=108"}],"curies":[{"name":"wp","href":"https:\/\/api.w.org\/{rel}","templated":true}]}}